{"id":5974,"date":"2025-04-04T16:45:11","date_gmt":"2025-04-04T14:45:11","guid":{"rendered":"https:\/\/terauchi-prague.com\/?page_id=5974"},"modified":"2025-04-04T17:22:36","modified_gmt":"2025-04-04T15:22:36","slug":"e-program","status":"publish","type":"page","link":"https:\/\/terauchi-prague.com\/cs\/e-program","title":{"rendered":"E-program"},"content":{"rendered":"\t\t<div data-elementor-type=\"wp-page\" data-elementor-id=\"5974\" class=\"elementor elementor-5974\" data-elementor-post-type=\"page\">\n\t\t\t\t<div class=\"elementor-element elementor-element-152acf3 section--single e-flex e-con-boxed e-con e-parent\" data-id=\"152acf3\" data-element_type=\"container\" data-e-type=\"container\">\n\t\t\t\t\t<div class=\"e-con-inner\">\n\t\t\t\t\t<\/div>\n\t\t\t\t<\/div>\n\t\t\t\t<\/div>\n\t\t","protected":false},"excerpt":{"rendered":"","protected":false},"author":2,"featured_media":0,"parent":0,"menu_order":0,"comment_status":"closed","ping_status":"closed","template":"","meta":{"_acf_changed":false,"footnotes":""},"class_list":["post-5974","page","type-page","status-publish","hentry"],"acf":[],"yoast_head":"<!-- This site is optimized with the Yoast SEO plugin v27.5 - https:\/\/yoast.com\/product\/yoast-seo-wordpress\/ -->\n<title>E-program - Terauchi Prague<\/title>\n<meta name=\"robots\" content=\"index, follow, max-snippet:-1, max-image-preview:large, max-video-preview:-1\" \/>\n<link rel=\"canonical\" href=\"https:\/\/terauchi-prague.com\/cs\/e-program\" \/>\n<meta property=\"og:locale\" content=\"cs_CZ\" \/>\n<meta property=\"og:type\" content=\"article\" \/>\n<meta property=\"og:title\" content=\"E-program - Terauchi Prague\" \/>\n<meta property=\"og:url\" content=\"https:\/\/terauchi-prague.com\/cs\/e-program\" \/>\n<meta property=\"og:site_name\" content=\"Terauchi Prague\" \/>\n<meta property=\"article:modified_time\" content=\"2025-04-04T15:22:36+00:00\" \/>\n<meta name=\"twitter:card\" content=\"summary_large_image\" \/>\n<meta name=\"twitter:label1\" content=\"Odhadovan\u00e1 doba \u010dten\u00ed\" \/>\n\t<meta name=\"twitter:data1\" content=\"1 minuta\" \/>\n<script type=\"application\/ld+json\" class=\"yoast-schema-graph\">{\"@context\":\"https:\\\/\\\/schema.org\",\"@graph\":[{\"@type\":\"WebPage\",\"@id\":\"https:\\\/\\\/terauchi-prague.com\\\/cs\\\/e-program\",\"url\":\"https:\\\/\\\/terauchi-prague.com\\\/cs\\\/e-program\",\"name\":\"E-program - Terauchi Prague\",\"isPartOf\":{\"@id\":\"https:\\\/\\\/terauchi-prague.com\\\/#website\"},\"datePublished\":\"2025-04-04T14:45:11+00:00\",\"dateModified\":\"2025-04-04T15:22:36+00:00\",\"breadcrumb\":{\"@id\":\"https:\\\/\\\/terauchi-prague.com\\\/cs\\\/e-program#breadcrumb\"},\"inLanguage\":\"cs\",\"potentialAction\":[{\"@type\":\"ReadAction\",\"target\":[\"https:\\\/\\\/terauchi-prague.com\\\/cs\\\/e-program\"]}]},{\"@type\":\"BreadcrumbList\",\"@id\":\"https:\\\/\\\/terauchi-prague.com\\\/cs\\\/e-program#breadcrumb\",\"itemListElement\":[{\"@type\":\"ListItem\",\"position\":1,\"name\":\"Dom\u016f\",\"item\":\"https:\\\/\\\/terauchi-prague.com\\\/cs\"},{\"@type\":\"ListItem\",\"position\":2,\"name\":\"E-program\"}]},{\"@type\":\"WebSite\",\"@id\":\"https:\\\/\\\/terauchi-prague.com\\\/#website\",\"url\":\"https:\\\/\\\/terauchi-prague.com\\\/\",\"name\":\"Terauchi Prague\",\"description\":\"\",\"publisher\":{\"@id\":\"https:\\\/\\\/terauchi-prague.com\\\/#organization\"},\"potentialAction\":[{\"@type\":\"SearchAction\",\"target\":{\"@type\":\"EntryPoint\",\"urlTemplate\":\"https:\\\/\\\/terauchi-prague.com\\\/?s={search_term_string}\"},\"query-input\":{\"@type\":\"PropertyValueSpecification\",\"valueRequired\":true,\"valueName\":\"search_term_string\"}}],\"inLanguage\":\"cs\"},{\"@type\":\"Organization\",\"@id\":\"https:\\\/\\\/terauchi-prague.com\\\/#organization\",\"name\":\"Terauchi Prague\",\"url\":\"https:\\\/\\\/terauchi-prague.com\\\/\",\"logo\":{\"@type\":\"ImageObject\",\"inLanguage\":\"cs\",\"@id\":\"https:\\\/\\\/terauchi-prague.com\\\/#\\\/schema\\\/logo\\\/image\\\/\",\"url\":\"https:\\\/\\\/terauchi-prague.com\\\/wp-content\\\/uploads\\\/2024\\\/07\\\/LOGO.svg\",\"contentUrl\":\"https:\\\/\\\/terauchi-prague.com\\\/wp-content\\\/uploads\\\/2024\\\/07\\\/LOGO.svg\",\"width\":80,\"height\":80,\"caption\":\"Terauchi Prague\"},\"image\":{\"@id\":\"https:\\\/\\\/terauchi-prague.com\\\/#\\\/schema\\\/logo\\\/image\\\/\"}}]}<\/script>\n<!-- \/ Yoast SEO plugin. -->","yoast_head_json":{"title":"E-program - Terauchi Prague","robots":{"index":"index","follow":"follow","max-snippet":"max-snippet:-1","max-image-preview":"max-image-preview:large","max-video-preview":"max-video-preview:-1"},"canonical":"https:\/\/terauchi-prague.com\/cs\/e-program","og_locale":"cs_CZ","og_type":"article","og_title":"E-program - Terauchi Prague","og_url":"https:\/\/terauchi-prague.com\/cs\/e-program","og_site_name":"Terauchi Prague","article_modified_time":"2025-04-04T15:22:36+00:00","twitter_card":"summary_large_image","twitter_misc":{"Odhadovan\u00e1 doba \u010dten\u00ed":"1 minuta"},"schema":{"@context":"https:\/\/schema.org","@graph":[{"@type":"WebPage","@id":"https:\/\/terauchi-prague.com\/cs\/e-program","url":"https:\/\/terauchi-prague.com\/cs\/e-program","name":"E-program - Terauchi Prague","isPartOf":{"@id":"https:\/\/terauchi-prague.com\/#website"},"datePublished":"2025-04-04T14:45:11+00:00","dateModified":"2025-04-04T15:22:36+00:00","breadcrumb":{"@id":"https:\/\/terauchi-prague.com\/cs\/e-program#breadcrumb"},"inLanguage":"cs","potentialAction":[{"@type":"ReadAction","target":["https:\/\/terauchi-prague.com\/cs\/e-program"]}]},{"@type":"BreadcrumbList","@id":"https:\/\/terauchi-prague.com\/cs\/e-program#breadcrumb","itemListElement":[{"@type":"ListItem","position":1,"name":"Dom\u016f","item":"https:\/\/terauchi-prague.com\/cs"},{"@type":"ListItem","position":2,"name":"E-program"}]},{"@type":"WebSite","@id":"https:\/\/terauchi-prague.com\/#website","url":"https:\/\/terauchi-prague.com\/","name":"Terauchi Prague","description":"","publisher":{"@id":"https:\/\/terauchi-prague.com\/#organization"},"potentialAction":[{"@type":"SearchAction","target":{"@type":"EntryPoint","urlTemplate":"https:\/\/terauchi-prague.com\/?s={search_term_string}"},"query-input":{"@type":"PropertyValueSpecification","valueRequired":true,"valueName":"search_term_string"}}],"inLanguage":"cs"},{"@type":"Organization","@id":"https:\/\/terauchi-prague.com\/#organization","name":"Terauchi Prague","url":"https:\/\/terauchi-prague.com\/","logo":{"@type":"ImageObject","inLanguage":"cs","@id":"https:\/\/terauchi-prague.com\/#\/schema\/logo\/image\/","url":"https:\/\/terauchi-prague.com\/wp-content\/uploads\/2024\/07\/LOGO.svg","contentUrl":"https:\/\/terauchi-prague.com\/wp-content\/uploads\/2024\/07\/LOGO.svg","width":80,"height":80,"caption":"Terauchi Prague"},"image":{"@id":"https:\/\/terauchi-prague.com\/#\/schema\/logo\/image\/"}}]}},"_links":{"self":[{"href":"https:\/\/terauchi-prague.com\/cs\/wp-json\/wp\/v2\/pages\/5974","targetHints":{"allow":["GET"]}}],"collection":[{"href":"https:\/\/terauchi-prague.com\/cs\/wp-json\/wp\/v2\/pages"}],"about":[{"href":"https:\/\/terauchi-prague.com\/cs\/wp-json\/wp\/v2\/types\/page"}],"author":[{"embeddable":true,"href":"https:\/\/terauchi-prague.com\/cs\/wp-json\/wp\/v2\/users\/2"}],"replies":[{"embeddable":true,"href":"https:\/\/terauchi-prague.com\/cs\/wp-json\/wp\/v2\/comments?post=5974"}],"version-history":[{"count":17,"href":"https:\/\/terauchi-prague.com\/cs\/wp-json\/wp\/v2\/pages\/5974\/revisions"}],"predecessor-version":[{"id":6000,"href":"https:\/\/terauchi-prague.com\/cs\/wp-json\/wp\/v2\/pages\/5974\/revisions\/6000"}],"wp:attachment":[{"href":"https:\/\/terauchi-prague.com\/cs\/wp-json\/wp\/v2\/media?parent=5974"}],"curies":[{"name":"wp","href":"https:\/\/api.w.org\/{rel}","templated":true}]}}