{"id":3932,"date":"2024-11-27T16:31:24","date_gmt":"2024-11-27T15:31:24","guid":{"rendered":"https:\/\/terauchi-prague.com\/?page_id=3932"},"modified":"2024-11-27T19:32:13","modified_gmt":"2024-11-27T18:32:13","slug":"pravidla-souteze-terauchi-prague-2025","status":"publish","type":"page","link":"https:\/\/terauchi-prague.com\/cs\/pravidla-souteze-terauchi-prague-2025","title":{"rendered":"Pravidla sout\u011b\u017ee Terauchi Prague 2025"},"content":{"rendered":"\t\t<div data-elementor-type=\"wp-page\" data-elementor-id=\"3932\" class=\"elementor elementor-3932\" data-elementor-post-type=\"page\">\n\t\t\t\t<div class=\"elementor-element elementor-element-fa4f9a1 section--hero e-flex e-con-boxed e-con e-parent\" data-id=\"fa4f9a1\" data-element_type=\"container\" data-e-type=\"container\">\n\t\t\t\t\t<div class=\"e-con-inner\">\n\t\t\t\t<div class=\"elementor-element elementor-element-7dd2bb42 elementor-widget elementor-widget-text-editor\" data-id=\"7dd2bb42\" data-element_type=\"widget\" data-e-type=\"widget\" data-widget_type=\"text-editor.default\">\n\t\t\t\t<div class=\"elementor-widget-container\">\n\t\t\t\t\t\t\t\t\t<h1><strong>Pravidla sout\u011b\u017ee Terauchi Prague 2025<\/strong><\/h1><p>Tento dokument stanov\u00ed \u00fapln\u00e1 pravidla sout\u011b\u017ee Terauchi Prague 2025 (d\u00e1le jen \u201e<strong>sout\u011b\u017e<\/strong>\u201c). Zkr\u00e1cen\u00e9 zn\u011bn\u00ed pravidel na propaga\u010dn\u00edch materi\u00e1lech a soci\u00e1ln\u00edch s\u00edt\u00edch ur\u010den\u00fdch \u00fa\u010dastn\u00edk\u016fm sout\u011b\u017ee je t\u0159eba vykl\u00e1dat v\u00a0souladu s t\u00edmto dokumentem.\u00a0<\/p><h2><strong>1) Po\u0159adatel sout\u011b\u017ee: <\/strong><strong>Flixo partners s.r.o.<\/strong><\/h2><p>se s\u00eddlem Staropramenn\u00e1 397\/4, Sm\u00edchov, 150 00 Praha 5<\/p><p>I\u010cO: 07972628<\/p><p>zapsan\u00e1 v\u00a0obchodn\u00edm rejst\u0159\u00edku veden\u00e9m M\u011bstsk\u00fdm soudem v\u00a0Praze pod sp. zn. C 310805<\/p><p>(d\u00e1le tak\u00e9 jen \u201e<strong>po\u0159adatel<\/strong>\u201c)<\/p><h2><strong>2) Term\u00edn trv\u00e1n\u00ed sout\u011b\u017ee a m\u00edsto <\/strong><\/h2><p>Sout\u011b\u017e prob\u00edh\u00e1 v obdob\u00ed od 25. 11. 2024\u00a0do 15. 4. 2025\u00a0na \u00fazem\u00ed \u010cesk\u00e9 republiky (d\u00e1le jen \u201e<strong>doba kon\u00e1n\u00ed<\/strong>\u201c a \u201e<strong>m\u00edsto kon\u00e1n\u00ed<\/strong>\u201c sout\u011b\u017ee).<\/p><h2><strong>3) \u00da\u010dastn\u00edk sout\u011b\u017ee <\/strong><\/h2><p>\u00da\u010dastn\u00edkem sout\u011b\u017ee (d\u00e1le jen \u201e<strong>\u00fa\u010dastn\u00edk<\/strong>\u201c) se m\u016f\u017ee st\u00e1t pouze fyzick\u00e1 osoba star\u0161\u00ed 18 let, kter\u00e1 spln\u00ed podm\u00ednky sout\u011b\u017ee stanoven\u00e9 bodu 5) odst 1. t\u011bchto podm\u00ednek.<\/p><p>Ze sout\u011b\u017ee jsou vylou\u010deny v\u0161echny osoby v\u00a0zam\u011bstnaneck\u00e9m a jin\u00e9m obdobn\u00e9m pom\u011bru k\u00a0po\u0159adateli.<\/p><p>Osoby nespl\u0148uj\u00edc\u00ed podm\u00ednky \u00fa\u010dasti v sout\u011b\u017ei nebo jednaj\u00edc\u00ed v rozporu s pravidly sout\u011b\u017ee se nemohou sout\u011b\u017ee z\u00fa\u010dastnit, v\u00fdhru z\u00edskat a z\u00a0vyhodnocen\u00ed sout\u011b\u017ee budou vy\u0159azeny. Po\u0159adatel sout\u011b\u017ee si vyhrazuje pr\u00e1vo kontroly a p\u0159ezkumu spln\u011bn\u00ed podm\u00ednek pro \u00fa\u010dast ve h\u0159e a posouzen\u00ed n\u00e1roku na v\u00fdhru.<\/p><p>\u00da\u010dastn\u00edk bude vylou\u010den v p\u0159\u00edpad\u011b, \u017ee po\u0159adatel zjist\u00ed nebo bude m\u00edt d\u016fvodn\u00e9 podez\u0159en\u00ed na sp\u00e1ch\u00e1n\u00ed podvodn\u00e9ho nebo nekal\u00e9ho jedn\u00e1n\u00ed ze strany takov\u00e9ho \u00fa\u010dastn\u00edka \u010di osoby, kter\u00e1 mu v\u00a0podvodn\u00e9m nebo nekal\u00e9m jedn\u00e1n\u00ed asistovala.<\/p><p>Po\u0159adatel si sou\u010dasn\u011b vyhrazuje pr\u00e1vo bez ud\u00e1n\u00ed d\u016fvodu vy\u0159adit ze sout\u011b\u017ee \u00fa\u010dastn\u00edky, jejich\u017e chov\u00e1n\u00ed vykazuje zn\u00e1mky nekal\u00e9ho \u010di podvodn\u00e9ho jedn\u00e1n\u00ed nebo odporuje pravidl\u016fm sout\u011b\u017ee.<\/p><h2><strong>4) V\u00fdhry v\u00a0sout\u011b\u017ei<\/strong><\/h2><p>Do sout\u011b\u017ee jsou vlo\u017eeny tyto v\u00fdhry:<\/p><p><strong>TFRK &#8211; Terauchi File Retrieval Kit s\u00a0osobn\u00edm v\u011bnov\u00e1n\u00edm Dr. Terauchiho <\/strong>(d\u00e1le jen \u201e<strong> v\u00fdhra<\/strong>\u201c)<\/p><h2><strong>5) Podm\u00ednky sout\u011b\u017ee<\/strong><\/h2><p>Osoba spl\u0148uj\u00edc\u00ed podm\u00ednky bodu 3) t\u011bchto podm\u00ednek se do sout\u011b\u017ee zapoj\u00ed, pokud spln\u00ed v\u0161echny n\u00ed\u017ee uveden\u00e9 podm\u00ednky sout\u011b\u017ee.<\/p><ol><li>\u00da\u010dastn\u00edk se zaregistruje na kongres Terauchi Prague 2025 na webov\u00e9 str\u00e1nce: <span style=\"text-decoration: underline;\"><a href=\"https:\/\/terauchi-prague.com\/cs\">www.terauchi-prague.com<\/a><\/span> (d\u00e1le jen \u201e<strong>webov\u00e1 str\u00e1nka<\/strong>\u201c), a to tak, \u017ee uvede po\u017eadovan\u00e9 \u00fadaje v\u00a0rozsahu nejm\u00e9n\u011b jm\u00e9no, p\u0159\u00edjmen\u00ed, faktura\u010dn\u00ed \u00fadaje, emailov\u00e1 aresa a telefonn\u00ed kontakt, zakoup\u00ed a provede \u00fahradu registra\u010dn\u00edho poplatku za teoretickou \u010d\u00e1st kongresu. \u00a0T\u00edm provede svou registraci do sout\u011b\u017ee a akceptuje pravidla sout\u011b\u017ee.<\/li><li>V pr\u016fb\u011bhu registrace na kongres Terauchi Prague 2025 budou moci \u00fa\u010dastn\u00edci kongresu v registra\u010dn\u00edm formul\u00e1\u0159i vyplnit doporu\u010duj\u00edc\u00ed osobu. \u00da\u010dastn\u00edk kongresu, kter\u00fd neuvedl v registra\u010dn\u00edm formul\u00e1\u0159i doporu\u010duj\u00edc\u00ed osobu, m\u00e1 mo\u017enost na emailov\u00e9 adrese <a href=\"mailto:info@terauchi-prague.com\">info@terauchi-prague.com<\/a> a\u017e do 24:00 hod. dne 15.4.2025 po\u017e\u00e1dat o jej\u00ed dopln\u011bn\u00ed. Ji\u017e uvedenou doporu\u010duj\u00edc\u00ed osobu nelze zp\u011btn\u011b zm\u011bnit.<\/li><li>\u00da\u010dastn\u00edk, kter\u00fd doporu\u010d\u00ed alespo\u0148 dv\u011b osoby, kter\u00e9 se p\u0159ihl\u00e1s\u00ed a z\u00fa\u010dastn\u00ed se kongresu Terauchi Prague 2025 a uvedou jm\u00e9no \u00fa\u010dastn\u00edka p\u0159i registraci jako doporu\u010duj\u00edc\u00ed osobu, se automaticky dost\u00e1v\u00e1 do slosov\u00e1n\u00ed. Do slosov\u00e1n\u00ed bude \u00fa\u010dastn\u00edk sout\u011b\u017ee za\u0159azen d\u00e1le v\u017edy za ka\u017ed\u00e9 dva dal\u0161\u00ed j\u00edm doporu\u010den\u00e9 \u00fa\u010dastn\u00edky kongresu, kte\u0159\u00ed se p\u0159ihl\u00e1s\u00ed na kongres Terauchi Prague 2025 a uvedou \u00fa\u010dastn\u00edka sout\u011b\u017ee jako doporu\u010duj\u00edc\u00ed osobu.<\/li><\/ol><h2><strong>6) V\u00fdherci a p\u0159ed\u00e1n\u00ed v\u00fdher<\/strong><\/h2><p>a) V\u00fdherce sout\u011b\u017ee bude jeden.<\/p><p>b) V\u00fdherce bude ur\u010den losov\u00e1n\u00edm, kter\u00e9 prob\u011bhne dne 18.4.2025 v hlavn\u00edm s\u00e1le kongresu Terauchi Prague 2025.<\/p><p>c) V\u00fdherce bude o v\u00fdh\u0159e informov\u00e1n vyhl\u00e1\u0161en\u00edm a prost\u0159ednictv\u00edm e-mailu pro p\u0159\u00edpad nep\u0159\u00edtomnosti. V\u00fdherci bude v\u00fdhra p\u0159ed\u00e1na osobn\u011b p\u0159i vyhl\u00e1\u0161en\u00ed, v\u00a0p\u0159\u00edpad\u011b nep\u0159\u00edtomnosti bude k\u00a0vyzvednut\u00ed v\u00fdhry vyzv\u00e1n emailem.<\/p><p>d) V p\u0159\u00edpad\u011b, \u017ee si v\u00fdherce ani po opakovan\u00e9m upozorn\u011bn\u00ed v\u00fdhru nep\u0159evezme, nevyzvedne nebo se v\u00fdherce odm\u00edtne p\u0159i p\u0159ed\u00e1n\u00ed v\u00fdhry prok\u00e1zat pr\u016fkazem toto\u017enosti k ov\u011b\u0159en\u00ed sv\u00e9 identity \u010di odm\u00edtne podepsat p\u0159ed\u00e1vac\u00ed protokol, a to nejpozd\u011bji do dne 30.5.2025, ztr\u00e1c\u00ed n\u00e1rok na v\u00fdhru a v\u00fdhra z\u016fst\u00e1v\u00e1 po\u0159adateli sout\u011b\u017ee, kter\u00fd je opr\u00e1vn\u011bn rozhodnout o jej\u00edm dal\u0161\u00edm u\u017eit\u00ed.<\/p><p>e) Po\u0159adatel si vyhrazuje pr\u00e1vo vy\u017e\u00e1dat si v p\u0159\u00edpad\u011b pochybnost\u00ed o n\u00e1roku sout\u011b\u017e\u00edc\u00edho na \u00fa\u010dast v\u00a0sout\u011b\u017ei \u010di na v\u00fdhru od takov\u00e9ho sout\u011b\u017e\u00edc\u00edho nezbytn\u00e9 doklady (nap\u0159. doklad toto\u017enosti, zejm\u00e9na za \u00fa\u010delem ov\u011b\u0159en\u00ed v\u011bku sout\u011b\u017e\u00edc\u00edho a\u00a0opr\u00e1vn\u011bn\u00ed k p\u0159evzet\u00ed v\u00fdhry). Pokud sout\u011b\u017e\u00edc\u00ed nep\u0159edlo\u017e\u00ed na vyzv\u00e1n\u00ed po\u0159adateli vy\u017eadovan\u00e9 nezbytn\u00e9 doklady, ztr\u00e1c\u00ed na v\u00fdhru n\u00e1rok. V takov\u00e9m p\u0159\u00edpad\u011b v\u00fdhra z\u016fst\u00e1v\u00e1 po\u0159adateli sout\u011b\u017ee, kter\u00fd je opr\u00e1vn\u011bn rozhodnout o jej\u00edm dal\u0161\u00edm u\u017eit\u00ed.<\/p><h2><strong>7) Zpracov\u00e1n\u00ed osobn\u00edch \u00fadaj\u016f a projevy osobn\u00ed povahy<\/strong><\/h2><p>Registrac\u00ed do sout\u011b\u017ee \u00fa\u010dastn\u00edk bere na v\u011bdom\u00ed a souhlas\u00ed s t\u00edm, \u017ee po\u0159adatel bude\u00a0<strong>v\u00a0souladu s Na\u0159\u00edzen\u00edm Evropsk\u00e9ho parlamentu a Rady (EU) 2016\/679 ze dne 27. dubna 2016 o ochran\u011b fyzick\u00fdch osob v souvislosti se zpracov\u00e1n\u00edm osobn\u00edch \u00fadaj\u016f a o voln\u00e9m pohybu t\u011bchto \u00fadaj\u016f a o zru\u0161en\u00ed sm\u011brnice 95\/46\/ES (d\u00e1le jen \u201eNa\u0159\u00edzen\u00ed\u201c) a\u00a0z\u00e1konem \u010d. 110\/2019 Sb., o zpracov\u00e1n\u00ed osobn\u00edch \u00fadaj\u016f, zpracov\u00e1vat j\u00edm sd\u011blen\u00e9 osobn\u00ed \u00fadaje (d\u00e1le jen \u201eO\u00da\u201c)<\/strong>\u00a0v\u00a0r\u00e1mci opr\u00e1vn\u011bn\u00e9ho z\u00e1jmu nezbytn\u00e9 pro \u00fa\u010dely realizace sout\u011b\u017ee (emailov\u00e1 adresa) a pro mo\u017enosti uplatn\u011bn\u00ed a p\u0159evzet\u00ed v\u00fdhry (jm\u00e9no a p\u0159\u00edjmen\u00ed, adresa, telefonn\u00ed \u010d\u00edslo). Registrac\u00ed do sout\u011b\u017ee d\u00e1le \u00fa\u010dastn\u00edk bere na v\u011bdom\u00ed a souhlas\u00ed s\u00a0t\u00edm, \u017ee po\u0159adatel m\u016f\u017ee p\u0159i osobn\u00edm p\u0159ed\u00e1v\u00e1n\u00ed v\u00fdhry po\u0159izovat obrazov\u00fd a zvukov\u00fd z\u00e1znam pro \u00fa\u010dely marketingov\u00e9 prezentace.<\/p><p>Po skon\u010den\u00ed sout\u011b\u017ee bude zpracov\u00e1v\u00e1n pouze nezbytn\u00fd rozsah osobn\u00edch \u00fadaj\u016f pro \u00fa\u010dely ochrany pr\u00e1v po\u0159adatele. Po uplynut\u00ed t\u0159\u00ed let od ukon\u010den\u00ed sout\u011b\u017ee budou osobn\u00ed \u00fadaje \u00fa\u010dastn\u00edk\u016f smaz\u00e1ny.<\/p><p>Osobn\u00ed \u00fadaje poskytnut\u00e9 \u00fa\u010dastn\u00edky budou zpracov\u00e1v\u00e1ny pouze po\u0159adatelem a nebudou p\u0159ed\u00e1v\u00e1ny mimo Evropskou unii.\u00a0<\/p><p>V p\u0159\u00edpad\u011b pochybnost\u00ed o dodr\u017eov\u00e1n\u00ed pravidel a s\u00a0dal\u0161\u00edmi dotazy se mohou \u00fa\u010dastn\u00edci obracet na po\u0159adatele na e-mailov\u00e9 adrese:\u00a0<a href=\"mailto:info@terauchiprague.com\">info@terauchiprague.com.<\/a><\/p><p>Krom\u011b pr\u00e1va b\u00fdt pln\u011b informov\u00e1n o zpracov\u00e1n\u00ed osobn\u00edch \u00fadaj\u016f m\u00e1 ka\u017ed\u00fd \u00fa\u010dastn\u00edk n\u00e1sleduj\u00edc\u00ed pr\u00e1va:<\/p><ul><li>pr\u00e1vo na p\u0159\u00edstup<\/li><li>pr\u00e1vo na opravu<\/li><li>pr\u00e1vo na v\u00fdmaz<\/li><li>pr\u00e1vo vzn\u00e9st n\u00e1mitku proti zpracov\u00e1n\u00ed\u00a0<\/li><li>pr\u00e1vo na odvol\u00e1n\u00ed souhlasu<\/li><li>pr\u00e1vo podat st\u00ed\u017enost u dozorov\u00e9ho \u00fa\u0159adu.<\/li><\/ul><p>\u00da\u010dastn\u00edci mohou dle Na\u0159\u00edzen\u00ed sv\u00e1 pr\u00e1va uplatnit na e-mailov\u00e9 adrese:\u00a0<a href=\"mailto:info@terauchiprague.com\"><span style=\"text-decoration: underline;\">info@terauchiprague.com<\/span><\/a><\/p><h2><strong>8) Z\u00e1v\u011bre\u010dn\u00e1 ustanoven\u00ed<\/strong><\/h2><p>a. Po\u0159adatel si vyhrazuje pr\u00e1vo s kone\u010dnou platnost\u00ed rozhodnout o v\u0161ech z\u00e1le\u017eitostech t\u00fdkaj\u00edc\u00edch se t\u00e9to sout\u011b\u017ee, v\u010detn\u011b rozhodnut\u00ed o ud\u011blen\u00ed v\u00fdhry. V p\u0159\u00edpad\u011b vzniku pochybnost\u00ed o spln\u011bn\u00ed podm\u00ednek sout\u011b\u017ee \u00fa\u010dastn\u00edkem je \u00fa\u010dastn\u00edk povinen po\u0159adateli prok\u00e1zat spln\u011bn\u00ed jednotliv\u00fdch podm\u00ednek<\/p><p>b. Po\u0159adatel je z\u00e1rove\u0148 opr\u00e1vn\u011bn sout\u011b\u017e <strong>kdykoli zm\u011bnit, zkr\u00e1tit, prodlou\u017eit, zru\u0161it \u010di upravit jej\u00ed pravidla<\/strong>. V p\u0159\u00edpad\u011b, \u017ee dojde ke zm\u011bn\u00e1m v podm\u00ednk\u00e1ch a pravidlech sout\u011b\u017ee, bude to u\u010din\u011bno p\u00edsemn\u011b a\u00a0zve\u0159ejn\u011bno na <span style=\"text-decoration: underline;\"><a href=\"https:\/\/terauchi-prague.com\/cs\">www.terauchi-prague.com<\/a><\/span>.<\/p><p>c. Po\u0159adatel si vyhrazuje pr\u00e1vo nahradit v\u00fdhru v\u00fdhrou obdobn\u00e9ho typu a odpov\u00eddaj\u00edc\u00ed hodnoty a m\u011bnit podm\u00ednky p\u0159ed\u00e1v\u00e1n\u00ed v\u00fdhry v p\u0159\u00edpad\u011b, \u017ee mu v\u00fdhra nebude jej\u00edm dodavatelem poskytnuta tak, aby mohla b\u00fdt v\u00fdherci p\u0159ed\u00e1na v souladu s pravidly sout\u011b\u017ee.<\/p><p>d. Po\u0159adatel sout\u011b\u017ee je opr\u00e1vn\u011bn v p\u0159\u00edpad\u011b podez\u0159en\u00ed na nekal\u00e9 jedn\u00e1n\u00ed nebo nespln\u011bn\u00ed podm\u00ednek sout\u011b\u017ee vylou\u010dit bez ud\u00e1n\u00ed d\u016fvod\u016f kter\u00e9hokoli \u00fa\u010dastn\u00edka.<\/p><p>e. V\u00fdm\u011bna v\u00fdhry \u010di vyplacen\u00ed pen\u011b\u017eit\u00e9ho pln\u011bn\u00ed v\u00fdm\u011bnou za v\u011bcnou v\u00fdhru, jako\u017e ani vym\u00e1h\u00e1n\u00ed \u00fa\u010dasti v sout\u011b\u017ei \u010di v\u00fdhry pr\u00e1vn\u00ed cestou nejsou mo\u017en\u00e9.<\/p><p>f. Po\u0159adatel sout\u011b\u017ee neodpov\u00edd\u00e1 za v\u00fdhru a za jej\u00ed funk\u010dnost, neposkytuje jakoukoli z\u00e1ruku, sout\u011b\u017e\u00edc\u00ed nen\u00ed opr\u00e1vn\u011bn v\u00fdhru u po\u0159adatele uplatit vady z p\u0159edm\u011btu v\u00fdhry. Pr\u00e1va z vad, pr\u00e1va na n\u00e1hradu \u0161kody \u010di \u00fajmy jsou vylou\u010dena v maxim\u00e1ln\u00edm z\u00e1konn\u00e9m rozsahu, a to zejm\u00e9na ve vztahu k po\u0159adateli. Ve\u0161ker\u00e9 p\u0159\u00edpadn\u00e9 n\u00e1roky z p\u0159edm\u011btu v\u00fdhry je sout\u011b\u017e\u00edc\u00ed povinen uplat\u0148ovat p\u0159\u00edmo u dodavatele v\u00fdhry \u010di ofici\u00e1ln\u00edho distributora v\u00fdhry. Po\u0159adatel neposkytuje technickou podporu ani poradensk\u00fd servis v souvislosti s p\u0159edm\u011btem v\u00fdhry. Po\u0159adatel nen\u00ed zodpov\u011bdn\u00fd za nemo\u017enost \u00fa\u010dasti v sout\u011b\u017ei z technick\u00fdch \u010di jak\u00fdchkoli jin\u00fdch d\u016fvod\u016f.<\/p><p>g. V\u00fdhru, kterou si v\u00fdherce nevyzvednou anebo se je nepoda\u0159\u00ed odevzdat do dne 30.5.2025, je po\u0159adatel po uplynut\u00ed tohoto data opr\u00e1vn\u011bn p\u0159id\u011blit konkr\u00e9tn\u00edmu v\u00fdherci, pop\u0159. si je ponechat.<\/p><p>h. Po\u0159adatel sout\u011b\u017ee nen\u00ed odpov\u011bdn\u00fd za jakoukoli \u0161kodu \u010di \u00fajmu, kterou \u00fa\u010dastn\u00edk utrp\u00ed svou \u00fa\u010dast\u00ed v sout\u011b\u017ei nebo prost\u0159ednictv\u00edm z\u00edskan\u00e9 v\u00fdhry.<\/p><p>i. Ze sout\u011b\u017ee jsou vylou\u010deni v\u0161ichni \u00fa\u010dastn\u00edci, kte\u0159\u00ed \u0159\u00e1dn\u011b nespln\u00ed podm\u00ednky \u00fa\u010dasti v sout\u011b\u017ei podle t\u011bchto pravidel.<\/p><p>j. Po\u0159adatel neru\u010d\u00ed za ztr\u00e1tu, nedoru\u010den\u00ed, prodlen\u00ed nebo po\u0161kozen\u00ed v\u00fdhry zaslan\u00e9 prost\u0159ednictv\u00edm doru\u010dovatele po\u0161tovn\u00edch slu\u017eeb \u010di jin\u00fdm zp\u016fsobem.<\/p><p>k. V p\u0159\u00edpad\u011b rozporu ustanoven\u00ed t\u011bchto pravidel a propaga\u010dn\u00edch materi\u00e1l\u016f t\u00fdkaj\u00edc\u00edch se sout\u011b\u017ee, nejasnost\u00ed t\u00fdkaj\u00edc\u00edch se v\u00fdkladu pravidel nebo propaga\u010dn\u00edch materi\u00e1l\u016f, se budou aplikovat p\u0159ednostn\u011b p\u0159\u00edslu\u0161n\u00e1 ustanoven\u00ed t\u011bchto pravidel.<\/p><p>l. V\u011bcn\u011b p\u0159\u00edslu\u0161n\u00fdm subjektem mimosoudn\u00edho \u0159e\u0161en\u00ed spor\u016f souvisej\u00edc\u00edch se sout\u011b\u017e\u00ed je \u010cesk\u00e1 obchodn\u00ed inspekce, \u0160t\u011bp\u00e1nsk\u00e1 567\/15, 120 00 Praha 2, internetov\u00e9 str\u00e1nky: <span style=\"text-decoration: underline;\"><a href=\"http:\/\/www.coi.cz\">www.coi.cz<\/a><\/span>.<\/p>\t\t\t\t\t\t\t\t<\/div>\n\t\t\t\t<\/div>\n\t\t\t\t\t<\/div>\n\t\t\t\t<\/div>\n\t\t\t\t<\/div>\n\t\t","protected":false},"excerpt":{"rendered":"<p>Pravidla sout\u011b\u017ee Terauchi Prague 2025 Tento dokument stanov\u00ed \u00fapln\u00e1 pravidla sout\u011b\u017ee Terauchi Prague 2025 (d\u00e1le jen \u201esout\u011b\u017e\u201c). Zkr\u00e1cen\u00e9 zn\u011bn\u00ed pravidel na propaga\u010dn\u00edch materi\u00e1lech a soci\u00e1ln\u00edch s\u00edt\u00edch ur\u010den\u00fdch \u00fa\u010dastn\u00edk\u016fm sout\u011b\u017ee je t\u0159eba vykl\u00e1dat v\u00a0souladu s t\u00edmto dokumentem.\u00a0 1) Po\u0159adatel sout\u011b\u017ee: Flixo partners s.r.o. se s\u00eddlem Staropramenn\u00e1 397\/4, Sm\u00edchov, 150 00 Praha 5 I\u010cO: 07972628 zapsan\u00e1 v\u00a0obchodn\u00edm [&hellip;]<\/p>\n","protected":false},"author":2,"featured_media":0,"parent":0,"menu_order":0,"comment_status":"closed","ping_status":"closed","template":"","meta":{"_acf_changed":false,"footnotes":""},"class_list":["post-3932","page","type-page","status-publish","hentry"],"acf":[],"yoast_head":"<!-- This site is optimized with the Yoast SEO plugin v27.5 - https:\/\/yoast.com\/product\/yoast-seo-wordpress\/ -->\n<title>Pravidla sout\u011b\u017ee Terauchi Prague 2025 - Terauchi Prague<\/title>\n<meta name=\"robots\" content=\"index, follow, max-snippet:-1, max-image-preview:large, max-video-preview:-1\" \/>\n<link rel=\"canonical\" href=\"https:\/\/terauchi-prague.com\/cs\/pravidla-souteze-terauchi-prague-2025\" \/>\n<meta property=\"og:locale\" content=\"cs_CZ\" \/>\n<meta property=\"og:type\" content=\"article\" \/>\n<meta property=\"og:title\" content=\"Pravidla sout\u011b\u017ee Terauchi Prague 2025 - Terauchi Prague\" \/>\n<meta property=\"og:description\" content=\"Pravidla sout\u011b\u017ee Terauchi Prague 2025 Tento dokument stanov\u00ed \u00fapln\u00e1 pravidla sout\u011b\u017ee Terauchi Prague 2025 (d\u00e1le jen \u201esout\u011b\u017e\u201c). Zkr\u00e1cen\u00e9 zn\u011bn\u00ed pravidel na propaga\u010dn\u00edch materi\u00e1lech a soci\u00e1ln\u00edch s\u00edt\u00edch ur\u010den\u00fdch \u00fa\u010dastn\u00edk\u016fm sout\u011b\u017ee je t\u0159eba vykl\u00e1dat v\u00a0souladu s t\u00edmto dokumentem.\u00a0 1) Po\u0159adatel sout\u011b\u017ee: Flixo partners s.r.o. se s\u00eddlem Staropramenn\u00e1 397\/4, Sm\u00edchov, 150 00 Praha 5 I\u010cO: 07972628 zapsan\u00e1 v\u00a0obchodn\u00edm [&hellip;]\" \/>\n<meta property=\"og:url\" content=\"https:\/\/terauchi-prague.com\/cs\/pravidla-souteze-terauchi-prague-2025\" \/>\n<meta property=\"og:site_name\" content=\"Terauchi Prague\" \/>\n<meta property=\"article:modified_time\" content=\"2024-11-27T18:32:13+00:00\" \/>\n<meta name=\"twitter:card\" content=\"summary_large_image\" \/>\n<meta name=\"twitter:label1\" content=\"Odhadovan\u00e1 doba \u010dten\u00ed\" \/>\n\t<meta name=\"twitter:data1\" content=\"7 minut\" \/>\n<script type=\"application\/ld+json\" class=\"yoast-schema-graph\">{\"@context\":\"https:\\\/\\\/schema.org\",\"@graph\":[{\"@type\":\"WebPage\",\"@id\":\"https:\\\/\\\/terauchi-prague.com\\\/cs\\\/pravidla-souteze-terauchi-prague-2025\",\"url\":\"https:\\\/\\\/terauchi-prague.com\\\/cs\\\/pravidla-souteze-terauchi-prague-2025\",\"name\":\"Pravidla sout\u011b\u017ee Terauchi Prague 2025 - Terauchi Prague\",\"isPartOf\":{\"@id\":\"https:\\\/\\\/terauchi-prague.com\\\/#website\"},\"datePublished\":\"2024-11-27T15:31:24+00:00\",\"dateModified\":\"2024-11-27T18:32:13+00:00\",\"breadcrumb\":{\"@id\":\"https:\\\/\\\/terauchi-prague.com\\\/cs\\\/pravidla-souteze-terauchi-prague-2025#breadcrumb\"},\"inLanguage\":\"cs\",\"potentialAction\":[{\"@type\":\"ReadAction\",\"target\":[\"https:\\\/\\\/terauchi-prague.com\\\/cs\\\/pravidla-souteze-terauchi-prague-2025\"]}]},{\"@type\":\"BreadcrumbList\",\"@id\":\"https:\\\/\\\/terauchi-prague.com\\\/cs\\\/pravidla-souteze-terauchi-prague-2025#breadcrumb\",\"itemListElement\":[{\"@type\":\"ListItem\",\"position\":1,\"name\":\"Dom\u016f\",\"item\":\"https:\\\/\\\/terauchi-prague.com\\\/cs\"},{\"@type\":\"ListItem\",\"position\":2,\"name\":\"Pravidla sout\u011b\u017ee Terauchi Prague 2025\"}]},{\"@type\":\"WebSite\",\"@id\":\"https:\\\/\\\/terauchi-prague.com\\\/#website\",\"url\":\"https:\\\/\\\/terauchi-prague.com\\\/\",\"name\":\"Terauchi Prague\",\"description\":\"\",\"publisher\":{\"@id\":\"https:\\\/\\\/terauchi-prague.com\\\/#organization\"},\"potentialAction\":[{\"@type\":\"SearchAction\",\"target\":{\"@type\":\"EntryPoint\",\"urlTemplate\":\"https:\\\/\\\/terauchi-prague.com\\\/?s={search_term_string}\"},\"query-input\":{\"@type\":\"PropertyValueSpecification\",\"valueRequired\":true,\"valueName\":\"search_term_string\"}}],\"inLanguage\":\"cs\"},{\"@type\":\"Organization\",\"@id\":\"https:\\\/\\\/terauchi-prague.com\\\/#organization\",\"name\":\"Terauchi Prague\",\"url\":\"https:\\\/\\\/terauchi-prague.com\\\/\",\"logo\":{\"@type\":\"ImageObject\",\"inLanguage\":\"cs\",\"@id\":\"https:\\\/\\\/terauchi-prague.com\\\/#\\\/schema\\\/logo\\\/image\\\/\",\"url\":\"https:\\\/\\\/terauchi-prague.com\\\/wp-content\\\/uploads\\\/2024\\\/07\\\/LOGO.svg\",\"contentUrl\":\"https:\\\/\\\/terauchi-prague.com\\\/wp-content\\\/uploads\\\/2024\\\/07\\\/LOGO.svg\",\"width\":80,\"height\":80,\"caption\":\"Terauchi Prague\"},\"image\":{\"@id\":\"https:\\\/\\\/terauchi-prague.com\\\/#\\\/schema\\\/logo\\\/image\\\/\"}}]}<\/script>\n<!-- \/ Yoast SEO plugin. -->","yoast_head_json":{"title":"Pravidla sout\u011b\u017ee Terauchi Prague 2025 - Terauchi Prague","robots":{"index":"index","follow":"follow","max-snippet":"max-snippet:-1","max-image-preview":"max-image-preview:large","max-video-preview":"max-video-preview:-1"},"canonical":"https:\/\/terauchi-prague.com\/cs\/pravidla-souteze-terauchi-prague-2025","og_locale":"cs_CZ","og_type":"article","og_title":"Pravidla sout\u011b\u017ee Terauchi Prague 2025 - Terauchi Prague","og_description":"Pravidla sout\u011b\u017ee Terauchi Prague 2025 Tento dokument stanov\u00ed \u00fapln\u00e1 pravidla sout\u011b\u017ee Terauchi Prague 2025 (d\u00e1le jen \u201esout\u011b\u017e\u201c). Zkr\u00e1cen\u00e9 zn\u011bn\u00ed pravidel na propaga\u010dn\u00edch materi\u00e1lech a soci\u00e1ln\u00edch s\u00edt\u00edch ur\u010den\u00fdch \u00fa\u010dastn\u00edk\u016fm sout\u011b\u017ee je t\u0159eba vykl\u00e1dat v\u00a0souladu s t\u00edmto dokumentem.\u00a0 1) Po\u0159adatel sout\u011b\u017ee: Flixo partners s.r.o. se s\u00eddlem Staropramenn\u00e1 397\/4, Sm\u00edchov, 150 00 Praha 5 I\u010cO: 07972628 zapsan\u00e1 v\u00a0obchodn\u00edm [&hellip;]","og_url":"https:\/\/terauchi-prague.com\/cs\/pravidla-souteze-terauchi-prague-2025","og_site_name":"Terauchi Prague","article_modified_time":"2024-11-27T18:32:13+00:00","twitter_card":"summary_large_image","twitter_misc":{"Odhadovan\u00e1 doba \u010dten\u00ed":"7 minut"},"schema":{"@context":"https:\/\/schema.org","@graph":[{"@type":"WebPage","@id":"https:\/\/terauchi-prague.com\/cs\/pravidla-souteze-terauchi-prague-2025","url":"https:\/\/terauchi-prague.com\/cs\/pravidla-souteze-terauchi-prague-2025","name":"Pravidla sout\u011b\u017ee Terauchi Prague 2025 - Terauchi Prague","isPartOf":{"@id":"https:\/\/terauchi-prague.com\/#website"},"datePublished":"2024-11-27T15:31:24+00:00","dateModified":"2024-11-27T18:32:13+00:00","breadcrumb":{"@id":"https:\/\/terauchi-prague.com\/cs\/pravidla-souteze-terauchi-prague-2025#breadcrumb"},"inLanguage":"cs","potentialAction":[{"@type":"ReadAction","target":["https:\/\/terauchi-prague.com\/cs\/pravidla-souteze-terauchi-prague-2025"]}]},{"@type":"BreadcrumbList","@id":"https:\/\/terauchi-prague.com\/cs\/pravidla-souteze-terauchi-prague-2025#breadcrumb","itemListElement":[{"@type":"ListItem","position":1,"name":"Dom\u016f","item":"https:\/\/terauchi-prague.com\/cs"},{"@type":"ListItem","position":2,"name":"Pravidla sout\u011b\u017ee Terauchi Prague 2025"}]},{"@type":"WebSite","@id":"https:\/\/terauchi-prague.com\/#website","url":"https:\/\/terauchi-prague.com\/","name":"Terauchi Prague","description":"","publisher":{"@id":"https:\/\/terauchi-prague.com\/#organization"},"potentialAction":[{"@type":"SearchAction","target":{"@type":"EntryPoint","urlTemplate":"https:\/\/terauchi-prague.com\/?s={search_term_string}"},"query-input":{"@type":"PropertyValueSpecification","valueRequired":true,"valueName":"search_term_string"}}],"inLanguage":"cs"},{"@type":"Organization","@id":"https:\/\/terauchi-prague.com\/#organization","name":"Terauchi Prague","url":"https:\/\/terauchi-prague.com\/","logo":{"@type":"ImageObject","inLanguage":"cs","@id":"https:\/\/terauchi-prague.com\/#\/schema\/logo\/image\/","url":"https:\/\/terauchi-prague.com\/wp-content\/uploads\/2024\/07\/LOGO.svg","contentUrl":"https:\/\/terauchi-prague.com\/wp-content\/uploads\/2024\/07\/LOGO.svg","width":80,"height":80,"caption":"Terauchi Prague"},"image":{"@id":"https:\/\/terauchi-prague.com\/#\/schema\/logo\/image\/"}}]}},"_links":{"self":[{"href":"https:\/\/terauchi-prague.com\/cs\/wp-json\/wp\/v2\/pages\/3932","targetHints":{"allow":["GET"]}}],"collection":[{"href":"https:\/\/terauchi-prague.com\/cs\/wp-json\/wp\/v2\/pages"}],"about":[{"href":"https:\/\/terauchi-prague.com\/cs\/wp-json\/wp\/v2\/types\/page"}],"author":[{"embeddable":true,"href":"https:\/\/terauchi-prague.com\/cs\/wp-json\/wp\/v2\/users\/2"}],"replies":[{"embeddable":true,"href":"https:\/\/terauchi-prague.com\/cs\/wp-json\/wp\/v2\/comments?post=3932"}],"version-history":[{"count":0,"href":"https:\/\/terauchi-prague.com\/cs\/wp-json\/wp\/v2\/pages\/3932\/revisions"}],"wp:attachment":[{"href":"https:\/\/terauchi-prague.com\/cs\/wp-json\/wp\/v2\/media?parent=3932"}],"curies":[{"name":"wp","href":"https:\/\/api.w.org\/{rel}","templated":true}]}}