{"id":2653,"date":"2024-09-16T16:58:12","date_gmt":"2024-09-16T14:58:12","guid":{"rendered":"https:\/\/terauchi-prague.com\/spolecensky-program\/"},"modified":"2025-04-26T14:30:34","modified_gmt":"2025-04-26T12:30:34","slug":"spolecensky-program","status":"publish","type":"page","link":"https:\/\/terauchi-prague.com\/cs\/spolecensky-program","title":{"rendered":"Spole\u010densk\u00fd program"},"content":{"rendered":"\t\t<div data-elementor-type=\"wp-page\" data-elementor-id=\"2653\" class=\"elementor elementor-2653 elementor-2524\" data-elementor-post-type=\"page\">\n\t\t\t\t<div class=\"elementor-element elementor-element-30034b6 section--hero e-flex e-con-boxed e-con e-parent\" data-id=\"30034b6\" data-element_type=\"container\" data-e-type=\"container\" data-settings=\"{&quot;background_background&quot;:&quot;classic&quot;}\">\n\t\t\t\t\t<div class=\"e-con-inner\">\n\t\t<div class=\"elementor-element elementor-element-2c60623 e-con-full e-flex e-con e-child\" data-id=\"2c60623\" data-element_type=\"container\" data-e-type=\"container\">\n\t\t<div class=\"elementor-element elementor-element-f4d4a1d e-con-full e-flex e-con e-child\" data-id=\"f4d4a1d\" data-element_type=\"container\" data-e-type=\"container\">\n\t\t\t\t<\/div>\n\t\t\t\t<\/div>\n\t\t\t\t\t<\/div>\n\t\t\t\t<\/div>\n\t\t<div class=\"elementor-element elementor-element-c36eebf section--next e-flex e-con-boxed e-con e-parent\" data-id=\"c36eebf\" data-element_type=\"container\" data-e-type=\"container\" data-settings=\"{&quot;background_background&quot;:&quot;classic&quot;}\">\n\t\t\t\t\t<div class=\"e-con-inner\">\n\t\t<div class=\"elementor-element elementor-element-fef6e40 e-con-full e-flex e-con e-child\" data-id=\"fef6e40\" data-element_type=\"container\" data-e-type=\"container\">\n\t\t<div class=\"elementor-element elementor-element-df3317c e-con-full e-flex e-con e-child\" data-id=\"df3317c\" data-element_type=\"container\" data-e-type=\"container\">\n\t\t\t\t<div class=\"elementor-element elementor-element-6c05cc9 elementor-widget elementor-widget-heading\" data-id=\"6c05cc9\" data-element_type=\"widget\" data-e-type=\"widget\" data-widget_type=\"heading.default\">\n\t\t\t\t<div class=\"elementor-widget-container\">\n\t\t\t\t\t<h2 class=\"elementor-heading-title elementor-size-default\">Get Together Party<\/h2>\t\t\t\t<\/div>\n\t\t\t\t<\/div>\n\t\t\t\t<div class=\"elementor-element elementor-element-617765a elementor-widget elementor-widget-text-editor\" data-id=\"617765a\" data-element_type=\"widget\" data-e-type=\"widget\" data-widget_type=\"text-editor.default\">\n\t\t\t\t<div class=\"elementor-widget-container\">\n\t\t\t\t\t\t\t\t\t<p class=\"\" data-start=\"82\" data-end=\"155\"><strong data-start=\"82\" data-end=\"155\">Ho\u010f se do klidu, dej si drink, s Yoshim a Arnaldem a vyhraj Ferrari!<\/strong><\/p><p class=\"\" data-start=\"157\" data-end=\"325\">Dlouh\u00fd den pln\u00fd p\u0159edn\u00e1\u0161ek? Te\u010f je \u010das vym\u011bnit endon\u00e1stroje za bublinky!<br data-start=\"224\" data-end=\"227\" \/>P\u0159ij\u010f se odreagovat, chytit z\u00e1pad slunce, pokecat s k\u00e1mo\u0161i (star\u00fdmi i nov\u00fdmi) a prost\u011b si to u\u017e\u00edt.<\/p><p class=\"\" data-start=\"327\" data-end=\"410\">Postar\u00e1me se o drinky, dobr\u00e9 j\u00eddlo, muziku a nezapomenuteln\u00fd v\u00fdhled na Prahu.<\/p><p class=\"\" data-start=\"412\" data-end=\"552\"><strong data-start=\"412\" data-end=\"443\"><span style=\"color: #f57fef;\">VYHRAJ FERRARI NA DEN!<\/span> Chce\u0161 se c\u00edtit jako hv\u011bzda?<\/strong> Zapoj se na party do <strong data-start=\"456\" data-end=\"477\">Ferrari Challenge<\/strong> a t\u0159eba pr\u00e1v\u011b ty vyraz\u00ed\u0161 do ulic v par\u00e1dn\u00edm Ferrari \u2013 d\u00edky Advantage Cars!<\/p><p><strong>Cena: 95 EUR\u00a0 \u00a0 \u00a0 Na m\u00edst\u011b: 120 EUR<\/strong><\/p>\t\t\t\t\t\t\t\t<\/div>\n\t\t\t\t<\/div>\n\t\t\t\t<div class=\"elementor-element elementor-element-567787d elementor-icon-list--layout-traditional elementor-list-item-link-full_width elementor-widget elementor-widget-icon-list\" data-id=\"567787d\" data-element_type=\"widget\" data-e-type=\"widget\" data-widget_type=\"icon-list.default\">\n\t\t\t\t<div class=\"elementor-widget-container\">\n\t\t\t\t\t\t\t<ul class=\"elementor-icon-list-items\">\n\t\t\t\t\t\t\t<li class=\"elementor-icon-list-item\">\n\t\t\t\t\t\t\t\t\t\t\t<span class=\"elementor-icon-list-icon\">\n\t\t\t\t\t\t\t<svg xmlns=\"http:\/\/www.w3.org\/2000\/svg\" width=\"56\" height=\"56\" viewBox=\"0 0 56 56\" fill=\"none\"><rect width=\"56\" height=\"56\" rx=\"4\" fill=\"#EC649F\"><\/rect><path d=\"M22.667 14.6665V18.6665\" stroke=\"white\" stroke-width=\"2\" stroke-miterlimit=\"10\" stroke-linecap=\"round\" stroke-linejoin=\"round\"><\/path><path d=\"M33.333 14.6665V18.6665\" stroke=\"white\" stroke-width=\"2\" stroke-miterlimit=\"10\" stroke-linecap=\"round\" stroke-linejoin=\"round\"><\/path><path d=\"M16.667 24.1196H39.3337\" stroke=\"white\" stroke-width=\"2\" stroke-miterlimit=\"10\" stroke-linecap=\"round\" stroke-linejoin=\"round\"><\/path><path d=\"M41.3327 37.3333C41.3327 38.3333 41.0527 39.28 40.5593 40.08C39.6393 41.6267 37.946 42.6667 35.9993 42.6667C34.6527 42.6667 33.426 42.1733 32.4927 41.3333C32.0794 40.9867 31.7194 40.56 31.4394 40.08C30.946 39.28 30.666 38.3333 30.666 37.3333C30.666 34.3867 33.0527 32 35.9993 32C37.5993 32 39.026 32.7066 39.9993 33.8133C40.826 34.76 41.3327 35.9867 41.3327 37.3333Z\" stroke=\"white\" stroke-width=\"2\" stroke-miterlimit=\"10\" stroke-linecap=\"round\" stroke-linejoin=\"round\"><\/path><path d=\"M33.9199 37.3335L35.2399 38.6535L38.0799 36.0269\" stroke=\"white\" stroke-width=\"2\" stroke-linecap=\"round\" stroke-linejoin=\"round\"><\/path><path d=\"M40 23.3332V33.8132C39.0267 32.7065 37.6 31.9998 36 31.9998C33.0533 31.9998 30.6667 34.3865 30.6667 37.3332C30.6667 38.3332 30.9467 39.2798 31.44 40.0798C31.72 40.5598 32.08 40.9865 32.4933 41.3332H22.6667C18 41.3332 16 38.6665 16 34.6665V23.3332C16 19.3332 18 16.6665 22.6667 16.6665H33.3333C38 16.6665 40 19.3332 40 23.3332Z\" stroke=\"white\" stroke-width=\"2\" stroke-miterlimit=\"10\" stroke-linecap=\"round\" stroke-linejoin=\"round\"><\/path><path d=\"M27.9943 30.2668H28.0063\" stroke=\"white\" stroke-width=\"2\" stroke-linecap=\"round\" stroke-linejoin=\"round\"><\/path><path d=\"M23.0588 30.2668H23.0707\" stroke=\"white\" stroke-width=\"2\" stroke-linecap=\"round\" stroke-linejoin=\"round\"><\/path><path d=\"M23.0588 34.2668H23.0707\" stroke=\"white\" stroke-width=\"2\" stroke-linecap=\"round\" stroke-linejoin=\"round\"><\/path><\/svg>\t\t\t\t\t\t<\/span>\n\t\t\t\t\t\t\t\t\t\t<span class=\"elementor-icon-list-text\"><strong>Datum:<\/strong> 17.4.2025<br><strong>\u010cas:<\/strong> 20:30 \u2013 00:00<\/span>\n\t\t\t\t\t\t\t\t\t<\/li>\n\t\t\t\t\t\t\t\t<li class=\"elementor-icon-list-item\">\n\t\t\t\t\t\t\t\t\t\t\t<span class=\"elementor-icon-list-icon\">\n\t\t\t\t\t\t\t<svg xmlns=\"http:\/\/www.w3.org\/2000\/svg\" width=\"56\" height=\"56\" viewBox=\"0 0 56 56\" fill=\"none\"><rect width=\"56\" height=\"56\" rx=\"4\" fill=\"#EC649F\"><\/rect><path d=\"M27.9999 29.4299C29.723 29.4299 31.1199 28.0331 31.1199 26.3099C31.1199 24.5868 29.723 23.1899 27.9999 23.1899C26.2768 23.1899 24.8799 24.5868 24.8799 26.3099C24.8799 28.0331 26.2768 29.4299 27.9999 29.4299Z\" stroke=\"white\" stroke-width=\"2\"><\/path><path d=\"M19.6197 24.49C21.5897 15.83 34.4197 15.84 36.3797 24.5C37.5297 29.58 34.3697 33.88 31.5997 36.54C29.5897 38.48 26.4097 38.48 24.3897 36.54C21.6297 33.88 18.4697 29.57 19.6197 24.49Z\" stroke=\"white\" stroke-width=\"2\"><\/path><\/svg>\t\t\t\t\t\t<\/span>\n\t\t\t\t\t\t\t\t\t\t<span class=\"elementor-icon-list-text\"><strong>M\u00edsto kon\u00e1n\u00ed:<\/strong> Fly Vista Rooftop bar, N\u00e1rodn\u00ed 63, Praha 1<\/span>\n\t\t\t\t\t\t\t\t\t<\/li>\n\t\t\t\t\t\t<\/ul>\n\t\t\t\t\t\t<\/div>\n\t\t\t\t<\/div>\n\t\t\t\t<\/div>\n\t\t\t\t<\/div>\n\t\t<div class=\"elementor-element elementor-element-e5ee40d e-con-full e-flex e-con e-child\" data-id=\"e5ee40d\" data-element_type=\"container\" data-e-type=\"container\">\n\t\t\t\t<div class=\"elementor-element elementor-element-827aef0 elementor-widget elementor-widget-image\" data-id=\"827aef0\" data-element_type=\"widget\" data-e-type=\"widget\" data-widget_type=\"image.default\">\n\t\t\t\t<div class=\"elementor-widget-container\">\n\t\t\t\t\t\t\t\t\t\t\t\t\t\t\t<img fetchpriority=\"high\" decoding=\"async\" width=\"800\" height=\"621\" src=\"https:\/\/terauchi-prague.com\/wp-content\/uploads\/2024\/09\/Rectangle-4374-3-1024x795.png\" class=\"attachment-large size-large wp-image-2537\" alt=\"\" srcset=\"https:\/\/terauchi-prague.com\/wp-content\/uploads\/2024\/09\/Rectangle-4374-3-1024x795.png 1024w, https:\/\/terauchi-prague.com\/wp-content\/uploads\/2024\/09\/Rectangle-4374-3-300x233.png 300w, https:\/\/terauchi-prague.com\/wp-content\/uploads\/2024\/09\/Rectangle-4374-3-768x597.png 768w, https:\/\/terauchi-prague.com\/wp-content\/uploads\/2024\/09\/Rectangle-4374-3-1536x1193.png 1536w, https:\/\/terauchi-prague.com\/wp-content\/uploads\/2024\/09\/Rectangle-4374-3-2048x1591.png 2048w, https:\/\/terauchi-prague.com\/wp-content\/uploads\/2024\/09\/Rectangle-4374-3-600x466.png 600w\" sizes=\"(max-width: 800px) 100vw, 800px\" \/>\t\t\t\t\t\t\t\t\t\t\t\t\t\t\t<\/div>\n\t\t\t\t<\/div>\n\t\t\t\t<\/div>\n\t\t\t\t\t<\/div>\n\t\t\t\t<\/div>\n\t\t<div class=\"elementor-element elementor-element-1d58a1d section--next e-flex e-con-boxed e-con e-parent\" data-id=\"1d58a1d\" data-element_type=\"container\" data-e-type=\"container\" data-settings=\"{&quot;background_background&quot;:&quot;classic&quot;}\">\n\t\t\t\t\t<div class=\"e-con-inner\">\n\t\t<div class=\"elementor-element elementor-element-5e5c602 e-con-full e-flex e-con e-child\" data-id=\"5e5c602\" data-element_type=\"container\" data-e-type=\"container\">\n\t\t\t\t<div class=\"elementor-element elementor-element-fb07f7a elementor-widget elementor-widget-image\" data-id=\"fb07f7a\" data-element_type=\"widget\" data-e-type=\"widget\" data-widget_type=\"image.default\">\n\t\t\t\t<div class=\"elementor-widget-container\">\n\t\t\t\t\t\t\t\t\t\t\t\t\t\t\t<img decoding=\"async\" width=\"800\" height=\"720\" src=\"https:\/\/terauchi-prague.com\/wp-content\/uploads\/2024\/09\/Frame-427318913-1024x921.png\" class=\"attachment-large size-large wp-image-2539\" alt=\"\" srcset=\"https:\/\/terauchi-prague.com\/wp-content\/uploads\/2024\/09\/Frame-427318913-1024x921.png 1024w, https:\/\/terauchi-prague.com\/wp-content\/uploads\/2024\/09\/Frame-427318913-300x270.png 300w, https:\/\/terauchi-prague.com\/wp-content\/uploads\/2024\/09\/Frame-427318913-768x691.png 768w, https:\/\/terauchi-prague.com\/wp-content\/uploads\/2024\/09\/Frame-427318913-1536x1382.png 1536w, https:\/\/terauchi-prague.com\/wp-content\/uploads\/2024\/09\/Frame-427318913-2048x1843.png 2048w, https:\/\/terauchi-prague.com\/wp-content\/uploads\/2024\/09\/Frame-427318913-600x540.png 600w\" sizes=\"(max-width: 800px) 100vw, 800px\" \/>\t\t\t\t\t\t\t\t\t\t\t\t\t\t\t<\/div>\n\t\t\t\t<\/div>\n\t\t\t\t<\/div>\n\t\t<div class=\"elementor-element elementor-element-2140d6b e-con-full e-flex e-con e-child\" data-id=\"2140d6b\" data-element_type=\"container\" data-e-type=\"container\">\n\t\t<div class=\"elementor-element elementor-element-fd77418 e-con-full e-flex e-con e-child\" data-id=\"fd77418\" data-element_type=\"container\" data-e-type=\"container\">\n\t\t\t\t<div class=\"elementor-element elementor-element-d994b00 elementor-widget elementor-widget-heading\" data-id=\"d994b00\" data-element_type=\"widget\" data-e-type=\"widget\" data-widget_type=\"heading.default\">\n\t\t\t\t<div class=\"elementor-widget-container\">\n\t\t\t\t\t<h2 class=\"elementor-heading-title elementor-size-default\">VIP ve\u010de\u0159e s Dr. Terauchim<\/h2>\t\t\t\t<\/div>\n\t\t\t\t<\/div>\n\t\t\t\t<div class=\"elementor-element elementor-element-fc08a7b elementor-widget elementor-widget-text-editor\" data-id=\"fc08a7b\" data-element_type=\"widget\" data-e-type=\"widget\" data-widget_type=\"text-editor.default\">\n\t\t\t\t<div class=\"elementor-widget-container\">\n\t\t\t\t\t\t\t\t\t<p>Za\u017eijte jedine\u010dn\u00fd gastronomick\u00fd, spole\u010densk\u00fd i odborn\u00fd ve\u010der v luxusn\u00ed restauraci v historick\u00e9m centru Prahy.<\/p><p>Restaurace Kampa Park se nach\u00e1z\u00ed v samotn\u00e9m centru historick\u00e9 Prahy, na Mal\u00e9 Stran\u011b, p\u0159i \u00fapat\u00ed Karlova mostu a host\u016fm nab\u00edz\u00ed nejen jedine\u010dn\u00fd gastronomick\u00fd z\u00e1\u017eitek dopln\u011bn\u00fd o dokonal\u00fd servis sehran\u00e9ho person\u00e1lu, ale tak\u00e9 bezkonkuren\u010dn\u00ed v\u00fdhled na Vltavu a historickou perlu Prahy Karl\u016fv most.<br \/><strong>Cena: 350 EUR<\/strong><\/p>\t\t\t\t\t\t\t\t<\/div>\n\t\t\t\t<\/div>\n\t\t\t\t<div class=\"elementor-element elementor-element-3172d68 elementor-icon-list--layout-traditional elementor-list-item-link-full_width elementor-widget elementor-widget-icon-list\" data-id=\"3172d68\" data-element_type=\"widget\" data-e-type=\"widget\" data-widget_type=\"icon-list.default\">\n\t\t\t\t<div class=\"elementor-widget-container\">\n\t\t\t\t\t\t\t<ul class=\"elementor-icon-list-items\">\n\t\t\t\t\t\t\t<li class=\"elementor-icon-list-item\">\n\t\t\t\t\t\t\t\t\t\t\t<span class=\"elementor-icon-list-icon\">\n\t\t\t\t\t\t\t<svg xmlns=\"http:\/\/www.w3.org\/2000\/svg\" width=\"25\" height=\"26\" viewBox=\"0 0 25 26\" fill=\"none\"><rect y=\"0.453125\" width=\"25\" height=\"25.0935\" rx=\"12.5\" fill=\"#EC649F\"><\/rect><path d=\"M15.795 11.649L12.1022 15.3415C11.8287 15.615 11.3851 15.615 11.1114 15.3415L9.20517 13.4352C8.93161 13.1617 8.93161 12.718 9.20517 12.4445C9.47878 12.1708 9.92233 12.1708 10.1958 12.4444L11.6069 13.8555L14.8041 10.6583C15.0778 10.3846 15.5213 10.3849 15.7949 10.6583C16.0684 10.9318 16.0684 11.3753 15.795 11.649Z\" fill=\"white\"><\/path><\/svg>\t\t\t\t\t\t<\/span>\n\t\t\t\t\t\t\t\t\t\t<span class=\"elementor-icon-list-text\">Do restaurace (a z n\u00ed) se dostanete po vod\u011b. Sou\u010d\u00e1st\u00ed degusta\u010dn\u00ed ve\u010dere s vinn\u00fdm p\u00e1rov\u00e1n\u00edm je i doprava s kr\u00e1tkou vyhl\u00eddkovou plavbou<strong> luxusn\u00ed lod\u00ed Presidental Crusies.<\/strong><\/span>\n\t\t\t\t\t\t\t\t\t<\/li>\n\t\t\t\t\t\t\t\t<li class=\"elementor-icon-list-item\">\n\t\t\t\t\t\t\t\t\t\t\t<span class=\"elementor-icon-list-icon\">\n\t\t\t\t\t\t\t<svg xmlns=\"http:\/\/www.w3.org\/2000\/svg\" width=\"25\" height=\"26\" viewBox=\"0 0 25 26\" fill=\"none\"><rect y=\"0.453125\" width=\"25\" height=\"25.0935\" rx=\"12.5\" fill=\"#EC649F\"><\/rect><path d=\"M15.795 11.649L12.1022 15.3415C11.8287 15.615 11.3851 15.615 11.1114 15.3415L9.20517 13.4352C8.93161 13.1617 8.93161 12.718 9.20517 12.4445C9.47878 12.1708 9.92233 12.1708 10.1958 12.4444L11.6069 13.8555L14.8041 10.6583C15.0778 10.3846 15.5213 10.3849 15.7949 10.6583C16.0684 10.9318 16.0684 11.3753 15.795 11.649Z\" fill=\"white\"><\/path><\/svg>\t\t\t\t\t\t<\/span>\n\t\t\t\t\t\t\t\t\t\t<span class=\"elementor-icon-list-text\">Abychom zajistili jedine\u010dnou a intimn\u00ed atmosf\u00e9ru ve\u010dera a umo\u017enili v\u0161em host\u016fm p\u0159\u00edmo hovo\u0159it s Dr. Terauchim, bude v prodeji pouze <strong>omezen\u00fd po\u010det m\u00edst.<\/strong><\/span>\n\t\t\t\t\t\t\t\t\t<\/li>\n\t\t\t\t\t\t\t\t<li class=\"elementor-icon-list-item\">\n\t\t\t\t\t\t\t\t\t\t\t<span class=\"elementor-icon-list-icon\">\n\t\t\t\t\t\t\t<svg xmlns=\"http:\/\/www.w3.org\/2000\/svg\" width=\"25\" height=\"26\" viewBox=\"0 0 25 26\" fill=\"none\"><rect y=\"0.453125\" width=\"25\" height=\"25.0935\" rx=\"12.5\" fill=\"#EC649F\"><\/rect><path d=\"M15.795 11.649L12.1022 15.3415C11.8287 15.615 11.3851 15.615 11.1114 15.3415L9.20517 13.4352C8.93161 13.1617 8.93161 12.718 9.20517 12.4445C9.47878 12.1708 9.92233 12.1708 10.1958 12.4444L11.6069 13.8555L14.8041 10.6583C15.0778 10.3846 15.5213 10.3849 15.7949 10.6583C16.0684 10.9318 16.0684 11.3753 15.795 11.649Z\" fill=\"white\"><\/path><\/svg>\t\t\t\t\t\t<\/span>\n\t\t\t\t\t\t\t\t\t\t<span class=\"elementor-icon-list-text\"><strong>Dress code:<\/strong> Cocktail \/ Smart Casual<\/span>\n\t\t\t\t\t\t\t\t\t<\/li>\n\t\t\t\t\t\t<\/ul>\n\t\t\t\t\t\t<\/div>\n\t\t\t\t<\/div>\n\t\t\t\t<\/div>\n\t\t\t\t<\/div>\n\t\t\t\t\t<\/div>\n\t\t\t\t<\/div>\n\t\t\t\t<\/div>\n\t\t","protected":false},"excerpt":{"rendered":"<p>Get Together Party Ho\u010f se do klidu, dej si drink, s Yoshim a Arnaldem a vyhraj Ferrari! Dlouh\u00fd den pln\u00fd p\u0159edn\u00e1\u0161ek? Te\u010f je \u010das vym\u011bnit endon\u00e1stroje za bublinky!P\u0159ij\u010f se odreagovat, chytit z\u00e1pad slunce, pokecat s k\u00e1mo\u0161i (star\u00fdmi i nov\u00fdmi) a prost\u011b si to u\u017e\u00edt. Postar\u00e1me se o drinky, dobr\u00e9 j\u00eddlo, muziku a nezapomenuteln\u00fd v\u00fdhled na [&hellip;]<\/p>\n","protected":false},"author":2,"featured_media":0,"parent":0,"menu_order":0,"comment_status":"closed","ping_status":"closed","template":"","meta":{"_acf_changed":false,"footnotes":""},"class_list":["post-2653","page","type-page","status-publish","hentry"],"acf":[],"yoast_head":"<!-- This site is optimized with the Yoast SEO plugin v27.5 - https:\/\/yoast.com\/product\/yoast-seo-wordpress\/ -->\n<title>Spole\u010densk\u00fd program - Terauchi Prague<\/title>\n<meta name=\"robots\" content=\"index, follow, max-snippet:-1, max-image-preview:large, max-video-preview:-1\" \/>\n<link rel=\"canonical\" href=\"https:\/\/terauchi-prague.com\/cs\/spolecensky-program\" \/>\n<meta property=\"og:locale\" content=\"cs_CZ\" \/>\n<meta property=\"og:type\" content=\"article\" \/>\n<meta property=\"og:title\" content=\"Spole\u010densk\u00fd program - Terauchi Prague\" \/>\n<meta property=\"og:description\" content=\"Get Together Party Ho\u010f se do klidu, dej si drink, s Yoshim a Arnaldem a vyhraj Ferrari! Dlouh\u00fd den pln\u00fd p\u0159edn\u00e1\u0161ek? Te\u010f je \u010das vym\u011bnit endon\u00e1stroje za bublinky!P\u0159ij\u010f se odreagovat, chytit z\u00e1pad slunce, pokecat s k\u00e1mo\u0161i (star\u00fdmi i nov\u00fdmi) a prost\u011b si to u\u017e\u00edt. Postar\u00e1me se o drinky, dobr\u00e9 j\u00eddlo, muziku a nezapomenuteln\u00fd v\u00fdhled na [&hellip;]\" \/>\n<meta property=\"og:url\" content=\"https:\/\/terauchi-prague.com\/cs\/spolecensky-program\" \/>\n<meta property=\"og:site_name\" content=\"Terauchi Prague\" \/>\n<meta property=\"article:modified_time\" content=\"2025-04-26T12:30:34+00:00\" \/>\n<meta property=\"og:image\" content=\"https:\/\/terauchi-prague.com\/wp-content\/uploads\/2024\/09\/Rectangle-4374-3-1024x795.png\" \/>\n<meta name=\"twitter:card\" content=\"summary_large_image\" \/>\n<meta name=\"twitter:label1\" content=\"Odhadovan\u00e1 doba \u010dten\u00ed\" \/>\n\t<meta name=\"twitter:data1\" content=\"2 minuty\" \/>\n<script type=\"application\/ld+json\" class=\"yoast-schema-graph\">{\"@context\":\"https:\\\/\\\/schema.org\",\"@graph\":[{\"@type\":\"WebPage\",\"@id\":\"https:\\\/\\\/terauchi-prague.com\\\/cs\\\/spolecensky-program\",\"url\":\"https:\\\/\\\/terauchi-prague.com\\\/cs\\\/spolecensky-program\",\"name\":\"Spole\u010densk\u00fd program - Terauchi Prague\",\"isPartOf\":{\"@id\":\"https:\\\/\\\/terauchi-prague.com\\\/#website\"},\"primaryImageOfPage\":{\"@id\":\"https:\\\/\\\/terauchi-prague.com\\\/cs\\\/spolecensky-program#primaryimage\"},\"image\":{\"@id\":\"https:\\\/\\\/terauchi-prague.com\\\/cs\\\/spolecensky-program#primaryimage\"},\"thumbnailUrl\":\"https:\\\/\\\/terauchi-prague.com\\\/wp-content\\\/uploads\\\/2024\\\/09\\\/Rectangle-4374-3-1024x795.png\",\"datePublished\":\"2024-09-16T14:58:12+00:00\",\"dateModified\":\"2025-04-26T12:30:34+00:00\",\"breadcrumb\":{\"@id\":\"https:\\\/\\\/terauchi-prague.com\\\/cs\\\/spolecensky-program#breadcrumb\"},\"inLanguage\":\"cs\",\"potentialAction\":[{\"@type\":\"ReadAction\",\"target\":[\"https:\\\/\\\/terauchi-prague.com\\\/cs\\\/spolecensky-program\"]}]},{\"@type\":\"ImageObject\",\"inLanguage\":\"cs\",\"@id\":\"https:\\\/\\\/terauchi-prague.com\\\/cs\\\/spolecensky-program#primaryimage\",\"url\":\"https:\\\/\\\/terauchi-prague.com\\\/wp-content\\\/uploads\\\/2024\\\/09\\\/Rectangle-4374-3-1024x795.png\",\"contentUrl\":\"https:\\\/\\\/terauchi-prague.com\\\/wp-content\\\/uploads\\\/2024\\\/09\\\/Rectangle-4374-3-1024x795.png\"},{\"@type\":\"BreadcrumbList\",\"@id\":\"https:\\\/\\\/terauchi-prague.com\\\/cs\\\/spolecensky-program#breadcrumb\",\"itemListElement\":[{\"@type\":\"ListItem\",\"position\":1,\"name\":\"Dom\u016f\",\"item\":\"https:\\\/\\\/terauchi-prague.com\\\/cs\"},{\"@type\":\"ListItem\",\"position\":2,\"name\":\"Spole\u010densk\u00fd program\"}]},{\"@type\":\"WebSite\",\"@id\":\"https:\\\/\\\/terauchi-prague.com\\\/#website\",\"url\":\"https:\\\/\\\/terauchi-prague.com\\\/\",\"name\":\"Terauchi Prague\",\"description\":\"\",\"publisher\":{\"@id\":\"https:\\\/\\\/terauchi-prague.com\\\/#organization\"},\"potentialAction\":[{\"@type\":\"SearchAction\",\"target\":{\"@type\":\"EntryPoint\",\"urlTemplate\":\"https:\\\/\\\/terauchi-prague.com\\\/?s={search_term_string}\"},\"query-input\":{\"@type\":\"PropertyValueSpecification\",\"valueRequired\":true,\"valueName\":\"search_term_string\"}}],\"inLanguage\":\"cs\"},{\"@type\":\"Organization\",\"@id\":\"https:\\\/\\\/terauchi-prague.com\\\/#organization\",\"name\":\"Terauchi Prague\",\"url\":\"https:\\\/\\\/terauchi-prague.com\\\/\",\"logo\":{\"@type\":\"ImageObject\",\"inLanguage\":\"cs\",\"@id\":\"https:\\\/\\\/terauchi-prague.com\\\/#\\\/schema\\\/logo\\\/image\\\/\",\"url\":\"https:\\\/\\\/terauchi-prague.com\\\/wp-content\\\/uploads\\\/2024\\\/07\\\/LOGO.svg\",\"contentUrl\":\"https:\\\/\\\/terauchi-prague.com\\\/wp-content\\\/uploads\\\/2024\\\/07\\\/LOGO.svg\",\"width\":80,\"height\":80,\"caption\":\"Terauchi Prague\"},\"image\":{\"@id\":\"https:\\\/\\\/terauchi-prague.com\\\/#\\\/schema\\\/logo\\\/image\\\/\"}}]}<\/script>\n<!-- \/ Yoast SEO plugin. -->","yoast_head_json":{"title":"Spole\u010densk\u00fd program - Terauchi Prague","robots":{"index":"index","follow":"follow","max-snippet":"max-snippet:-1","max-image-preview":"max-image-preview:large","max-video-preview":"max-video-preview:-1"},"canonical":"https:\/\/terauchi-prague.com\/cs\/spolecensky-program","og_locale":"cs_CZ","og_type":"article","og_title":"Spole\u010densk\u00fd program - Terauchi Prague","og_description":"Get Together Party Ho\u010f se do klidu, dej si drink, s Yoshim a Arnaldem a vyhraj Ferrari! Dlouh\u00fd den pln\u00fd p\u0159edn\u00e1\u0161ek? Te\u010f je \u010das vym\u011bnit endon\u00e1stroje za bublinky!P\u0159ij\u010f se odreagovat, chytit z\u00e1pad slunce, pokecat s k\u00e1mo\u0161i (star\u00fdmi i nov\u00fdmi) a prost\u011b si to u\u017e\u00edt. Postar\u00e1me se o drinky, dobr\u00e9 j\u00eddlo, muziku a nezapomenuteln\u00fd v\u00fdhled na [&hellip;]","og_url":"https:\/\/terauchi-prague.com\/cs\/spolecensky-program","og_site_name":"Terauchi Prague","article_modified_time":"2025-04-26T12:30:34+00:00","og_image":[{"url":"https:\/\/terauchi-prague.com\/wp-content\/uploads\/2024\/09\/Rectangle-4374-3-1024x795.png","type":"","width":"","height":""}],"twitter_card":"summary_large_image","twitter_misc":{"Odhadovan\u00e1 doba \u010dten\u00ed":"2 minuty"},"schema":{"@context":"https:\/\/schema.org","@graph":[{"@type":"WebPage","@id":"https:\/\/terauchi-prague.com\/cs\/spolecensky-program","url":"https:\/\/terauchi-prague.com\/cs\/spolecensky-program","name":"Spole\u010densk\u00fd program - Terauchi Prague","isPartOf":{"@id":"https:\/\/terauchi-prague.com\/#website"},"primaryImageOfPage":{"@id":"https:\/\/terauchi-prague.com\/cs\/spolecensky-program#primaryimage"},"image":{"@id":"https:\/\/terauchi-prague.com\/cs\/spolecensky-program#primaryimage"},"thumbnailUrl":"https:\/\/terauchi-prague.com\/wp-content\/uploads\/2024\/09\/Rectangle-4374-3-1024x795.png","datePublished":"2024-09-16T14:58:12+00:00","dateModified":"2025-04-26T12:30:34+00:00","breadcrumb":{"@id":"https:\/\/terauchi-prague.com\/cs\/spolecensky-program#breadcrumb"},"inLanguage":"cs","potentialAction":[{"@type":"ReadAction","target":["https:\/\/terauchi-prague.com\/cs\/spolecensky-program"]}]},{"@type":"ImageObject","inLanguage":"cs","@id":"https:\/\/terauchi-prague.com\/cs\/spolecensky-program#primaryimage","url":"https:\/\/terauchi-prague.com\/wp-content\/uploads\/2024\/09\/Rectangle-4374-3-1024x795.png","contentUrl":"https:\/\/terauchi-prague.com\/wp-content\/uploads\/2024\/09\/Rectangle-4374-3-1024x795.png"},{"@type":"BreadcrumbList","@id":"https:\/\/terauchi-prague.com\/cs\/spolecensky-program#breadcrumb","itemListElement":[{"@type":"ListItem","position":1,"name":"Dom\u016f","item":"https:\/\/terauchi-prague.com\/cs"},{"@type":"ListItem","position":2,"name":"Spole\u010densk\u00fd program"}]},{"@type":"WebSite","@id":"https:\/\/terauchi-prague.com\/#website","url":"https:\/\/terauchi-prague.com\/","name":"Terauchi Prague","description":"","publisher":{"@id":"https:\/\/terauchi-prague.com\/#organization"},"potentialAction":[{"@type":"SearchAction","target":{"@type":"EntryPoint","urlTemplate":"https:\/\/terauchi-prague.com\/?s={search_term_string}"},"query-input":{"@type":"PropertyValueSpecification","valueRequired":true,"valueName":"search_term_string"}}],"inLanguage":"cs"},{"@type":"Organization","@id":"https:\/\/terauchi-prague.com\/#organization","name":"Terauchi Prague","url":"https:\/\/terauchi-prague.com\/","logo":{"@type":"ImageObject","inLanguage":"cs","@id":"https:\/\/terauchi-prague.com\/#\/schema\/logo\/image\/","url":"https:\/\/terauchi-prague.com\/wp-content\/uploads\/2024\/07\/LOGO.svg","contentUrl":"https:\/\/terauchi-prague.com\/wp-content\/uploads\/2024\/07\/LOGO.svg","width":80,"height":80,"caption":"Terauchi Prague"},"image":{"@id":"https:\/\/terauchi-prague.com\/#\/schema\/logo\/image\/"}}]}},"_links":{"self":[{"href":"https:\/\/terauchi-prague.com\/cs\/wp-json\/wp\/v2\/pages\/2653","targetHints":{"allow":["GET"]}}],"collection":[{"href":"https:\/\/terauchi-prague.com\/cs\/wp-json\/wp\/v2\/pages"}],"about":[{"href":"https:\/\/terauchi-prague.com\/cs\/wp-json\/wp\/v2\/types\/page"}],"author":[{"embeddable":true,"href":"https:\/\/terauchi-prague.com\/cs\/wp-json\/wp\/v2\/users\/2"}],"replies":[{"embeddable":true,"href":"https:\/\/terauchi-prague.com\/cs\/wp-json\/wp\/v2\/comments?post=2653"}],"version-history":[{"count":27,"href":"https:\/\/terauchi-prague.com\/cs\/wp-json\/wp\/v2\/pages\/2653\/revisions"}],"predecessor-version":[{"id":6176,"href":"https:\/\/terauchi-prague.com\/cs\/wp-json\/wp\/v2\/pages\/2653\/revisions\/6176"}],"wp:attachment":[{"href":"https:\/\/terauchi-prague.com\/cs\/wp-json\/wp\/v2\/media?parent=2653"}],"curies":[{"name":"wp","href":"https:\/\/api.w.org\/{rel}","templated":true}]}}