{"id":2593,"date":"2024-09-16T13:41:42","date_gmt":"2024-09-16T11:41:42","guid":{"rendered":"https:\/\/terauchi-prague.com\/doprovodny-program\/"},"modified":"2025-04-26T14:32:05","modified_gmt":"2025-04-26T12:32:05","slug":"doprovodny-program","status":"publish","type":"page","link":"https:\/\/terauchi-prague.com\/cs\/doprovodny-program","title":{"rendered":"Doprovodn\u00fd program"},"content":{"rendered":"\t\t<div data-elementor-type=\"wp-page\" data-elementor-id=\"2593\" class=\"elementor elementor-2593 elementor-2400\" data-elementor-post-type=\"page\">\n\t\t\t\t<div class=\"elementor-element elementor-element-30034b6 section--hero e-flex e-con-boxed e-con e-parent\" data-id=\"30034b6\" data-element_type=\"container\" data-e-type=\"container\" data-settings=\"{&quot;background_background&quot;:&quot;classic&quot;}\">\n\t\t\t\t\t<div class=\"e-con-inner\">\n\t\t<div class=\"elementor-element elementor-element-2c60623 e-con-full e-flex e-con e-child\" data-id=\"2c60623\" data-element_type=\"container\" data-e-type=\"container\">\n\t\t<div class=\"elementor-element elementor-element-f4d4a1d e-con-full e-flex e-con e-child\" data-id=\"f4d4a1d\" data-element_type=\"container\" data-e-type=\"container\">\n\t\t\t\t<\/div>\n\t\t\t\t<\/div>\n\t\t\t\t\t<\/div>\n\t\t\t\t<\/div>\n\t\t<div class=\"elementor-element elementor-element-0809a8c section--next e-flex e-con-boxed e-con e-parent\" data-id=\"0809a8c\" data-element_type=\"container\" data-e-type=\"container\" data-settings=\"{&quot;background_background&quot;:&quot;classic&quot;}\">\n\t\t\t\t\t<div class=\"e-con-inner\">\n\t\t<div class=\"elementor-element elementor-element-5290ff7 e-con-full e-flex e-con e-child\" data-id=\"5290ff7\" data-element_type=\"container\" data-e-type=\"container\">\n\t\t<div class=\"elementor-element elementor-element-b6de9bd e-flex e-con-boxed e-con e-child\" data-id=\"b6de9bd\" data-element_type=\"container\" data-e-type=\"container\">\n\t\t\t\t\t<div class=\"e-con-inner\">\n\t\t<div class=\"elementor-element elementor-element-0a5309d e-flex e-con-boxed e-con e-child\" data-id=\"0a5309d\" data-element_type=\"container\" data-e-type=\"container\">\n\t\t\t\t\t<div class=\"e-con-inner\">\n\t\t\t\t<div class=\"elementor-element elementor-element-3a5dc30 elementor-widget elementor-widget-heading\" data-id=\"3a5dc30\" data-element_type=\"widget\" data-e-type=\"widget\" data-widget_type=\"heading.default\">\n\t\t\t\t<div class=\"elementor-widget-container\">\n\t\t\t\t\t<h2 class=\"elementor-heading-title elementor-size-default\">O doprovodn\u00e9m programu<\/h2>\t\t\t\t<\/div>\n\t\t\t\t<\/div>\n\t\t\t\t<div class=\"elementor-element elementor-element-7d434c9 elementor-widget elementor-widget-text-editor\" data-id=\"7d434c9\" data-element_type=\"widget\" data-e-type=\"widget\" data-widget_type=\"text-editor.default\">\n\t\t\t\t<div class=\"elementor-widget-container\">\n\t\t\t\t\t\t\t\t\t<p>N\u011bkte\u0159\u00ed \u0159\u00edkaj\u00ed, \u017ee Praha jedno z nejkr\u00e1sn\u011bj\u0161\u00edch m\u011bst na sv\u011bt\u011b. A my naprosto souhlas\u00edme! Star\u00e1 Praha je okouzluj\u00edc\u00ed m\u00edsto pln\u00e9 malebn\u00fdch z\u00e1kout\u00ed a kouzeln\u00fdch romantick\u00fdch uli\u010dek pln\u00fdch tajemstv\u00ed a historie, ale na ja\u0159e n\u00e1v\u0161t\u011bvn\u00edky okouzl\u00ed i rozkvetl\u00fdmi v\u00fdhledy na \u0159eku a historick\u00e9 centrum.  <\/p>\n<p>Poznejte historii m\u011bsta zevnit\u0159. Provedeme V\u00e1s j\u00edm! <\/p>\n\t\t\t\t\t\t\t\t<\/div>\n\t\t\t\t<\/div>\n\t\t\t\t\t<\/div>\n\t\t\t\t<\/div>\n\t\t<div class=\"elementor-element elementor-element-ed5b955 e-con-full e-flex e-con e-child\" data-id=\"ed5b955\" data-element_type=\"container\" data-e-type=\"container\">\n\t\t<div class=\"elementor-element elementor-element-2d30099 e-con-full e-flex e-con e-child\" data-id=\"2d30099\" data-element_type=\"container\" data-e-type=\"container\" data-settings=\"{&quot;background_background&quot;:&quot;classic&quot;}\">\n\t\t\t\t<div class=\"elementor-element elementor-element-2dc136a elementor-widget elementor-widget-image\" data-id=\"2dc136a\" data-element_type=\"widget\" data-e-type=\"widget\" data-widget_type=\"image.default\">\n\t\t\t\t<div class=\"elementor-widget-container\">\n\t\t\t\t\t\t\t\t\t\t\t\t\t\t\t<img fetchpriority=\"high\" decoding=\"async\" width=\"1488\" height=\"968\" src=\"https:\/\/terauchi-prague.com\/wp-content\/uploads\/2024\/09\/Rectangle-4427.png\" class=\"attachment-full size-full wp-image-2410\" alt=\"\" srcset=\"https:\/\/terauchi-prague.com\/wp-content\/uploads\/2024\/09\/Rectangle-4427.png 1488w, https:\/\/terauchi-prague.com\/wp-content\/uploads\/2024\/09\/Rectangle-4427-300x195.png 300w, https:\/\/terauchi-prague.com\/wp-content\/uploads\/2024\/09\/Rectangle-4427-1024x666.png 1024w, https:\/\/terauchi-prague.com\/wp-content\/uploads\/2024\/09\/Rectangle-4427-768x500.png 768w, https:\/\/terauchi-prague.com\/wp-content\/uploads\/2024\/09\/Rectangle-4427-600x390.png 600w\" sizes=\"(max-width: 1488px) 100vw, 1488px\" \/>\t\t\t\t\t\t\t\t\t\t\t\t\t\t\t<\/div>\n\t\t\t\t<\/div>\n\t\t\t\t<div class=\"elementor-element elementor-element-b8f43b7 elementor-widget elementor-widget-text-editor\" data-id=\"b8f43b7\" data-element_type=\"widget\" data-e-type=\"widget\" data-widget_type=\"text-editor.default\">\n\t\t\t\t<div class=\"elementor-widget-container\">\n\t\t\t\t\t\t\t\t\t<p><strong>Pro z\u00e1jemce p\u0159ipravujeme organizovan\u00e9 prohl\u00eddky historick\u00e9ho centra se zku\u0161en\u00fdm pr\u016fvodcem, kter\u00fd V\u00e1m umo\u017en\u00ed nahl\u00e9dnout z\u00e1bavnou formou do historie Prahy.<\/strong><\/p>\t\t\t\t\t\t\t\t<\/div>\n\t\t\t\t<\/div>\n\t\t\t\t<\/div>\n\t\t<div class=\"elementor-element elementor-element-ebc436f e-con-full e-flex e-con e-child\" data-id=\"ebc436f\" data-element_type=\"container\" data-e-type=\"container\" data-settings=\"{&quot;background_background&quot;:&quot;classic&quot;}\">\n\t\t\t\t<div class=\"elementor-element elementor-element-1fb41c9 elementor-widget elementor-widget-image\" data-id=\"1fb41c9\" data-element_type=\"widget\" data-e-type=\"widget\" data-widget_type=\"image.default\">\n\t\t\t\t<div class=\"elementor-widget-container\">\n\t\t\t\t\t\t\t\t\t\t\t\t\t\t\t<img decoding=\"async\" width=\"1488\" height=\"968\" src=\"https:\/\/terauchi-prague.com\/wp-content\/uploads\/2024\/09\/Rectangle-4427-1.png\" class=\"attachment-full size-full wp-image-2406\" alt=\"\" srcset=\"https:\/\/terauchi-prague.com\/wp-content\/uploads\/2024\/09\/Rectangle-4427-1.png 1488w, https:\/\/terauchi-prague.com\/wp-content\/uploads\/2024\/09\/Rectangle-4427-1-300x195.png 300w, https:\/\/terauchi-prague.com\/wp-content\/uploads\/2024\/09\/Rectangle-4427-1-1024x666.png 1024w, https:\/\/terauchi-prague.com\/wp-content\/uploads\/2024\/09\/Rectangle-4427-1-768x500.png 768w, https:\/\/terauchi-prague.com\/wp-content\/uploads\/2024\/09\/Rectangle-4427-1-600x390.png 600w\" sizes=\"(max-width: 1488px) 100vw, 1488px\" \/>\t\t\t\t\t\t\t\t\t\t\t\t\t\t\t<\/div>\n\t\t\t\t<\/div>\n\t\t\t\t<div class=\"elementor-element elementor-element-e1140c2 elementor-widget elementor-widget-text-editor\" data-id=\"e1140c2\" data-element_type=\"widget\" data-e-type=\"widget\" data-widget_type=\"text-editor.default\">\n\t\t\t\t<div class=\"elementor-widget-container\">\n\t\t\t\t\t\t\t\t\t<p><strong>Kr\u00e1sn\u00fdmi z\u00e1kout\u00edmi vodn\u00edho kan\u00e1lu \u010certovka, jednoho z nejmalebn\u011bj\u0161\u00edch m\u00edst star\u00e9 Prahy, V\u00e1s proveze uniformovan\u00fd kapit\u00e1n na luxusn\u00ed ru\u010dn\u011b <span style=\"text-decoration: underline;\"><a style=\"color: #ec649f; text-decoration: underline;\" href=\"https:\/\/presidentialcruises.com\/\"><span style=\"color: #ec649f; text-decoration: underline;\">vyr\u00e1b\u011bn\u00e9 mahagonov\u00e9 lodi<\/span><\/a><\/span> s \u017eiv\u00fdm v\u00fdkladem o pam\u011btihodnostech v okol\u00ed \u0159eky Vltavy.<\/strong><\/p>\t\t\t\t\t\t\t\t<\/div>\n\t\t\t\t<\/div>\n\t\t\t\t<\/div>\n\t\t<div class=\"elementor-element elementor-element-c4637c7 e-con-full e-flex e-con e-child\" data-id=\"c4637c7\" data-element_type=\"container\" data-e-type=\"container\" data-settings=\"{&quot;background_background&quot;:&quot;classic&quot;}\">\n\t\t\t\t<div class=\"elementor-element elementor-element-dbd077f elementor-widget elementor-widget-image\" data-id=\"dbd077f\" data-element_type=\"widget\" data-e-type=\"widget\" data-widget_type=\"image.default\">\n\t\t\t\t<div class=\"elementor-widget-container\">\n\t\t\t\t\t\t\t\t\t\t\t\t\t\t\t<img decoding=\"async\" width=\"1488\" height=\"968\" src=\"https:\/\/terauchi-prague.com\/wp-content\/uploads\/2024\/09\/Rectangle-4427-2.png\" class=\"attachment-full size-full wp-image-2408\" alt=\"\" srcset=\"https:\/\/terauchi-prague.com\/wp-content\/uploads\/2024\/09\/Rectangle-4427-2.png 1488w, https:\/\/terauchi-prague.com\/wp-content\/uploads\/2024\/09\/Rectangle-4427-2-300x195.png 300w, https:\/\/terauchi-prague.com\/wp-content\/uploads\/2024\/09\/Rectangle-4427-2-1024x666.png 1024w, https:\/\/terauchi-prague.com\/wp-content\/uploads\/2024\/09\/Rectangle-4427-2-768x500.png 768w, https:\/\/terauchi-prague.com\/wp-content\/uploads\/2024\/09\/Rectangle-4427-2-600x390.png 600w\" sizes=\"(max-width: 1488px) 100vw, 1488px\" \/>\t\t\t\t\t\t\t\t\t\t\t\t\t\t\t<\/div>\n\t\t\t\t<\/div>\n\t\t\t\t<div class=\"elementor-element elementor-element-e73215f elementor-widget elementor-widget-text-editor\" data-id=\"e73215f\" data-element_type=\"widget\" data-e-type=\"widget\" data-widget_type=\"text-editor.default\">\n\t\t\t\t<div class=\"elementor-widget-container\">\n\t\t\t\t\t\t\t\t\t<p><strong>Velikono\u010dn\u00ed Praha nab\u00edz\u00ed \u0159adu mo\u017enost\u00ed duchovn\u00edho pro\u017eit\u00ed Velikonoc, a to v\u010detn\u011b <span style=\"text-decoration: underline; color: #ec649f;\"><a style=\"color: #ec649f; text-decoration: underline;\" href=\"https:\/\/www.kudyznudy.cz\/aktuality\/prozijte-duchovni-velikonoce-v-praze\">bohoslu\u017eeb<\/a><\/span> v nejv\u011bt\u0161\u00ed \u010desk\u00e9 katedr\u00e1le, Chr\u00e1mu sv. V\u00edta na Pra\u017esk\u00e9m hrad\u011b. Jedn\u00e1 se o nezapomenuteln\u00fd kulturn\u00ed i duchovn\u00ed z\u00e1\u017eitek.<\/strong><\/p>\t\t\t\t\t\t\t\t<\/div>\n\t\t\t\t<\/div>\n\t\t\t\t<\/div>\n\t\t\t\t<\/div>\n\t\t\t\t\t<\/div>\n\t\t\t\t<\/div>\n\t\t\t\t<\/div>\n\t\t\t\t\t<\/div>\n\t\t\t\t<\/div>\n\t\t<div class=\"elementor-element elementor-element-c36eebf section--next e-flex e-con-boxed e-con e-parent\" data-id=\"c36eebf\" data-element_type=\"container\" data-e-type=\"container\" data-settings=\"{&quot;background_background&quot;:&quot;classic&quot;}\">\n\t\t\t\t\t<div class=\"e-con-inner\">\n\t\t<div class=\"elementor-element elementor-element-fef6e40 e-con-full e-flex e-con e-child\" data-id=\"fef6e40\" data-element_type=\"container\" data-e-type=\"container\">\n\t\t<div class=\"elementor-element elementor-element-df3317c e-con-full e-flex e-con e-child\" data-id=\"df3317c\" data-element_type=\"container\" data-e-type=\"container\">\n\t\t\t\t<div class=\"elementor-element elementor-element-6c05cc9 elementor-widget elementor-widget-heading\" data-id=\"6c05cc9\" data-element_type=\"widget\" data-e-type=\"widget\" data-widget_type=\"heading.default\">\n\t\t\t\t<div class=\"elementor-widget-container\">\n\t\t\t\t\t<h2 class=\"elementor-heading-title elementor-size-default\">M\u00e1te se na co t\u011b\u0161it!<\/h2>\t\t\t\t<\/div>\n\t\t\t\t<\/div>\n\t\t\t\t<div class=\"elementor-element elementor-element-617765a elementor-widget elementor-widget-text-editor\" data-id=\"617765a\" data-element_type=\"widget\" data-e-type=\"widget\" data-widget_type=\"text-editor.default\">\n\t\t\t\t<div class=\"elementor-widget-container\">\n\t\t\t\t\t\t\t\t\t<p>Aktu\u00e1ln\u00ed nab\u00eddku p\u0159ipravujeme a budeme V\u00e1s spole\u010dn\u011b s dal\u0161\u00edmi tipy na pam\u011btihodnosti, kulturu i no\u010dn\u00ed \u017eivot informovat <strong>1 &#8211; 2<\/strong> m\u011bs\u00edce p\u0159ed za\u010d\u00e1tkem kongresu. <\/p>\n\t\t\t\t\t\t\t\t<\/div>\n\t\t\t\t<\/div>\n\t\t\t\t<\/div>\n\t\t\t\t<\/div>\n\t\t<div class=\"elementor-element elementor-element-e5ee40d e-con-full e-flex e-con e-child\" data-id=\"e5ee40d\" data-element_type=\"container\" data-e-type=\"container\">\n\t\t\t\t<div class=\"elementor-element elementor-element-827aef0 elementor-widget elementor-widget-image\" data-id=\"827aef0\" data-element_type=\"widget\" data-e-type=\"widget\" data-widget_type=\"image.default\">\n\t\t\t\t<div class=\"elementor-widget-container\">\n\t\t\t\t\t\t\t\t\t\t\t\t\t\t\t<img loading=\"lazy\" decoding=\"async\" width=\"800\" height=\"567\" src=\"https:\/\/terauchi-prague.com\/wp-content\/uploads\/2024\/09\/Rectangle-4374-1-1024x726.png\" class=\"attachment-large size-large wp-image-2417\" alt=\"\" srcset=\"https:\/\/terauchi-prague.com\/wp-content\/uploads\/2024\/09\/Rectangle-4374-1-1024x726.png 1024w, https:\/\/terauchi-prague.com\/wp-content\/uploads\/2024\/09\/Rectangle-4374-1-300x213.png 300w, https:\/\/terauchi-prague.com\/wp-content\/uploads\/2024\/09\/Rectangle-4374-1-768x544.png 768w, https:\/\/terauchi-prague.com\/wp-content\/uploads\/2024\/09\/Rectangle-4374-1-1536x1089.png 1536w, https:\/\/terauchi-prague.com\/wp-content\/uploads\/2024\/09\/Rectangle-4374-1-2048x1452.png 2048w, https:\/\/terauchi-prague.com\/wp-content\/uploads\/2024\/09\/Rectangle-4374-1-600x425.png 600w\" sizes=\"(max-width: 800px) 100vw, 800px\" \/>\t\t\t\t\t\t\t\t\t\t\t\t\t\t\t<\/div>\n\t\t\t\t<\/div>\n\t\t\t\t<\/div>\n\t\t\t\t\t<\/div>\n\t\t\t\t<\/div>\n\t\t\t\t<\/div>\n\t\t","protected":false},"excerpt":{"rendered":"<p>O doprovodn\u00e9m programu N\u011bkte\u0159\u00ed \u0159\u00edkaj\u00ed, \u017ee Praha jedno z nejkr\u00e1sn\u011bj\u0161\u00edch m\u011bst na sv\u011bt\u011b. A my naprosto souhlas\u00edme! Star\u00e1 Praha je okouzluj\u00edc\u00ed m\u00edsto pln\u00e9 malebn\u00fdch z\u00e1kout\u00ed a kouzeln\u00fdch romantick\u00fdch uli\u010dek pln\u00fdch tajemstv\u00ed a historie, ale na ja\u0159e n\u00e1v\u0161t\u011bvn\u00edky okouzl\u00ed i rozkvetl\u00fdmi v\u00fdhledy na \u0159eku a historick\u00e9 centrum. Poznejte historii m\u011bsta zevnit\u0159. Provedeme V\u00e1s j\u00edm! Pro z\u00e1jemce [&hellip;]<\/p>\n","protected":false},"author":2,"featured_media":0,"parent":0,"menu_order":0,"comment_status":"closed","ping_status":"closed","template":"","meta":{"_acf_changed":false,"footnotes":""},"class_list":["post-2593","page","type-page","status-publish","hentry"],"acf":[],"yoast_head":"<!-- This site is optimized with the Yoast SEO plugin v27.5 - https:\/\/yoast.com\/product\/yoast-seo-wordpress\/ -->\n<title>Doprovodn\u00fd program - Terauchi Prague<\/title>\n<meta name=\"robots\" content=\"index, follow, max-snippet:-1, max-image-preview:large, max-video-preview:-1\" \/>\n<link rel=\"canonical\" href=\"https:\/\/terauchi-prague.com\/cs\/doprovodny-program\" \/>\n<meta property=\"og:locale\" content=\"cs_CZ\" \/>\n<meta property=\"og:type\" content=\"article\" \/>\n<meta property=\"og:title\" content=\"Doprovodn\u00fd program - Terauchi Prague\" \/>\n<meta property=\"og:description\" content=\"O doprovodn\u00e9m programu N\u011bkte\u0159\u00ed \u0159\u00edkaj\u00ed, \u017ee Praha jedno z nejkr\u00e1sn\u011bj\u0161\u00edch m\u011bst na sv\u011bt\u011b. A my naprosto souhlas\u00edme! Star\u00e1 Praha je okouzluj\u00edc\u00ed m\u00edsto pln\u00e9 malebn\u00fdch z\u00e1kout\u00ed a kouzeln\u00fdch romantick\u00fdch uli\u010dek pln\u00fdch tajemstv\u00ed a historie, ale na ja\u0159e n\u00e1v\u0161t\u011bvn\u00edky okouzl\u00ed i rozkvetl\u00fdmi v\u00fdhledy na \u0159eku a historick\u00e9 centrum. Poznejte historii m\u011bsta zevnit\u0159. Provedeme V\u00e1s j\u00edm! Pro z\u00e1jemce [&hellip;]\" \/>\n<meta property=\"og:url\" content=\"https:\/\/terauchi-prague.com\/cs\/doprovodny-program\" \/>\n<meta property=\"og:site_name\" content=\"Terauchi Prague\" \/>\n<meta property=\"article:modified_time\" content=\"2025-04-26T12:32:05+00:00\" \/>\n<meta property=\"og:image\" content=\"https:\/\/terauchi-prague.com\/wp-content\/uploads\/2024\/09\/Rectangle-4427.png\" \/>\n<meta name=\"twitter:card\" content=\"summary_large_image\" \/>\n<meta name=\"twitter:label1\" content=\"Odhadovan\u00e1 doba \u010dten\u00ed\" \/>\n\t<meta name=\"twitter:data1\" content=\"2 minuty\" \/>\n<script type=\"application\/ld+json\" class=\"yoast-schema-graph\">{\"@context\":\"https:\\\/\\\/schema.org\",\"@graph\":[{\"@type\":\"WebPage\",\"@id\":\"https:\\\/\\\/terauchi-prague.com\\\/cs\\\/doprovodny-program\",\"url\":\"https:\\\/\\\/terauchi-prague.com\\\/cs\\\/doprovodny-program\",\"name\":\"Doprovodn\u00fd program - Terauchi Prague\",\"isPartOf\":{\"@id\":\"https:\\\/\\\/terauchi-prague.com\\\/#website\"},\"primaryImageOfPage\":{\"@id\":\"https:\\\/\\\/terauchi-prague.com\\\/cs\\\/doprovodny-program#primaryimage\"},\"image\":{\"@id\":\"https:\\\/\\\/terauchi-prague.com\\\/cs\\\/doprovodny-program#primaryimage\"},\"thumbnailUrl\":\"https:\\\/\\\/terauchi-prague.com\\\/wp-content\\\/uploads\\\/2024\\\/09\\\/Rectangle-4427.png\",\"datePublished\":\"2024-09-16T11:41:42+00:00\",\"dateModified\":\"2025-04-26T12:32:05+00:00\",\"breadcrumb\":{\"@id\":\"https:\\\/\\\/terauchi-prague.com\\\/cs\\\/doprovodny-program#breadcrumb\"},\"inLanguage\":\"cs\",\"potentialAction\":[{\"@type\":\"ReadAction\",\"target\":[\"https:\\\/\\\/terauchi-prague.com\\\/cs\\\/doprovodny-program\"]}]},{\"@type\":\"ImageObject\",\"inLanguage\":\"cs\",\"@id\":\"https:\\\/\\\/terauchi-prague.com\\\/cs\\\/doprovodny-program#primaryimage\",\"url\":\"https:\\\/\\\/terauchi-prague.com\\\/wp-content\\\/uploads\\\/2024\\\/09\\\/Rectangle-4427.png\",\"contentUrl\":\"https:\\\/\\\/terauchi-prague.com\\\/wp-content\\\/uploads\\\/2024\\\/09\\\/Rectangle-4427.png\"},{\"@type\":\"BreadcrumbList\",\"@id\":\"https:\\\/\\\/terauchi-prague.com\\\/cs\\\/doprovodny-program#breadcrumb\",\"itemListElement\":[{\"@type\":\"ListItem\",\"position\":1,\"name\":\"Dom\u016f\",\"item\":\"https:\\\/\\\/terauchi-prague.com\\\/cs\"},{\"@type\":\"ListItem\",\"position\":2,\"name\":\"Doprovodn\u00fd program\"}]},{\"@type\":\"WebSite\",\"@id\":\"https:\\\/\\\/terauchi-prague.com\\\/#website\",\"url\":\"https:\\\/\\\/terauchi-prague.com\\\/\",\"name\":\"Terauchi Prague\",\"description\":\"\",\"publisher\":{\"@id\":\"https:\\\/\\\/terauchi-prague.com\\\/#organization\"},\"potentialAction\":[{\"@type\":\"SearchAction\",\"target\":{\"@type\":\"EntryPoint\",\"urlTemplate\":\"https:\\\/\\\/terauchi-prague.com\\\/?s={search_term_string}\"},\"query-input\":{\"@type\":\"PropertyValueSpecification\",\"valueRequired\":true,\"valueName\":\"search_term_string\"}}],\"inLanguage\":\"cs\"},{\"@type\":\"Organization\",\"@id\":\"https:\\\/\\\/terauchi-prague.com\\\/#organization\",\"name\":\"Terauchi Prague\",\"url\":\"https:\\\/\\\/terauchi-prague.com\\\/\",\"logo\":{\"@type\":\"ImageObject\",\"inLanguage\":\"cs\",\"@id\":\"https:\\\/\\\/terauchi-prague.com\\\/#\\\/schema\\\/logo\\\/image\\\/\",\"url\":\"https:\\\/\\\/terauchi-prague.com\\\/wp-content\\\/uploads\\\/2024\\\/07\\\/LOGO.svg\",\"contentUrl\":\"https:\\\/\\\/terauchi-prague.com\\\/wp-content\\\/uploads\\\/2024\\\/07\\\/LOGO.svg\",\"width\":80,\"height\":80,\"caption\":\"Terauchi Prague\"},\"image\":{\"@id\":\"https:\\\/\\\/terauchi-prague.com\\\/#\\\/schema\\\/logo\\\/image\\\/\"}}]}<\/script>\n<!-- \/ Yoast SEO plugin. -->","yoast_head_json":{"title":"Doprovodn\u00fd program - Terauchi Prague","robots":{"index":"index","follow":"follow","max-snippet":"max-snippet:-1","max-image-preview":"max-image-preview:large","max-video-preview":"max-video-preview:-1"},"canonical":"https:\/\/terauchi-prague.com\/cs\/doprovodny-program","og_locale":"cs_CZ","og_type":"article","og_title":"Doprovodn\u00fd program - Terauchi Prague","og_description":"O doprovodn\u00e9m programu N\u011bkte\u0159\u00ed \u0159\u00edkaj\u00ed, \u017ee Praha jedno z nejkr\u00e1sn\u011bj\u0161\u00edch m\u011bst na sv\u011bt\u011b. A my naprosto souhlas\u00edme! Star\u00e1 Praha je okouzluj\u00edc\u00ed m\u00edsto pln\u00e9 malebn\u00fdch z\u00e1kout\u00ed a kouzeln\u00fdch romantick\u00fdch uli\u010dek pln\u00fdch tajemstv\u00ed a historie, ale na ja\u0159e n\u00e1v\u0161t\u011bvn\u00edky okouzl\u00ed i rozkvetl\u00fdmi v\u00fdhledy na \u0159eku a historick\u00e9 centrum. Poznejte historii m\u011bsta zevnit\u0159. Provedeme V\u00e1s j\u00edm! Pro z\u00e1jemce [&hellip;]","og_url":"https:\/\/terauchi-prague.com\/cs\/doprovodny-program","og_site_name":"Terauchi Prague","article_modified_time":"2025-04-26T12:32:05+00:00","og_image":[{"url":"https:\/\/terauchi-prague.com\/wp-content\/uploads\/2024\/09\/Rectangle-4427.png","type":"","width":"","height":""}],"twitter_card":"summary_large_image","twitter_misc":{"Odhadovan\u00e1 doba \u010dten\u00ed":"2 minuty"},"schema":{"@context":"https:\/\/schema.org","@graph":[{"@type":"WebPage","@id":"https:\/\/terauchi-prague.com\/cs\/doprovodny-program","url":"https:\/\/terauchi-prague.com\/cs\/doprovodny-program","name":"Doprovodn\u00fd program - Terauchi Prague","isPartOf":{"@id":"https:\/\/terauchi-prague.com\/#website"},"primaryImageOfPage":{"@id":"https:\/\/terauchi-prague.com\/cs\/doprovodny-program#primaryimage"},"image":{"@id":"https:\/\/terauchi-prague.com\/cs\/doprovodny-program#primaryimage"},"thumbnailUrl":"https:\/\/terauchi-prague.com\/wp-content\/uploads\/2024\/09\/Rectangle-4427.png","datePublished":"2024-09-16T11:41:42+00:00","dateModified":"2025-04-26T12:32:05+00:00","breadcrumb":{"@id":"https:\/\/terauchi-prague.com\/cs\/doprovodny-program#breadcrumb"},"inLanguage":"cs","potentialAction":[{"@type":"ReadAction","target":["https:\/\/terauchi-prague.com\/cs\/doprovodny-program"]}]},{"@type":"ImageObject","inLanguage":"cs","@id":"https:\/\/terauchi-prague.com\/cs\/doprovodny-program#primaryimage","url":"https:\/\/terauchi-prague.com\/wp-content\/uploads\/2024\/09\/Rectangle-4427.png","contentUrl":"https:\/\/terauchi-prague.com\/wp-content\/uploads\/2024\/09\/Rectangle-4427.png"},{"@type":"BreadcrumbList","@id":"https:\/\/terauchi-prague.com\/cs\/doprovodny-program#breadcrumb","itemListElement":[{"@type":"ListItem","position":1,"name":"Dom\u016f","item":"https:\/\/terauchi-prague.com\/cs"},{"@type":"ListItem","position":2,"name":"Doprovodn\u00fd program"}]},{"@type":"WebSite","@id":"https:\/\/terauchi-prague.com\/#website","url":"https:\/\/terauchi-prague.com\/","name":"Terauchi Prague","description":"","publisher":{"@id":"https:\/\/terauchi-prague.com\/#organization"},"potentialAction":[{"@type":"SearchAction","target":{"@type":"EntryPoint","urlTemplate":"https:\/\/terauchi-prague.com\/?s={search_term_string}"},"query-input":{"@type":"PropertyValueSpecification","valueRequired":true,"valueName":"search_term_string"}}],"inLanguage":"cs"},{"@type":"Organization","@id":"https:\/\/terauchi-prague.com\/#organization","name":"Terauchi Prague","url":"https:\/\/terauchi-prague.com\/","logo":{"@type":"ImageObject","inLanguage":"cs","@id":"https:\/\/terauchi-prague.com\/#\/schema\/logo\/image\/","url":"https:\/\/terauchi-prague.com\/wp-content\/uploads\/2024\/07\/LOGO.svg","contentUrl":"https:\/\/terauchi-prague.com\/wp-content\/uploads\/2024\/07\/LOGO.svg","width":80,"height":80,"caption":"Terauchi Prague"},"image":{"@id":"https:\/\/terauchi-prague.com\/#\/schema\/logo\/image\/"}}]}},"_links":{"self":[{"href":"https:\/\/terauchi-prague.com\/cs\/wp-json\/wp\/v2\/pages\/2593","targetHints":{"allow":["GET"]}}],"collection":[{"href":"https:\/\/terauchi-prague.com\/cs\/wp-json\/wp\/v2\/pages"}],"about":[{"href":"https:\/\/terauchi-prague.com\/cs\/wp-json\/wp\/v2\/types\/page"}],"author":[{"embeddable":true,"href":"https:\/\/terauchi-prague.com\/cs\/wp-json\/wp\/v2\/users\/2"}],"replies":[{"embeddable":true,"href":"https:\/\/terauchi-prague.com\/cs\/wp-json\/wp\/v2\/comments?post=2593"}],"version-history":[{"count":3,"href":"https:\/\/terauchi-prague.com\/cs\/wp-json\/wp\/v2\/pages\/2593\/revisions"}],"predecessor-version":[{"id":6185,"href":"https:\/\/terauchi-prague.com\/cs\/wp-json\/wp\/v2\/pages\/2593\/revisions\/6185"}],"wp:attachment":[{"href":"https:\/\/terauchi-prague.com\/cs\/wp-json\/wp\/v2\/media?parent=2593"}],"curies":[{"name":"wp","href":"https:\/\/api.w.org\/{rel}","templated":true}]}}