{"id":2584,"date":"2024-09-16T16:29:27","date_gmt":"2024-09-16T14:29:27","guid":{"rendered":"https:\/\/terauchi-prague.com\/lokalita\/"},"modified":"2025-04-26T14:32:30","modified_gmt":"2025-04-26T12:32:30","slug":"lokalita","status":"publish","type":"page","link":"https:\/\/terauchi-prague.com\/cs\/lokalita","title":{"rendered":"Lokalita"},"content":{"rendered":"\t\t<div data-elementor-type=\"wp-page\" data-elementor-id=\"2584\" class=\"elementor elementor-2584 elementor-2487\" data-elementor-post-type=\"page\">\n\t\t\t\t<div class=\"elementor-element elementor-element-30034b6 section--hero e-flex e-con-boxed e-con e-parent\" data-id=\"30034b6\" data-element_type=\"container\" data-e-type=\"container\" data-settings=\"{&quot;background_background&quot;:&quot;classic&quot;}\">\n\t\t\t\t\t<div class=\"e-con-inner\">\n\t\t<div class=\"elementor-element elementor-element-2c60623 e-con-full e-flex e-con e-child\" data-id=\"2c60623\" data-element_type=\"container\" data-e-type=\"container\">\n\t\t<div class=\"elementor-element elementor-element-f4d4a1d e-con-full e-flex e-con e-child\" data-id=\"f4d4a1d\" data-element_type=\"container\" data-e-type=\"container\">\n\t\t\t\t<div class=\"elementor-element elementor-element-79c1c02 elementor-widget elementor-widget-heading\" data-id=\"79c1c02\" data-element_type=\"widget\" data-e-type=\"widget\" data-widget_type=\"heading.default\">\n\t\t\t\t<div class=\"elementor-widget-container\">\n\t\t\t\t\t<h1 class=\"elementor-heading-title elementor-size-default\">Lokalita<\/h1>\t\t\t\t<\/div>\n\t\t\t\t<\/div>\n\t\t\t\t<\/div>\n\t\t\t\t<\/div>\n\t\t\t\t\t<\/div>\n\t\t\t\t<\/div>\n\t\t<div class=\"elementor-element elementor-element-c36eebf section--next e-flex e-con-boxed e-con e-parent\" data-id=\"c36eebf\" data-element_type=\"container\" data-e-type=\"container\" data-settings=\"{&quot;background_background&quot;:&quot;classic&quot;}\">\n\t\t\t\t\t<div class=\"e-con-inner\">\n\t\t<div class=\"elementor-element elementor-element-fef6e40 e-con-full e-flex e-con e-child\" data-id=\"fef6e40\" data-element_type=\"container\" data-e-type=\"container\">\n\t\t<div class=\"elementor-element elementor-element-df3317c e-con-full e-flex e-con e-child\" data-id=\"df3317c\" data-element_type=\"container\" data-e-type=\"container\">\n\t\t\t\t<div class=\"elementor-element elementor-element-6c05cc9 elementor-widget elementor-widget-heading\" data-id=\"6c05cc9\" data-element_type=\"widget\" data-e-type=\"widget\" data-widget_type=\"heading.default\">\n\t\t\t\t<div class=\"elementor-widget-container\">\n\t\t\t\t\t<h2 class=\"elementor-heading-title elementor-size-default\">Cubex Centrum Praha<\/h2>\t\t\t\t<\/div>\n\t\t\t\t<\/div>\n\t\t\t\t<div class=\"elementor-element elementor-element-617765a elementor-widget elementor-widget-text-editor\" data-id=\"617765a\" data-element_type=\"widget\" data-e-type=\"widget\" data-widget_type=\"text-editor.default\">\n\t\t\t\t<div class=\"elementor-widget-container\">\n\t\t\t\t\t\t\t\t\t<p>M\u00edsto, kde se technologie potk\u00e1v\u00e1 se stylem. Cubex Centrum Praha je modern\u00ed multifunk\u010dn\u00ed prostor, kter\u00fd se nach\u00e1z\u00ed v srdci Prahy, jen p\u00e1r minut od centra m\u011bsta.<\/p><p>Tento unik\u00e1tn\u00ed prostor je ide\u00e1ln\u00edm m\u00edstem pro po\u0159\u00e1d\u00e1n\u00ed konferenc\u00ed, firemn\u00edch akc\u00ed, v\u00fdstav, galave\u010der\u016f nebo spole\u010densk\u00fdch ud\u00e1lost\u00ed.<\/p><p>Cubex Centrum je vybaveno \u0161pi\u010dkov\u00fdmi technologiemi, v\u010detn\u011b unik\u00e1tn\u00edho Media Wall, kter\u00fd poskytuje jedine\u010dn\u00e9 mo\u017enosti pro prezentaci zna\u010dek a audiovizu\u00e1ln\u00ed z\u00e1\u017eitky<\/p>\t\t\t\t\t\t\t\t<\/div>\n\t\t\t\t<\/div>\n\t\t\t\t<\/div>\n\t\t\t\t<\/div>\n\t\t<div class=\"elementor-element elementor-element-e5ee40d e-con-full e-flex e-con e-child\" data-id=\"e5ee40d\" data-element_type=\"container\" data-e-type=\"container\">\n\t\t\t\t<div class=\"elementor-element elementor-element-827aef0 elementor-widget elementor-widget-image\" data-id=\"827aef0\" data-element_type=\"widget\" data-e-type=\"widget\" data-widget_type=\"image.default\">\n\t\t\t\t<div class=\"elementor-widget-container\">\n\t\t\t\t\t\t\t\t\t\t\t\t\t\t\t<img fetchpriority=\"high\" decoding=\"async\" width=\"800\" height=\"480\" src=\"https:\/\/terauchi-prague.com\/wp-content\/uploads\/2025\/03\/cubex-1_trimaran.jpg\" class=\"attachment-large size-large wp-image-5258\" alt=\"\" srcset=\"https:\/\/terauchi-prague.com\/wp-content\/uploads\/2025\/03\/cubex-1_trimaran.jpg 1024w, https:\/\/terauchi-prague.com\/wp-content\/uploads\/2025\/03\/cubex-1_trimaran-300x180.jpg 300w, https:\/\/terauchi-prague.com\/wp-content\/uploads\/2025\/03\/cubex-1_trimaran-768x461.jpg 768w, https:\/\/terauchi-prague.com\/wp-content\/uploads\/2025\/03\/cubex-1_trimaran-600x360.jpg 600w\" sizes=\"(max-width: 800px) 100vw, 800px\" \/>\t\t\t\t\t\t\t\t\t\t\t\t\t\t\t<\/div>\n\t\t\t\t<\/div>\n\t\t\t\t<\/div>\n\t\t\t\t\t<\/div>\n\t\t\t\t<\/div>\n\t\t\t\t<\/div>\n\t\t","protected":false},"excerpt":{"rendered":"<p>Lokalita Cubex Centrum Praha M\u00edsto, kde se technologie potk\u00e1v\u00e1 se stylem. Cubex Centrum Praha je modern\u00ed multifunk\u010dn\u00ed prostor, kter\u00fd se nach\u00e1z\u00ed v srdci Prahy, jen p\u00e1r minut od centra m\u011bsta. Tento unik\u00e1tn\u00ed prostor je ide\u00e1ln\u00edm m\u00edstem pro po\u0159\u00e1d\u00e1n\u00ed konferenc\u00ed, firemn\u00edch akc\u00ed, v\u00fdstav, galave\u010der\u016f nebo spole\u010densk\u00fdch ud\u00e1lost\u00ed. Cubex Centrum je vybaveno \u0161pi\u010dkov\u00fdmi technologiemi, v\u010detn\u011b unik\u00e1tn\u00edho Media [&hellip;]<\/p>\n","protected":false},"author":2,"featured_media":0,"parent":0,"menu_order":0,"comment_status":"closed","ping_status":"closed","template":"","meta":{"_acf_changed":false,"footnotes":""},"class_list":["post-2584","page","type-page","status-publish","hentry"],"acf":[],"yoast_head":"<!-- This site is optimized with the Yoast SEO plugin v27.5 - https:\/\/yoast.com\/product\/yoast-seo-wordpress\/ -->\n<title>Lokalita - Terauchi Prague<\/title>\n<meta name=\"robots\" content=\"index, follow, max-snippet:-1, max-image-preview:large, max-video-preview:-1\" \/>\n<link rel=\"canonical\" href=\"https:\/\/terauchi-prague.com\/cs\/lokalita\" \/>\n<meta property=\"og:locale\" content=\"cs_CZ\" \/>\n<meta property=\"og:type\" content=\"article\" \/>\n<meta property=\"og:title\" content=\"Lokalita - Terauchi Prague\" \/>\n<meta property=\"og:description\" content=\"Lokalita Cubex Centrum Praha M\u00edsto, kde se technologie potk\u00e1v\u00e1 se stylem. Cubex Centrum Praha je modern\u00ed multifunk\u010dn\u00ed prostor, kter\u00fd se nach\u00e1z\u00ed v srdci Prahy, jen p\u00e1r minut od centra m\u011bsta. Tento unik\u00e1tn\u00ed prostor je ide\u00e1ln\u00edm m\u00edstem pro po\u0159\u00e1d\u00e1n\u00ed konferenc\u00ed, firemn\u00edch akc\u00ed, v\u00fdstav, galave\u010der\u016f nebo spole\u010densk\u00fdch ud\u00e1lost\u00ed. Cubex Centrum je vybaveno \u0161pi\u010dkov\u00fdmi technologiemi, v\u010detn\u011b unik\u00e1tn\u00edho Media [&hellip;]\" \/>\n<meta property=\"og:url\" content=\"https:\/\/terauchi-prague.com\/cs\/lokalita\" \/>\n<meta property=\"og:site_name\" content=\"Terauchi Prague\" \/>\n<meta property=\"article:modified_time\" content=\"2025-04-26T12:32:30+00:00\" \/>\n<meta property=\"og:image\" content=\"https:\/\/terauchi-prague.com\/wp-content\/uploads\/2025\/03\/cubex-1_trimaran.jpg\" \/>\n<meta name=\"twitter:card\" content=\"summary_large_image\" \/>\n<meta name=\"twitter:label1\" content=\"Odhadovan\u00e1 doba \u010dten\u00ed\" \/>\n\t<meta name=\"twitter:data1\" content=\"1 minuta\" \/>\n<script type=\"application\/ld+json\" class=\"yoast-schema-graph\">{\"@context\":\"https:\\\/\\\/schema.org\",\"@graph\":[{\"@type\":\"WebPage\",\"@id\":\"https:\\\/\\\/terauchi-prague.com\\\/cs\\\/lokalita\",\"url\":\"https:\\\/\\\/terauchi-prague.com\\\/cs\\\/lokalita\",\"name\":\"Lokalita - Terauchi Prague\",\"isPartOf\":{\"@id\":\"https:\\\/\\\/terauchi-prague.com\\\/#website\"},\"primaryImageOfPage\":{\"@id\":\"https:\\\/\\\/terauchi-prague.com\\\/cs\\\/lokalita#primaryimage\"},\"image\":{\"@id\":\"https:\\\/\\\/terauchi-prague.com\\\/cs\\\/lokalita#primaryimage\"},\"thumbnailUrl\":\"https:\\\/\\\/terauchi-prague.com\\\/wp-content\\\/uploads\\\/2025\\\/03\\\/cubex-1_trimaran.jpg\",\"datePublished\":\"2024-09-16T14:29:27+00:00\",\"dateModified\":\"2025-04-26T12:32:30+00:00\",\"breadcrumb\":{\"@id\":\"https:\\\/\\\/terauchi-prague.com\\\/cs\\\/lokalita#breadcrumb\"},\"inLanguage\":\"cs\",\"potentialAction\":[{\"@type\":\"ReadAction\",\"target\":[\"https:\\\/\\\/terauchi-prague.com\\\/cs\\\/lokalita\"]}]},{\"@type\":\"ImageObject\",\"inLanguage\":\"cs\",\"@id\":\"https:\\\/\\\/terauchi-prague.com\\\/cs\\\/lokalita#primaryimage\",\"url\":\"https:\\\/\\\/terauchi-prague.com\\\/wp-content\\\/uploads\\\/2025\\\/03\\\/cubex-1_trimaran.jpg\",\"contentUrl\":\"https:\\\/\\\/terauchi-prague.com\\\/wp-content\\\/uploads\\\/2025\\\/03\\\/cubex-1_trimaran.jpg\"},{\"@type\":\"BreadcrumbList\",\"@id\":\"https:\\\/\\\/terauchi-prague.com\\\/cs\\\/lokalita#breadcrumb\",\"itemListElement\":[{\"@type\":\"ListItem\",\"position\":1,\"name\":\"Dom\u016f\",\"item\":\"https:\\\/\\\/terauchi-prague.com\\\/cs\"},{\"@type\":\"ListItem\",\"position\":2,\"name\":\"Lokalita\"}]},{\"@type\":\"WebSite\",\"@id\":\"https:\\\/\\\/terauchi-prague.com\\\/#website\",\"url\":\"https:\\\/\\\/terauchi-prague.com\\\/\",\"name\":\"Terauchi Prague\",\"description\":\"\",\"publisher\":{\"@id\":\"https:\\\/\\\/terauchi-prague.com\\\/#organization\"},\"potentialAction\":[{\"@type\":\"SearchAction\",\"target\":{\"@type\":\"EntryPoint\",\"urlTemplate\":\"https:\\\/\\\/terauchi-prague.com\\\/?s={search_term_string}\"},\"query-input\":{\"@type\":\"PropertyValueSpecification\",\"valueRequired\":true,\"valueName\":\"search_term_string\"}}],\"inLanguage\":\"cs\"},{\"@type\":\"Organization\",\"@id\":\"https:\\\/\\\/terauchi-prague.com\\\/#organization\",\"name\":\"Terauchi Prague\",\"url\":\"https:\\\/\\\/terauchi-prague.com\\\/\",\"logo\":{\"@type\":\"ImageObject\",\"inLanguage\":\"cs\",\"@id\":\"https:\\\/\\\/terauchi-prague.com\\\/#\\\/schema\\\/logo\\\/image\\\/\",\"url\":\"https:\\\/\\\/terauchi-prague.com\\\/wp-content\\\/uploads\\\/2024\\\/07\\\/LOGO.svg\",\"contentUrl\":\"https:\\\/\\\/terauchi-prague.com\\\/wp-content\\\/uploads\\\/2024\\\/07\\\/LOGO.svg\",\"width\":80,\"height\":80,\"caption\":\"Terauchi Prague\"},\"image\":{\"@id\":\"https:\\\/\\\/terauchi-prague.com\\\/#\\\/schema\\\/logo\\\/image\\\/\"}}]}<\/script>\n<!-- \/ Yoast SEO plugin. -->","yoast_head_json":{"title":"Lokalita - Terauchi Prague","robots":{"index":"index","follow":"follow","max-snippet":"max-snippet:-1","max-image-preview":"max-image-preview:large","max-video-preview":"max-video-preview:-1"},"canonical":"https:\/\/terauchi-prague.com\/cs\/lokalita","og_locale":"cs_CZ","og_type":"article","og_title":"Lokalita - Terauchi Prague","og_description":"Lokalita Cubex Centrum Praha M\u00edsto, kde se technologie potk\u00e1v\u00e1 se stylem. Cubex Centrum Praha je modern\u00ed multifunk\u010dn\u00ed prostor, kter\u00fd se nach\u00e1z\u00ed v srdci Prahy, jen p\u00e1r minut od centra m\u011bsta. Tento unik\u00e1tn\u00ed prostor je ide\u00e1ln\u00edm m\u00edstem pro po\u0159\u00e1d\u00e1n\u00ed konferenc\u00ed, firemn\u00edch akc\u00ed, v\u00fdstav, galave\u010der\u016f nebo spole\u010densk\u00fdch ud\u00e1lost\u00ed. Cubex Centrum je vybaveno \u0161pi\u010dkov\u00fdmi technologiemi, v\u010detn\u011b unik\u00e1tn\u00edho Media [&hellip;]","og_url":"https:\/\/terauchi-prague.com\/cs\/lokalita","og_site_name":"Terauchi Prague","article_modified_time":"2025-04-26T12:32:30+00:00","og_image":[{"url":"https:\/\/terauchi-prague.com\/wp-content\/uploads\/2025\/03\/cubex-1_trimaran.jpg","type":"","width":"","height":""}],"twitter_card":"summary_large_image","twitter_misc":{"Odhadovan\u00e1 doba \u010dten\u00ed":"1 minuta"},"schema":{"@context":"https:\/\/schema.org","@graph":[{"@type":"WebPage","@id":"https:\/\/terauchi-prague.com\/cs\/lokalita","url":"https:\/\/terauchi-prague.com\/cs\/lokalita","name":"Lokalita - Terauchi Prague","isPartOf":{"@id":"https:\/\/terauchi-prague.com\/#website"},"primaryImageOfPage":{"@id":"https:\/\/terauchi-prague.com\/cs\/lokalita#primaryimage"},"image":{"@id":"https:\/\/terauchi-prague.com\/cs\/lokalita#primaryimage"},"thumbnailUrl":"https:\/\/terauchi-prague.com\/wp-content\/uploads\/2025\/03\/cubex-1_trimaran.jpg","datePublished":"2024-09-16T14:29:27+00:00","dateModified":"2025-04-26T12:32:30+00:00","breadcrumb":{"@id":"https:\/\/terauchi-prague.com\/cs\/lokalita#breadcrumb"},"inLanguage":"cs","potentialAction":[{"@type":"ReadAction","target":["https:\/\/terauchi-prague.com\/cs\/lokalita"]}]},{"@type":"ImageObject","inLanguage":"cs","@id":"https:\/\/terauchi-prague.com\/cs\/lokalita#primaryimage","url":"https:\/\/terauchi-prague.com\/wp-content\/uploads\/2025\/03\/cubex-1_trimaran.jpg","contentUrl":"https:\/\/terauchi-prague.com\/wp-content\/uploads\/2025\/03\/cubex-1_trimaran.jpg"},{"@type":"BreadcrumbList","@id":"https:\/\/terauchi-prague.com\/cs\/lokalita#breadcrumb","itemListElement":[{"@type":"ListItem","position":1,"name":"Dom\u016f","item":"https:\/\/terauchi-prague.com\/cs"},{"@type":"ListItem","position":2,"name":"Lokalita"}]},{"@type":"WebSite","@id":"https:\/\/terauchi-prague.com\/#website","url":"https:\/\/terauchi-prague.com\/","name":"Terauchi Prague","description":"","publisher":{"@id":"https:\/\/terauchi-prague.com\/#organization"},"potentialAction":[{"@type":"SearchAction","target":{"@type":"EntryPoint","urlTemplate":"https:\/\/terauchi-prague.com\/?s={search_term_string}"},"query-input":{"@type":"PropertyValueSpecification","valueRequired":true,"valueName":"search_term_string"}}],"inLanguage":"cs"},{"@type":"Organization","@id":"https:\/\/terauchi-prague.com\/#organization","name":"Terauchi Prague","url":"https:\/\/terauchi-prague.com\/","logo":{"@type":"ImageObject","inLanguage":"cs","@id":"https:\/\/terauchi-prague.com\/#\/schema\/logo\/image\/","url":"https:\/\/terauchi-prague.com\/wp-content\/uploads\/2024\/07\/LOGO.svg","contentUrl":"https:\/\/terauchi-prague.com\/wp-content\/uploads\/2024\/07\/LOGO.svg","width":80,"height":80,"caption":"Terauchi Prague"},"image":{"@id":"https:\/\/terauchi-prague.com\/#\/schema\/logo\/image\/"}}]}},"_links":{"self":[{"href":"https:\/\/terauchi-prague.com\/cs\/wp-json\/wp\/v2\/pages\/2584","targetHints":{"allow":["GET"]}}],"collection":[{"href":"https:\/\/terauchi-prague.com\/cs\/wp-json\/wp\/v2\/pages"}],"about":[{"href":"https:\/\/terauchi-prague.com\/cs\/wp-json\/wp\/v2\/types\/page"}],"author":[{"embeddable":true,"href":"https:\/\/terauchi-prague.com\/cs\/wp-json\/wp\/v2\/users\/2"}],"replies":[{"embeddable":true,"href":"https:\/\/terauchi-prague.com\/cs\/wp-json\/wp\/v2\/comments?post=2584"}],"version-history":[{"count":3,"href":"https:\/\/terauchi-prague.com\/cs\/wp-json\/wp\/v2\/pages\/2584\/revisions"}],"predecessor-version":[{"id":6188,"href":"https:\/\/terauchi-prague.com\/cs\/wp-json\/wp\/v2\/pages\/2584\/revisions\/6188"}],"wp:attachment":[{"href":"https:\/\/terauchi-prague.com\/cs\/wp-json\/wp\/v2\/media?parent=2584"}],"curies":[{"name":"wp","href":"https:\/\/api.w.org\/{rel}","templated":true}]}}