{"id":20,"date":"2024-07-31T13:34:52","date_gmt":"2024-07-31T11:34:52","guid":{"rendered":"https:\/\/terauchi.wavedigital.cz\/?page_id=20"},"modified":"2024-08-02T12:57:20","modified_gmt":"2024-08-02T10:57:20","slug":"vseobecne-obchodni-podminky","status":"publish","type":"page","link":"https:\/\/terauchi-prague.com\/cs\/vseobecne-obchodni-podminky","title":{"rendered":"V\u0161eobecn\u00e9 obchodn\u00ed podm\u00ednky"},"content":{"rendered":"\t\t<div data-elementor-type=\"wp-page\" data-elementor-id=\"20\" class=\"elementor elementor-20\" data-elementor-post-type=\"page\">\n\t\t\t\t<div class=\"elementor-element elementor-element-fa4f9a1 e-con-full e-flex e-con e-parent\" data-id=\"fa4f9a1\" data-element_type=\"container\" data-e-type=\"container\">\n\t\t\t\t<div class=\"elementor-element elementor-element-7dd2bb42 elementor-widget elementor-widget-text-editor\" data-id=\"7dd2bb42\" data-element_type=\"widget\" data-e-type=\"widget\" data-widget_type=\"text-editor.default\">\n\t\t\t\t<div class=\"elementor-widget-container\">\n\t\t\t\t\t\t\t\t\t<h1><strong>OBCHODN\u00cd PODM\u00cdNKY<\/strong><\/h1><h2><strong>I. Z\u00e1kladn\u00ed ustanoven\u00ed<\/strong><\/h2><p>1. Tyto v\u0161eobecn\u00e9 obchodn\u00ed podm\u00ednky (d\u00e1le jen \u201eobchodn\u00ed podm\u00ednky\u201c) jsou vydan\u00e9 dle \u00a7 1751 a n\u00e1sl. z\u00e1kona \u010d. 89\/2012 Sb., ob\u010dansk\u00fd z\u00e1kon\u00edk (d\u00e1le jen \u201eob\u010dansk\u00fd z\u00e1kon\u00edk\u201c)<\/p><ul><li>Flixo partners s.r.o.<\/li><li>I\u010c: 07972628<\/li><li>DI\u010c: CZ07972628<\/li><li>adresa s\u00eddla a adresa pro zas\u00edl\u00e1n\u00ed st\u00ed\u017enost\u00ed: Staropramenn\u00e1 397\/4, Praha 5, 15000<\/li><li>zapsan\u00e9 u M\u011bstsk\u00e9ho soudu v Praze, odd\u00edl \u010cesk\u00e9 Bud\u011bjovice, odd.C vlo\u017eka 310805.<\/li><li>kontaktn\u00ed \u00fadaje: MUDr. Vladislav R\u016f\u017ei\u010dka, jednatel<\/li><li>email: info@terauchi-prague.com<\/li><li>telefon: +420 774\u00a0320 258<\/li><li>www: www.terauchi-prague.com (d\u00e1le jen \u201eprod\u00e1vaj\u00edc\u00ed\u201c)<\/li><\/ul><p>2. Tyto obchodn\u00ed podm\u00ednky upravuj\u00ed vz\u00e1jemn\u00e1 pr\u00e1va a povinnosti prod\u00e1vaj\u00edc\u00edho a fyzick\u00e9 osoby, kter\u00e1 uzav\u00edr\u00e1 kupn\u00ed smlouvu mimo svoji podnikatelskou \u010dinnost jako spot\u0159ebitel, nebo v r\u00e1mci sv\u00e9 podnikatelsk\u00e9 \u010dinnosti (d\u00e1le jen: \u201ekupuj\u00edc\u00ed\u201c) prost\u0159ednictv\u00edm webov\u00e9ho rozhran\u00ed um\u00edst\u011bn\u00e9ho na webov\u00e9 str\u00e1nce dostupn\u00e9 na internetov\u00e9 adrese www.terauchi-prague.com (d\u00e1le jen &#8222;web spole\u010dnosti&#8220;).<\/p><p>3. Ustanoven\u00ed obchodn\u00edch podm\u00ednek jsou ned\u00edlnou sou\u010d\u00e1st\u00ed kupn\u00ed smlouvy. Odchyln\u00e1 ujedn\u00e1n\u00ed v kupn\u00ed smlouv\u011b maj\u00ed p\u0159ednost p\u0159ed ustanoven\u00edmi t\u011bchto obchodn\u00edch podm\u00ednek.<\/p><p>4. Tyto obchodn\u00ed podm\u00ednky a kupn\u00ed smlouva se uzav\u00edraj\u00ed v \u010desk\u00e9m jazyce \u010di anglick\u00e9m jazyce.<\/p><h2><strong>II. Informace o cen\u00e1ch<\/strong><\/h2><p>1. Informace o \u0161kolen\u00edch, v\u010detn\u011b uveden\u00ed cen jednotliv\u00fdch \u0161kolen\u00ed a jeho hlavn\u00edch vlastnost\u00ed jsou uvedeny u jednotliv\u00e9ho \u0161kolen\u00ed v katalogu webu. Ceny \u0161kolen\u00ed jsou uvedeny v\u010detn\u011b dan\u011b z p\u0159idan\u00e9 hodnoty, v\u0161ech souvisej\u00edc\u00edch poplatk\u016f a n\u00e1klad\u016f. Ceny \u0161kolen\u00ed z\u016fst\u00e1vaj\u00ed v platnosti po dobu, po kterou jsou zobrazov\u00e1ny v dan\u00e9 rubrice webu. Toto ustanoven\u00ed nevylu\u010duje sjedn\u00e1n\u00ed kupn\u00ed smlouvy za individu\u00e1ln\u011b sjednan\u00fdch podm\u00ednek.<\/p><p>2. Ve\u0161ker\u00e1 prezentace \u0161kolen\u00ed um\u00edst\u011bn\u00e1 na webu spole\u010dnosti je informativn\u00edho charakteru a prod\u00e1vaj\u00edc\u00ed nen\u00ed povinen uzav\u0159\u00edt kupn\u00ed smlouvu ohledn\u011b t\u011bchto \u0161kolen\u00ed.<\/p><p>3. P\u0159\u00edpadn\u00e9 slevy z kupn\u00ed ceny \u0161kolen\u00ed nelze navz\u00e1jem kombinovat, nedohodne-li se prod\u00e1vaj\u00edc\u00ed s kupuj\u00edc\u00edm v\u00fdslovn\u011b p\u00edsemn\u011b (elektronicky) p\u0159edem jinak.<\/p><h2><strong>III.\u00a0Objedn\u00e1vka a\u00a0uzav\u0159en\u00ed kupn\u00ed smlouvy<\/strong><\/h2><p>1. N\u00e1klady vznikl\u00e9 kupuj\u00edc\u00edmu p\u0159i pou\u017eit\u00ed komunika\u010dn\u00edch prost\u0159edk\u016f na d\u00e1lku v souvislosti s uzav\u0159en\u00edm kupn\u00ed smlouvy (n\u00e1klady na internetov\u00e9 p\u0159ipojen\u00ed, n\u00e1klady na telefonn\u00ed hovory) hrad\u00ed kupuj\u00edc\u00ed s\u00e1m.<\/p><p>2. Kupuj\u00edc\u00ed prov\u00e1d\u00ed objedn\u00e1vku \u0161kolen\u00ed t\u011bmito zp\u016fsoby: \u2022 vypln\u011bn\u00edm objedn\u00e1vkov\u00e9ho formul\u00e1\u0159e bez registrace.<\/p><p>3. P\u0159i zad\u00e1v\u00e1n\u00ed objedn\u00e1vky si kupuj\u00edc\u00ed vybere vhodn\u00fd druh \u0161kolen\u00ed.<\/p><p>4. P\u0159ed odesl\u00e1n\u00edm objedn\u00e1vky je kupuj\u00edc\u00edmu umo\u017en\u011bno kontrolovat a m\u011bnit \u00fadaje, kter\u00e9 do objedn\u00e1vky vlo\u017eil. Objedn\u00e1vku ode\u0161le kupuj\u00edc\u00ed prod\u00e1vaj\u00edc\u00edmu a kliknut\u00edm na tla\u010d\u00edtko \u201eODESLAT OBJEDN\u00c1VKU\u201c a proveden\u00edm platby p\u0159es port\u00e1l p\u0159\u00edslu\u0161n\u00e9ho poskytovatele elektronick\u00fdch plateb. Kupn\u00ed smlouva se pova\u017euje za uzav\u0159enou okam\u017eikem p\u0159ips\u00e1n\u00ed platby na \u00fa\u010det prod\u00e1vaj\u00edc\u00edho. \u00dadaje uveden\u00e9 v objedn\u00e1vce jsou prod\u00e1vaj\u00edc\u00edm pova\u017eov\u00e1ny za spr\u00e1vn\u00e9. Podm\u00ednkou platnosti objedn\u00e1vky je vypln\u011bn\u00ed v\u0161ech povinn\u00fdch \u00fadaj\u016f v objedn\u00e1vkov\u00e9m formul\u00e1\u0159i a potvrzen\u00ed kupuj\u00edc\u00edho o tom, \u017ee se sezn\u00e1mil s t\u011bmito obchodn\u00edmi podm\u00ednkami.<\/p><p>5. Neprodlen\u011b po obdr\u017een\u00ed objedn\u00e1vky a platby za\u0161le prod\u00e1vaj\u00edc\u00ed kupuj\u00edc\u00edmu da\u0148ov\u00fd doklad na emailovou adresu, kterou kupuj\u00edc\u00ed p\u0159i objedn\u00e1n\u00ed zadal.<\/p><p>6. V p\u0159\u00edpad\u011b, \u017ee n\u011bkter\u00fd z po\u017eadavk\u016f uveden\u00fdch v objedn\u00e1vce nem\u016f\u017ee prod\u00e1vaj\u00edc\u00ed splnit, za\u0161le kupuj\u00edc\u00edmu na jeho emailovou adresu pozm\u011bn\u011bnou nab\u00eddku. Pozm\u011bn\u011bn\u00e1 nab\u00eddka se pova\u017euje za nov\u00fd n\u00e1vrh kupn\u00ed smlouvy a kupn\u00ed smlouva je v takov\u00e9m p\u0159\u00edpad\u011b uzav\u0159ena potvrzen\u00edm kupuj\u00edc\u00edho o p\u0159ijet\u00ed t\u00e9to nab\u00eddky prod\u00e1vaj\u00edc\u00edmu na jeho emailovou adresu uvedenu v t\u011bchto obchodn\u00edch podm\u00ednk\u00e1ch.<\/p><p>7. V\u0161echny objedn\u00e1vky p\u0159ijat\u00e9 prod\u00e1vaj\u00edc\u00edm jsou z\u00e1vazn\u00e9. Kupuj\u00edc\u00ed m\u016f\u017ee zru\u0161it objedn\u00e1vku telefonicky na telefonn\u00ed \u010d\u00edslo nebo email prod\u00e1vaj\u00edc\u00edho uveden\u00fd v t\u011bchto obchodn\u00edch podm\u00ednk\u00e1ch.<\/p><p>8. Kupuj\u00edc\u00ed je opr\u00e1vn\u011bn po\u017e\u00e1dat o opravu chyby p\u0159i zad\u00e1v\u00e1n\u00ed dat (nap\u0159. chyb ve jm\u00e9n\u011b, p\u0159\u00edjmen\u00ed, adrese apod. kupuj\u00edc\u00edho) a prod\u00e1vaj\u00edc\u00ed provede opravu chyby bez zbyte\u010dn\u00e9ho odkladu a za\u0161le kupuj\u00edc\u00edmu na jeho emailovou adresu informaci o proveden\u00e9 oprav\u011b<\/p><h2><strong>IV. Platebn\u00ed podm\u00ednky a dod\u00e1n\u00ed zbo\u017e\u00ed<\/strong><\/h2><p>1. Cenu \u0161kolen\u00ed a p\u0159\u00edpadn\u00e9 n\u00e1klady spojen\u00e9 s n\u00edm dle kupn\u00ed smlouvy m\u016f\u017ee kupuj\u00edc\u00ed uhradit n\u00e1sleduj\u00edc\u00edmi zp\u016fsoby:<\/p><ul><li>bezhotovostn\u011b platebn\u00ed kartou p\u0159es platebn\u00ed br\u00e1nu<\/li><\/ul><p>2. V p\u0159\u00edpad\u011b platby prost\u0159ednictv\u00edm platebn\u00ed br\u00e1ny postupuje kupuj\u00edc\u00ed podle pokyn\u016f p\u0159\u00edslu\u0161n\u00e9ho poskytovatele elektronick\u00fdch plateb.<\/p><p>3. V p\u0159\u00edpad\u011b bezhotovostn\u00ed platby je z\u00e1vazek kupuj\u00edc\u00edho uhradit kupn\u00ed cenu spln\u011bn okam\u017eikem p\u0159ips\u00e1n\u00ed p\u0159\u00edslu\u0161n\u00e9 \u010d\u00e1stky na bankovn\u00ed \u00fa\u010det prod\u00e1vaj\u00edc\u00edho.<\/p><h2><strong>V. Odstoupen\u00ed od smlouvy &#8211; storno<\/strong><\/h2><p>1. Kupuj\u00edc\u00ed je opr\u00e1vn\u011bn zru\u0161it \u00fa\u010dast na \u0161kolen\u00ed, a to ozn\u00e1men\u00edm na emailovou adresu prod\u00e1vaj\u00edc\u00edho uvedenou v t\u011bchto podm\u00ednk\u00e1ch, prod\u00e1vaj\u00edc\u00ed kupuj\u00edc\u00edmu zru\u0161en\u00ed, je-li v souladu s t\u011bmito podm\u00ednkami, potvrd\u00ed.<\/p><p>2. V p\u0159\u00edpad\u011b zru\u0161en\u00ed \u0161kolen\u00ed v\u00edce ne\u017e 60 dn\u016f p\u0159ed kon\u00e1n\u00edm \u0161kolen\u00ed, vr\u00e1t\u00ed prod\u00e1vaj\u00edc\u00ed kupuj\u00edc\u00edmu cenu \u0161kolen\u00ed v pln\u00e9 v\u00fd\u0161i pon\u00ed\u017eenou o administrativn\u00ed poplatek ve v\u00fd\u0161i 1000 K\u010d (v p\u0159\u00edpad\u011b platby za \u0161kolen\u00ed v EUR ve v\u00fd\u0161i 50 EUR). Kupuj\u00edc\u00ed je opr\u00e1vn\u011bn m\u00edsto zru\u0161en\u00ed \u00fa\u010dasti na \u0161kolen\u00ed p\u0159ev\u00e9st \u0161kolen\u00ed na jinou osobu, a to za administrativn\u00ed poplatek ve v\u00fd\u0161i 1000 K\u010d (v p\u0159\u00edpad\u011b platby za \u0161kolen\u00ed v EUR pak ve v\u00fd\u0161i 50 EUR), kdy tento uhrad\u00ed bankovn\u00edm p\u0159evodem na z\u00e1klad\u011b vystaven\u00e9 a emailem zaslan\u00e9 faktury.<\/p><p>3. V p\u0159\u00edpad\u011b zru\u0161en\u00ed \u0161kolen\u00ed 60 a\u017e 30 dn\u016f p\u0159ed kon\u00e1n\u00edm \u0161kolen\u00ed, vr\u00e1t\u00ed prod\u00e1vaj\u00edc\u00ed kupuj\u00edc\u00edmu cenu \u0161kolen\u00ed pon\u00ed\u017eenou o 50%. Kupuj\u00edc\u00ed je opr\u00e1vn\u011bn m\u00edsto zru\u0161en\u00ed \u00fa\u010dasti na \u0161kolen\u00ed p\u0159ev\u00e9st \u0161kolen\u00ed na jinou osobu, a to za administrativn\u00ed poplatek ve v\u00fd\u0161i 1000 K\u010d (v p\u0159\u00edpad\u011b platby za \u0161kolen\u00ed v EUR pak ve v\u00fd\u0161i 50 EUR), kdy tento uhrad\u00ed bankovn\u00edm p\u0159evodem na z\u00e1klad\u011b vystaven\u00e9 a emailem zaslan\u00e9 faktury.<\/p><p>4. V p\u0159\u00edpad\u011b zru\u0161en\u00ed \u0161kolen\u00ed 30 a m\u00e9n\u011b dn\u00ed p\u0159ed kon\u00e1n\u00edm \u0161kolen\u00ed je cena za \u0161kolen\u00ed nevratn\u00e1. Kupuj\u00edc\u00ed je opr\u00e1vn\u011bn p\u0159ev\u00e9st \u0161kolen\u00ed na jinou osobu, a to za administrativn\u00ed poplatek ve v\u00fd\u0161i 1000 K\u010d (v p\u0159\u00edpad\u011b platby za \u0161kolen\u00ed v EUR pak ve v\u00fd\u0161i 50 EUR), kdy tento uhrad\u00ed bankovn\u00edm p\u0159evodem na z\u00e1klad\u011b vystaven\u00e9 a emailem zaslan\u00e9 faktury.\u00a0<\/p><p>5. Prod\u00e1vaj\u00edc\u00ed neodpov\u00edd\u00e1 za mimo\u0159\u00e1dn\u00e9 v\u00fddaje vznikl\u00e9 v d\u016fsledku jedn\u00e1n\u00ed \u010di nekon\u00e1n\u00ed t\u0159et\u00edch stran (nap\u0159. leteck\u00e9 spole\u010dnosti, ubytovac\u00edho za\u0159\u00edzen\u00ed, dopravce apod.). Kupuj\u00edc\u00ed nem\u00e1 \u017e\u00e1dn\u00e9 n\u00e1roky v p\u0159\u00edpadn\u011b pozdn\u00edho p\u0159\u00edjezdu nebo p\u0159ed\u010dasn\u00e9ho opu\u0161t\u011bn\u00ed \u0161kolen\u00ed.<\/p><p>6. Prod\u00e1vaj\u00edc\u00ed si vyhrazuje pr\u00e1vo zru\u0161it nebo zm\u011bnit datum kurzu. V takov\u00fdch p\u0159\u00edpadech budou ve\u0161ker\u00e9 uhrazen\u00e9 finan\u010dn\u00ed prost\u0159edky vr\u00e1ceny v pln\u00e9 v\u00fd\u0161i nebo na z\u00e1klad\u011b dohody s kupuj\u00edc\u00edm p\u0159evedeny na \u00fahradu budouc\u00edho \u0161kolen\u00ed. Kupuj\u00edc\u00ed nem\u00e1 v p\u0159\u00edpad\u011b zru\u0161en\u00ed \u010di zm\u011bny kurzu n\u00e1rok na \u00fahradu jak\u00fdchkoliv n\u00e1klad\u016f \u010di \u0161kod (nap\u0159. ji\u017e uhrazen\u00e9 ubytov\u00e1n\u00ed, dopravy, apod.).<\/p><h2><strong>VI. Osobn\u00ed \u00fadaje<\/strong><\/h2><p>1. V\u0161echny informace, kter\u00e9 p\u0159i na\u0161\u00ed spolupr\u00e1ci uvedete, jsou d\u016fv\u011brn\u00e9 a budeme s nimi tak zach\u00e1zet. Pokud n\u00e1m k tomu ned\u00e1te p\u00edsemn\u00e9 svolen\u00ed, \u00fadaje o v\u00e1s nebudeme jin\u00fdm zp\u016fsobem ne\u017e za \u00fa\u010delem pln\u011bn\u00ed ze smlouvy pou\u017e\u00edvat.<\/p><h2><strong>VII. Mimosoudn\u00ed \u0159e\u0161en\u00ed spor\u016f<\/strong><\/h2><p>1. K mimosoudn\u00edmu \u0159e\u0161en\u00ed spot\u0159ebitelsk\u00fdch spor\u016f z kupn\u00ed smlouvy je p\u0159\u00edslu\u0161n\u00e1 \u010cesk\u00e1 obchodn\u00ed inspekce, se s\u00eddlem \u0160t\u011bp\u00e1nsk\u00e1 567\/15, 120 00 Praha 2, I\u010c: 000 20 869, internetov\u00e1 adresa: https:\/\/adr.coi.cz\/cs. Platformu pro \u0159e\u0161en\u00ed spor\u016f on-line nach\u00e1zej\u00edc\u00ed se na internetov\u00e9 adrese http:\/\/ec.europa.eu\/consumers\/odr je mo\u017en\u00e9 vyu\u017e\u00edt p\u0159i \u0159e\u0161en\u00ed spor\u016f mezi prod\u00e1vaj\u00edc\u00edm a kupuj\u00edc\u00edm z kupn\u00ed smlouvy.<\/p><p>2. Evropsk\u00e9 spot\u0159ebitelsk\u00e9 centrum \u010cesk\u00e1 republika, se s\u00eddlem \u0160t\u011bp\u00e1nsk\u00e1 567\/15, 120 00 Praha 2, internetov\u00e1 adresa: http:\/\/www.evropskyspotrebitel.cz je kontaktn\u00edm m\u00edstem podle Na\u0159\u00edzen\u00ed Evropsk\u00e9ho parlamentu a Rady (EU) \u010d. 524\/2013 ze dne 21. kv\u011btna 2013 o \u0159e\u0161en\u00ed spot\u0159ebitelsk\u00fdch spor\u016f on-line a o zm\u011bn\u011b na\u0159\u00edzen\u00ed (ES) \u010d. 2006\/2004 a sm\u011brnice 2009\/22\/ES (na\u0159\u00edzen\u00ed o \u0159e\u0161en\u00ed spot\u0159ebitelsk\u00fdch spor\u016f on-line).<\/p><p>3. Prod\u00e1vaj\u00edc\u00ed je opr\u00e1vn\u011bn poskytovat vzd\u011bl\u00e1vac\u00ed \u010dinnost na z\u00e1klad\u011b \u017eivnostensk\u00e9ho opr\u00e1vn\u011bn\u00ed. \u017divnostenskou kontrolu prov\u00e1d\u00ed v r\u00e1mci sv\u00e9 p\u016fsobnosti p\u0159\u00edslu\u0161n\u00fd \u017eivnostensk\u00fd \u00fa\u0159ad. \u010cesk\u00e1 obchodn\u00ed inspekce vykon\u00e1v\u00e1 ve vymezen\u00e9m rozsahu mimo jin\u00e9 dozor nad dodr\u017eov\u00e1n\u00edm z\u00e1kona \u010d. 634\/1992 Sb., o ochran\u011b spot\u0159ebitele.<\/p><h2><strong>VIII. Z\u00e1v\u011bre\u010dn\u00e1 ustanoven\u00ed<\/strong><\/h2><p>1. Ve\u0161ker\u00e1 ujedn\u00e1n\u00ed mezi prod\u00e1vaj\u00edc\u00edm a kupuj\u00edc\u00edm se pr\u00e1vn\u00edm \u0159\u00e1dem \u010cesk\u00e9 republiky. Pokud vztah zalo\u017een\u00fd kupn\u00ed smlouvou obsahuje mezin\u00e1rodn\u00ed prvek, pak strany sjedn\u00e1vaj\u00ed, \u017ee vztah se \u0159\u00edd\u00ed pr\u00e1vem \u010cesk\u00e9 republiky. T\u00edmto nejsou dot\u010dena pr\u00e1va spot\u0159ebitele vypl\u00fdvaj\u00edc\u00ed z obecn\u011b z\u00e1vazn\u00fdch pr\u00e1vn\u00edch p\u0159edpis\u016f.<\/p><p>2. Prod\u00e1vaj\u00edc\u00ed nen\u00ed ve vztahu ke kupuj\u00edc\u00edmu v\u00e1z\u00e1n \u017e\u00e1dn\u00fdmi kodexy chov\u00e1n\u00ed ve smyslu ustanoven\u00ed \u00a7 1826 odst. 1 p\u00edsm. e) ob\u010dansk\u00e9ho z\u00e1kon\u00edku.<\/p><p>3. V\u0161echna pr\u00e1va k webov\u00fdm str\u00e1nk\u00e1m prod\u00e1vaj\u00edc\u00edho, zejm\u00e9na autorsk\u00e1 pr\u00e1va k obsahu, v\u010detn\u011b rozvr\u017een\u00ed str\u00e1nky, fotek, film\u016f, grafik, ochrann\u00fdch zn\u00e1mek, loga a dal\u0161\u00edho obsahu a prvk\u016f, n\u00e1le\u017e\u00ed prod\u00e1vaj\u00edc\u00edmu. Je zak\u00e1z\u00e1no kop\u00edrovat, upravovat nebo jinak pou\u017e\u00edvat webov\u00e9 str\u00e1nky nebo jejich \u010d\u00e1st bez souhlasu prod\u00e1vaj\u00edc\u00edho.<\/p><p>4. Prod\u00e1vaj\u00edc\u00ed nenese odpov\u011bdnost za chyby vznikl\u00e9 v d\u016fsledku z\u00e1sah\u016f t\u0159et\u00edch osob do internetov\u00e9ho obchodu nebo v d\u016fsledku jeho u\u017eit\u00ed v rozporu s jeho ur\u010den\u00edm. Kupuj\u00edc\u00ed nesm\u00ed p\u0159i vyu\u017e\u00edv\u00e1n\u00ed webu prod\u00e1vaj\u00edc\u00edho pou\u017e\u00edvat postupy, kter\u00e9 by mohly m\u00edt negativn\u00ed vliv na jeho provoz a nesm\u00ed vykon\u00e1vat \u017e\u00e1dnou \u010dinnost, kter\u00e1 by mohla jemu nebo t\u0159et\u00edm osob\u00e1m umo\u017enit neopr\u00e1vn\u011bn\u011b zasahovat \u010di neopr\u00e1vn\u011bn\u011b u\u017e\u00edt programov\u00e9 vybaven\u00ed nebo dal\u0161\u00ed sou\u010d\u00e1sti tvo\u0159\u00edc\u00ed internetov\u00fd obchod a u\u017e\u00edvat internetov\u00fd obchod nebo jeho \u010d\u00e1sti \u010di softwarov\u00e9 vybaven\u00ed takov\u00fdm zp\u016fsobem, kter\u00fd by byl v rozporu s jeho ur\u010den\u00edm \u010di \u00fa\u010delem.<\/p><p>5. Kupuj\u00edc\u00ed t\u00edmto p\u0159eb\u00edr\u00e1 na sebe nebezpe\u010d\u00ed zm\u011bny okolnost\u00ed ve smyslu \u00a7 1765 odst. 2 ob\u010dansk\u00e9ho z\u00e1kon\u00edku.<\/p><p>6. Kupn\u00ed smlouva v\u010detn\u011b obchodn\u00edch podm\u00ednek je archivov\u00e1na prod\u00e1vaj\u00edc\u00edm v elektronick\u00e9 podob\u011b a nen\u00ed p\u0159\u00edstupn\u00e1.<\/p><p><strong>Tyto obchodn\u00ed podm\u00ednky nab\u00fdvaj\u00ed \u00fa\u010dinnosti dnem 29.07.2024.<\/strong><\/p>\t\t\t\t\t\t\t\t<\/div>\n\t\t\t\t<\/div>\n\t\t\t\t<\/div>\n\t\t\t\t<\/div>\n\t\t","protected":false},"excerpt":{"rendered":"<p>OBCHODN\u00cd PODM\u00cdNKY I. Z\u00e1kladn\u00ed ustanoven\u00ed 1. Tyto v\u0161eobecn\u00e9 obchodn\u00ed podm\u00ednky (d\u00e1le jen \u201eobchodn\u00ed podm\u00ednky\u201c) jsou vydan\u00e9 dle \u00a7 1751 a n\u00e1sl. z\u00e1kona \u010d. 89\/2012 Sb., ob\u010dansk\u00fd z\u00e1kon\u00edk (d\u00e1le jen \u201eob\u010dansk\u00fd z\u00e1kon\u00edk\u201c) Flixo partners s.r.o. I\u010c: 07972628 DI\u010c: CZ07972628 adresa s\u00eddla a adresa pro zas\u00edl\u00e1n\u00ed st\u00ed\u017enost\u00ed: Staropramenn\u00e1 397\/4, Praha 5, 15000 zapsan\u00e9 u M\u011bstsk\u00e9ho soudu v [&hellip;]<\/p>\n","protected":false},"author":2,"featured_media":0,"parent":0,"menu_order":0,"comment_status":"closed","ping_status":"closed","template":"","meta":{"_acf_changed":false,"footnotes":""},"class_list":["post-20","page","type-page","status-publish","hentry"],"acf":[],"yoast_head":"<!-- This site is optimized with the Yoast SEO plugin v27.5 - https:\/\/yoast.com\/product\/yoast-seo-wordpress\/ -->\n<title>V\u0161eobecn\u00e9 obchodn\u00ed podm\u00ednky - Terauchi Prague<\/title>\n<meta name=\"robots\" content=\"index, follow, max-snippet:-1, max-image-preview:large, max-video-preview:-1\" \/>\n<link rel=\"canonical\" href=\"https:\/\/terauchi-prague.com\/cs\/vseobecne-obchodni-podminky\" \/>\n<meta property=\"og:locale\" content=\"cs_CZ\" \/>\n<meta property=\"og:type\" content=\"article\" \/>\n<meta property=\"og:title\" content=\"V\u0161eobecn\u00e9 obchodn\u00ed podm\u00ednky - Terauchi Prague\" \/>\n<meta property=\"og:description\" content=\"OBCHODN\u00cd PODM\u00cdNKY I. Z\u00e1kladn\u00ed ustanoven\u00ed 1. Tyto v\u0161eobecn\u00e9 obchodn\u00ed podm\u00ednky (d\u00e1le jen \u201eobchodn\u00ed podm\u00ednky\u201c) jsou vydan\u00e9 dle \u00a7 1751 a n\u00e1sl. z\u00e1kona \u010d. 89\/2012 Sb., ob\u010dansk\u00fd z\u00e1kon\u00edk (d\u00e1le jen \u201eob\u010dansk\u00fd z\u00e1kon\u00edk\u201c) Flixo partners s.r.o. I\u010c: 07972628 DI\u010c: CZ07972628 adresa s\u00eddla a adresa pro zas\u00edl\u00e1n\u00ed st\u00ed\u017enost\u00ed: Staropramenn\u00e1 397\/4, Praha 5, 15000 zapsan\u00e9 u M\u011bstsk\u00e9ho soudu v [&hellip;]\" \/>\n<meta property=\"og:url\" content=\"https:\/\/terauchi-prague.com\/cs\/vseobecne-obchodni-podminky\" \/>\n<meta property=\"og:site_name\" content=\"Terauchi Prague\" \/>\n<meta property=\"article:modified_time\" content=\"2024-08-02T10:57:20+00:00\" \/>\n<meta name=\"twitter:card\" content=\"summary_large_image\" \/>\n<meta name=\"twitter:label1\" content=\"Odhadovan\u00e1 doba \u010dten\u00ed\" \/>\n\t<meta name=\"twitter:data1\" content=\"8 minut\" \/>\n<script type=\"application\/ld+json\" class=\"yoast-schema-graph\">{\"@context\":\"https:\\\/\\\/schema.org\",\"@graph\":[{\"@type\":\"WebPage\",\"@id\":\"https:\\\/\\\/terauchi-prague.com\\\/cs\\\/vseobecne-obchodni-podminky\",\"url\":\"https:\\\/\\\/terauchi-prague.com\\\/cs\\\/vseobecne-obchodni-podminky\",\"name\":\"V\u0161eobecn\u00e9 obchodn\u00ed podm\u00ednky - Terauchi Prague\",\"isPartOf\":{\"@id\":\"https:\\\/\\\/terauchi-prague.com\\\/#website\"},\"datePublished\":\"2024-07-31T11:34:52+00:00\",\"dateModified\":\"2024-08-02T10:57:20+00:00\",\"breadcrumb\":{\"@id\":\"https:\\\/\\\/terauchi-prague.com\\\/cs\\\/vseobecne-obchodni-podminky#breadcrumb\"},\"inLanguage\":\"cs\",\"potentialAction\":[{\"@type\":\"ReadAction\",\"target\":[\"https:\\\/\\\/terauchi-prague.com\\\/cs\\\/vseobecne-obchodni-podminky\"]}]},{\"@type\":\"BreadcrumbList\",\"@id\":\"https:\\\/\\\/terauchi-prague.com\\\/cs\\\/vseobecne-obchodni-podminky#breadcrumb\",\"itemListElement\":[{\"@type\":\"ListItem\",\"position\":1,\"name\":\"Dom\u016f\",\"item\":\"https:\\\/\\\/terauchi-prague.com\\\/cs\"},{\"@type\":\"ListItem\",\"position\":2,\"name\":\"V\u0161eobecn\u00e9 obchodn\u00ed podm\u00ednky\"}]},{\"@type\":\"WebSite\",\"@id\":\"https:\\\/\\\/terauchi-prague.com\\\/#website\",\"url\":\"https:\\\/\\\/terauchi-prague.com\\\/\",\"name\":\"Terauchi Prague\",\"description\":\"\",\"publisher\":{\"@id\":\"https:\\\/\\\/terauchi-prague.com\\\/#organization\"},\"potentialAction\":[{\"@type\":\"SearchAction\",\"target\":{\"@type\":\"EntryPoint\",\"urlTemplate\":\"https:\\\/\\\/terauchi-prague.com\\\/?s={search_term_string}\"},\"query-input\":{\"@type\":\"PropertyValueSpecification\",\"valueRequired\":true,\"valueName\":\"search_term_string\"}}],\"inLanguage\":\"cs\"},{\"@type\":\"Organization\",\"@id\":\"https:\\\/\\\/terauchi-prague.com\\\/#organization\",\"name\":\"Terauchi Prague\",\"url\":\"https:\\\/\\\/terauchi-prague.com\\\/\",\"logo\":{\"@type\":\"ImageObject\",\"inLanguage\":\"cs\",\"@id\":\"https:\\\/\\\/terauchi-prague.com\\\/#\\\/schema\\\/logo\\\/image\\\/\",\"url\":\"https:\\\/\\\/terauchi-prague.com\\\/wp-content\\\/uploads\\\/2024\\\/07\\\/LOGO.svg\",\"contentUrl\":\"https:\\\/\\\/terauchi-prague.com\\\/wp-content\\\/uploads\\\/2024\\\/07\\\/LOGO.svg\",\"width\":80,\"height\":80,\"caption\":\"Terauchi Prague\"},\"image\":{\"@id\":\"https:\\\/\\\/terauchi-prague.com\\\/#\\\/schema\\\/logo\\\/image\\\/\"}}]}<\/script>\n<!-- \/ Yoast SEO plugin. -->","yoast_head_json":{"title":"V\u0161eobecn\u00e9 obchodn\u00ed podm\u00ednky - Terauchi Prague","robots":{"index":"index","follow":"follow","max-snippet":"max-snippet:-1","max-image-preview":"max-image-preview:large","max-video-preview":"max-video-preview:-1"},"canonical":"https:\/\/terauchi-prague.com\/cs\/vseobecne-obchodni-podminky","og_locale":"cs_CZ","og_type":"article","og_title":"V\u0161eobecn\u00e9 obchodn\u00ed podm\u00ednky - Terauchi Prague","og_description":"OBCHODN\u00cd PODM\u00cdNKY I. Z\u00e1kladn\u00ed ustanoven\u00ed 1. Tyto v\u0161eobecn\u00e9 obchodn\u00ed podm\u00ednky (d\u00e1le jen \u201eobchodn\u00ed podm\u00ednky\u201c) jsou vydan\u00e9 dle \u00a7 1751 a n\u00e1sl. z\u00e1kona \u010d. 89\/2012 Sb., ob\u010dansk\u00fd z\u00e1kon\u00edk (d\u00e1le jen \u201eob\u010dansk\u00fd z\u00e1kon\u00edk\u201c) Flixo partners s.r.o. I\u010c: 07972628 DI\u010c: CZ07972628 adresa s\u00eddla a adresa pro zas\u00edl\u00e1n\u00ed st\u00ed\u017enost\u00ed: Staropramenn\u00e1 397\/4, Praha 5, 15000 zapsan\u00e9 u M\u011bstsk\u00e9ho soudu v [&hellip;]","og_url":"https:\/\/terauchi-prague.com\/cs\/vseobecne-obchodni-podminky","og_site_name":"Terauchi Prague","article_modified_time":"2024-08-02T10:57:20+00:00","twitter_card":"summary_large_image","twitter_misc":{"Odhadovan\u00e1 doba \u010dten\u00ed":"8 minut"},"schema":{"@context":"https:\/\/schema.org","@graph":[{"@type":"WebPage","@id":"https:\/\/terauchi-prague.com\/cs\/vseobecne-obchodni-podminky","url":"https:\/\/terauchi-prague.com\/cs\/vseobecne-obchodni-podminky","name":"V\u0161eobecn\u00e9 obchodn\u00ed podm\u00ednky - Terauchi Prague","isPartOf":{"@id":"https:\/\/terauchi-prague.com\/#website"},"datePublished":"2024-07-31T11:34:52+00:00","dateModified":"2024-08-02T10:57:20+00:00","breadcrumb":{"@id":"https:\/\/terauchi-prague.com\/cs\/vseobecne-obchodni-podminky#breadcrumb"},"inLanguage":"cs","potentialAction":[{"@type":"ReadAction","target":["https:\/\/terauchi-prague.com\/cs\/vseobecne-obchodni-podminky"]}]},{"@type":"BreadcrumbList","@id":"https:\/\/terauchi-prague.com\/cs\/vseobecne-obchodni-podminky#breadcrumb","itemListElement":[{"@type":"ListItem","position":1,"name":"Dom\u016f","item":"https:\/\/terauchi-prague.com\/cs"},{"@type":"ListItem","position":2,"name":"V\u0161eobecn\u00e9 obchodn\u00ed podm\u00ednky"}]},{"@type":"WebSite","@id":"https:\/\/terauchi-prague.com\/#website","url":"https:\/\/terauchi-prague.com\/","name":"Terauchi Prague","description":"","publisher":{"@id":"https:\/\/terauchi-prague.com\/#organization"},"potentialAction":[{"@type":"SearchAction","target":{"@type":"EntryPoint","urlTemplate":"https:\/\/terauchi-prague.com\/?s={search_term_string}"},"query-input":{"@type":"PropertyValueSpecification","valueRequired":true,"valueName":"search_term_string"}}],"inLanguage":"cs"},{"@type":"Organization","@id":"https:\/\/terauchi-prague.com\/#organization","name":"Terauchi Prague","url":"https:\/\/terauchi-prague.com\/","logo":{"@type":"ImageObject","inLanguage":"cs","@id":"https:\/\/terauchi-prague.com\/#\/schema\/logo\/image\/","url":"https:\/\/terauchi-prague.com\/wp-content\/uploads\/2024\/07\/LOGO.svg","contentUrl":"https:\/\/terauchi-prague.com\/wp-content\/uploads\/2024\/07\/LOGO.svg","width":80,"height":80,"caption":"Terauchi Prague"},"image":{"@id":"https:\/\/terauchi-prague.com\/#\/schema\/logo\/image\/"}}]}},"_links":{"self":[{"href":"https:\/\/terauchi-prague.com\/cs\/wp-json\/wp\/v2\/pages\/20","targetHints":{"allow":["GET"]}}],"collection":[{"href":"https:\/\/terauchi-prague.com\/cs\/wp-json\/wp\/v2\/pages"}],"about":[{"href":"https:\/\/terauchi-prague.com\/cs\/wp-json\/wp\/v2\/types\/page"}],"author":[{"embeddable":true,"href":"https:\/\/terauchi-prague.com\/cs\/wp-json\/wp\/v2\/users\/2"}],"replies":[{"embeddable":true,"href":"https:\/\/terauchi-prague.com\/cs\/wp-json\/wp\/v2\/comments?post=20"}],"version-history":[{"count":0,"href":"https:\/\/terauchi-prague.com\/cs\/wp-json\/wp\/v2\/pages\/20\/revisions"}],"wp:attachment":[{"href":"https:\/\/terauchi-prague.com\/cs\/wp-json\/wp\/v2\/media?parent=20"}],"curies":[{"name":"wp","href":"https:\/\/api.w.org\/{rel}","templated":true}]}}