{"id":19,"date":"2024-07-18T19:12:15","date_gmt":"2024-07-18T17:12:15","guid":{"rendered":"https:\/\/terauchi.wavedigital.cz\/muj-ucet\/"},"modified":"2024-08-30T18:41:57","modified_gmt":"2024-08-30T16:41:57","slug":"muj-ucet","status":"publish","type":"page","link":"https:\/\/terauchi-prague.com\/cs\/muj-ucet","title":{"rendered":"M\u016fj \u00fa\u010det"},"content":{"rendered":"\t\t<div data-elementor-type=\"wp-page\" data-elementor-id=\"19\" class=\"elementor elementor-19\" data-elementor-post-type=\"page\">\n\t\t\t\t<div class=\"elementor-element elementor-element-318f24fa e-flex e-con-boxed e-con e-parent\" data-id=\"318f24fa\" data-element_type=\"container\" data-e-type=\"container\">\n\t\t\t\t\t<div class=\"e-con-inner\">\n\t\t\t\t<div class=\"elementor-element elementor-element-c6bd1bb elementor-widget elementor-widget-heading\" data-id=\"c6bd1bb\" data-element_type=\"widget\" data-e-type=\"widget\" data-widget_type=\"heading.default\">\n\t\t\t\t<div class=\"elementor-widget-container\">\n\t\t\t\t\t<h2 class=\"elementor-heading-title elementor-size-default\">M\u016fj \u00fa\u010det<\/h2>\t\t\t\t<\/div>\n\t\t\t\t<\/div>\n\t\t\t\t<div class=\"elementor-element elementor-element-bdbb786 e-my-account-tabs-vertical elementor-widget elementor-widget-woocommerce-my-account\" data-id=\"bdbb786\" data-element_type=\"widget\" data-e-type=\"widget\" data-widget_type=\"woocommerce-my-account.default\">\n\t\t\t\t<div class=\"elementor-widget-container\">\n\t\t\t\t\t<div class=\"e-my-account-tab e-my-account-tab__ \">\t\t\t<div class=\"woocommerce\"><\/div>\t\t<\/div>\n\t\t\t\t\t\t<\/div>\n\t\t\t\t<\/div>\n\t\t\t\t\t<\/div>\n\t\t\t\t<\/div>\n\t\t\t\t<\/div>\n\t\t","protected":false},"excerpt":{"rendered":"<p>N\u00e1st\u011bnka Objedn\u00e1vky Adresy Payment methods Detaily \u00fa\u010dtu Odhl\u00e1sit se Hello Younghee park (not Younghee park? Log out) From your account dashboard you can view your recent orders, manage your shipping and billing addresses, and edit your password and account details.<\/p>\n","protected":false},"author":2,"featured_media":0,"parent":0,"menu_order":0,"comment_status":"closed","ping_status":"closed","template":"","meta":{"_acf_changed":false,"footnotes":""},"class_list":["post-19","page","type-page","status-publish","hentry"],"acf":[],"yoast_head":"<!-- This site is optimized with the Yoast SEO plugin v27.5 - https:\/\/yoast.com\/product\/yoast-seo-wordpress\/ -->\n<title>M\u016fj \u00fa\u010det - Terauchi Prague<\/title>\n<meta name=\"robots\" content=\"index, follow, max-snippet:-1, max-image-preview:large, max-video-preview:-1\" \/>\n<link rel=\"canonical\" href=\"https:\/\/terauchi-prague.com\/cs\/muj-ucet\" \/>\n<meta property=\"og:locale\" content=\"cs_CZ\" \/>\n<meta property=\"og:type\" content=\"article\" \/>\n<meta property=\"og:title\" content=\"M\u016fj \u00fa\u010det - Terauchi Prague\" \/>\n<meta property=\"og:description\" content=\"N\u00e1st\u011bnka Objedn\u00e1vky Adresy Payment methods Detaily \u00fa\u010dtu Odhl\u00e1sit se Hello Younghee park (not Younghee park? Log out) From your account dashboard you can view your recent orders, manage your shipping and billing addresses, and edit your password and account details.\" \/>\n<meta property=\"og:url\" content=\"https:\/\/terauchi-prague.com\/cs\/muj-ucet\" \/>\n<meta property=\"og:site_name\" content=\"Terauchi Prague\" \/>\n<meta property=\"article:modified_time\" content=\"2024-08-30T16:41:57+00:00\" \/>\n<meta name=\"twitter:card\" content=\"summary_large_image\" \/>\n<meta name=\"twitter:label1\" content=\"Odhadovan\u00e1 doba \u010dten\u00ed\" \/>\n\t<meta name=\"twitter:data1\" content=\"2 minuty\" \/>\n<script type=\"application\/ld+json\" class=\"yoast-schema-graph\">{\"@context\":\"https:\\\/\\\/schema.org\",\"@graph\":[{\"@type\":\"WebPage\",\"@id\":\"https:\\\/\\\/terauchi-prague.com\\\/cs\\\/muj-ucet\",\"url\":\"https:\\\/\\\/terauchi-prague.com\\\/cs\\\/muj-ucet\",\"name\":\"M\u016fj \u00fa\u010det - Terauchi Prague\",\"isPartOf\":{\"@id\":\"https:\\\/\\\/terauchi-prague.com\\\/#website\"},\"datePublished\":\"2024-07-18T17:12:15+00:00\",\"dateModified\":\"2024-08-30T16:41:57+00:00\",\"breadcrumb\":{\"@id\":\"https:\\\/\\\/terauchi-prague.com\\\/cs\\\/muj-ucet#breadcrumb\"},\"inLanguage\":\"cs\",\"potentialAction\":[{\"@type\":\"ReadAction\",\"target\":[\"https:\\\/\\\/terauchi-prague.com\\\/cs\\\/muj-ucet\"]}]},{\"@type\":\"BreadcrumbList\",\"@id\":\"https:\\\/\\\/terauchi-prague.com\\\/cs\\\/muj-ucet#breadcrumb\",\"itemListElement\":[{\"@type\":\"ListItem\",\"position\":1,\"name\":\"Dom\u016f\",\"item\":\"https:\\\/\\\/terauchi-prague.com\\\/cs\"},{\"@type\":\"ListItem\",\"position\":2,\"name\":\"M\u016fj \u00fa\u010det\"}]},{\"@type\":\"WebSite\",\"@id\":\"https:\\\/\\\/terauchi-prague.com\\\/#website\",\"url\":\"https:\\\/\\\/terauchi-prague.com\\\/\",\"name\":\"Terauchi Prague\",\"description\":\"\",\"publisher\":{\"@id\":\"https:\\\/\\\/terauchi-prague.com\\\/#organization\"},\"potentialAction\":[{\"@type\":\"SearchAction\",\"target\":{\"@type\":\"EntryPoint\",\"urlTemplate\":\"https:\\\/\\\/terauchi-prague.com\\\/?s={search_term_string}\"},\"query-input\":{\"@type\":\"PropertyValueSpecification\",\"valueRequired\":true,\"valueName\":\"search_term_string\"}}],\"inLanguage\":\"cs\"},{\"@type\":\"Organization\",\"@id\":\"https:\\\/\\\/terauchi-prague.com\\\/#organization\",\"name\":\"Terauchi Prague\",\"url\":\"https:\\\/\\\/terauchi-prague.com\\\/\",\"logo\":{\"@type\":\"ImageObject\",\"inLanguage\":\"cs\",\"@id\":\"https:\\\/\\\/terauchi-prague.com\\\/#\\\/schema\\\/logo\\\/image\\\/\",\"url\":\"https:\\\/\\\/terauchi-prague.com\\\/wp-content\\\/uploads\\\/2024\\\/07\\\/LOGO.svg\",\"contentUrl\":\"https:\\\/\\\/terauchi-prague.com\\\/wp-content\\\/uploads\\\/2024\\\/07\\\/LOGO.svg\",\"width\":80,\"height\":80,\"caption\":\"Terauchi Prague\"},\"image\":{\"@id\":\"https:\\\/\\\/terauchi-prague.com\\\/#\\\/schema\\\/logo\\\/image\\\/\"}}]}<\/script>\n<!-- \/ Yoast SEO plugin. -->","yoast_head_json":{"title":"M\u016fj \u00fa\u010det - Terauchi Prague","robots":{"index":"index","follow":"follow","max-snippet":"max-snippet:-1","max-image-preview":"max-image-preview:large","max-video-preview":"max-video-preview:-1"},"canonical":"https:\/\/terauchi-prague.com\/cs\/muj-ucet","og_locale":"cs_CZ","og_type":"article","og_title":"M\u016fj \u00fa\u010det - Terauchi Prague","og_description":"N\u00e1st\u011bnka Objedn\u00e1vky Adresy Payment methods Detaily \u00fa\u010dtu Odhl\u00e1sit se Hello Younghee park (not Younghee park? Log out) From your account dashboard you can view your recent orders, manage your shipping and billing addresses, and edit your password and account details.","og_url":"https:\/\/terauchi-prague.com\/cs\/muj-ucet","og_site_name":"Terauchi Prague","article_modified_time":"2024-08-30T16:41:57+00:00","twitter_card":"summary_large_image","twitter_misc":{"Odhadovan\u00e1 doba \u010dten\u00ed":"2 minuty"},"schema":{"@context":"https:\/\/schema.org","@graph":[{"@type":"WebPage","@id":"https:\/\/terauchi-prague.com\/cs\/muj-ucet","url":"https:\/\/terauchi-prague.com\/cs\/muj-ucet","name":"M\u016fj \u00fa\u010det - Terauchi Prague","isPartOf":{"@id":"https:\/\/terauchi-prague.com\/#website"},"datePublished":"2024-07-18T17:12:15+00:00","dateModified":"2024-08-30T16:41:57+00:00","breadcrumb":{"@id":"https:\/\/terauchi-prague.com\/cs\/muj-ucet#breadcrumb"},"inLanguage":"cs","potentialAction":[{"@type":"ReadAction","target":["https:\/\/terauchi-prague.com\/cs\/muj-ucet"]}]},{"@type":"BreadcrumbList","@id":"https:\/\/terauchi-prague.com\/cs\/muj-ucet#breadcrumb","itemListElement":[{"@type":"ListItem","position":1,"name":"Dom\u016f","item":"https:\/\/terauchi-prague.com\/cs"},{"@type":"ListItem","position":2,"name":"M\u016fj \u00fa\u010det"}]},{"@type":"WebSite","@id":"https:\/\/terauchi-prague.com\/#website","url":"https:\/\/terauchi-prague.com\/","name":"Terauchi Prague","description":"","publisher":{"@id":"https:\/\/terauchi-prague.com\/#organization"},"potentialAction":[{"@type":"SearchAction","target":{"@type":"EntryPoint","urlTemplate":"https:\/\/terauchi-prague.com\/?s={search_term_string}"},"query-input":{"@type":"PropertyValueSpecification","valueRequired":true,"valueName":"search_term_string"}}],"inLanguage":"cs"},{"@type":"Organization","@id":"https:\/\/terauchi-prague.com\/#organization","name":"Terauchi Prague","url":"https:\/\/terauchi-prague.com\/","logo":{"@type":"ImageObject","inLanguage":"cs","@id":"https:\/\/terauchi-prague.com\/#\/schema\/logo\/image\/","url":"https:\/\/terauchi-prague.com\/wp-content\/uploads\/2024\/07\/LOGO.svg","contentUrl":"https:\/\/terauchi-prague.com\/wp-content\/uploads\/2024\/07\/LOGO.svg","width":80,"height":80,"caption":"Terauchi Prague"},"image":{"@id":"https:\/\/terauchi-prague.com\/#\/schema\/logo\/image\/"}}]}},"_links":{"self":[{"href":"https:\/\/terauchi-prague.com\/cs\/wp-json\/wp\/v2\/pages\/19","targetHints":{"allow":["GET"]}}],"collection":[{"href":"https:\/\/terauchi-prague.com\/cs\/wp-json\/wp\/v2\/pages"}],"about":[{"href":"https:\/\/terauchi-prague.com\/cs\/wp-json\/wp\/v2\/types\/page"}],"author":[{"embeddable":true,"href":"https:\/\/terauchi-prague.com\/cs\/wp-json\/wp\/v2\/users\/2"}],"replies":[{"embeddable":true,"href":"https:\/\/terauchi-prague.com\/cs\/wp-json\/wp\/v2\/comments?post=19"}],"version-history":[{"count":0,"href":"https:\/\/terauchi-prague.com\/cs\/wp-json\/wp\/v2\/pages\/19\/revisions"}],"wp:attachment":[{"href":"https:\/\/terauchi-prague.com\/cs\/wp-json\/wp\/v2\/media?parent=19"}],"curies":[{"name":"wp","href":"https:\/\/api.w.org\/{rel}","templated":true}]}}