{"id":1187,"date":"2024-08-02T14:14:39","date_gmt":"2024-08-02T12:14:39","guid":{"rendered":"https:\/\/terauchi.wavedigital.cz\/?page_id=1187"},"modified":"2024-11-27T16:21:06","modified_gmt":"2024-11-27T15:21:06","slug":"zasady-ochrany-osobnich-udaju","status":"publish","type":"page","link":"https:\/\/terauchi-prague.com\/cs\/zasady-ochrany-osobnich-udaju","title":{"rendered":"Z\u00e1sady ochrany osobn\u00edch \u00fadaj\u016f"},"content":{"rendered":"\t\t<div data-elementor-type=\"wp-page\" data-elementor-id=\"1187\" class=\"elementor elementor-1187\" data-elementor-post-type=\"page\">\n\t\t\t\t<div class=\"elementor-element elementor-element-fa4f9a1 section--hero e-flex e-con-boxed e-con e-parent\" data-id=\"fa4f9a1\" data-element_type=\"container\" data-e-type=\"container\">\n\t\t\t\t\t<div class=\"e-con-inner\">\n\t\t\t\t<div class=\"elementor-element elementor-element-7dd2bb42 elementor-widget elementor-widget-text-editor\" data-id=\"7dd2bb42\" data-element_type=\"widget\" data-e-type=\"widget\" data-widget_type=\"text-editor.default\">\n\t\t\t\t<div class=\"elementor-widget-container\">\n\t\t\t\t\t\t\t\t\t<h1><strong>Z\u00c1SADY OCHRANY OSOBN\u00cdCH \u00daDAJ\u016e<\/strong><\/h1><p>Spr\u00e1va webu www.terauchi-prague.com se zavazuje dodr\u017eovat z\u00e1sady ochrany Va\u0161ich osobn\u00edch \u00fadaj\u016f na Internetu. Klademe velk\u00fd d\u016fraz na ochranu poskytovan\u00fdch \u00fadaj\u016f. Na\u0161e z\u00e1sady ochrany osobn\u00edch \u00fadaj\u016f jsou zalo\u017eeny na ustanoven\u00edch V\u0161eobecn\u00fdch p\u0159edpis\u016f pro ochranu osobn\u00edch \u00fadaj\u016f Evropsk\u00e9 unie (GDPR). \u00da\u010dely, pro kter\u00e9 shroma\u017e\u010fujeme osobn\u00ed \u00fadaje, jsou tyto: zlep\u0161en\u00ed na\u0161ich slu\u017eeb, komunikace s n\u00e1v\u0161t\u011bvn\u00edky tohoto webu, e-mailov\u00fd zpravodaj, zpracov\u00e1n\u00ed u\u017eivatelsk\u00fdch dat pro online obchod, poskytov\u00e1n\u00ed informac\u00ed, po\u017eadovan\u00fdch u\u017eivatelem, poskytov\u00e1n\u00ed slu\u017eeb, souvisej\u00edc\u00edch se zam\u011b\u0159en\u00edm \u010dinnosti p\u0159edm\u011btn\u00e9 webov\u00e9 str\u00e1nky a tak\u00e9 pro n\u00e1sleduj\u00edc\u00ed \u00fakony.<\/p><h2>Shroma\u017e\u010fov\u00e1n\u00ed a pou\u017e\u00edv\u00e1n\u00ed osobn\u00edch \u00fadaj\u016f<\/h2><p>Osobn\u00ed \u00fadaje shroma\u017e\u010fujeme a pou\u017e\u00edv\u00e1me pouze v p\u0159\u00edpad\u011b va\u0161eho dobrovoln\u00e9ho souhlasu. Pokud s t\u00edm budete souhlasit, povolujete n\u00e1m shroma\u017e\u010fovat a pou\u017e\u00edvat n\u00e1sleduj\u00edc\u00ed \u00fadaje:<\/p><ul><li>jm\u00e9no a p\u0159\u00edjmen\u00ed<\/li><li>e-mail<\/li><li>telefonn\u00ed \u010d\u00edslo<\/li><li>dom\u00e1c\u00ed adresa<\/li><\/ul><p>Shroma\u017e\u010fov\u00e1n\u00ed a zpracov\u00e1n\u00ed Va\u0161ich \u00fadaj\u016f prob\u00edh\u00e1 v souladu s pr\u00e1vn\u00edmi p\u0159edpisy, platn\u00fdmi na \u00fazem\u00ed Evropsk\u00e9 unie a st\u00e1tu \u010cesk\u00e1 republika.<\/p><h2>Ukl\u00e1d\u00e1n\u00ed, \u00faprava a maz\u00e1n\u00ed dat<\/h2><p>U\u017eivatel, kter\u00fd poskytl sv\u00e9 osobn\u00ed \u00fadaje webov\u00fdm str\u00e1nk\u00e1m vanua2.com, m\u00e1 opr\u00e1vn\u011bn\u00ed nad\u00e1le je upravovat i mazat, stejn\u011b jako odvolat sv\u016fj souhlas s jejich pou\u017eit\u00edm. Doba, po kterou budou Va\u0161e osobn\u00ed \u00fadaje ulo\u017eeny: 12 m\u011bs\u00edc\u016f. V p\u0159\u00edpad\u011b ukon\u010den\u00ed pou\u017e\u00edv\u00e1n\u00ed Va\u0161ich \u00fadaj\u016f je spr\u00e1va webu odstran\u00ed. Pro p\u0159\u00edstup k Va\u0161im osobn\u00edm \u00fadaj\u016fm m\u016f\u017eete kontaktovat spr\u00e1vu webu na adrese: vanua2.com. Va\u0161e osobn\u00ed \u00fadaje m\u016f\u017eeme poskytnout t\u0159et\u00edm stran\u00e1m pouze s Va\u0161\u00edm dobrovoln\u00fdm souhlasem, pokud v\u0161ak u\u017e byly p\u0159evedeny, pak tyto \u00fadaje nem\u016f\u017eeme m\u011bnit, jsou-li u\u017e uveden\u00e9 u jin\u00fdch organizac\u00ed, kter\u00e9 s n\u00e1mi nesouvisej\u00ed.<\/p><h2><strong>Vyu\u017eit\u00ed technick\u00fdch \u00fadaj\u016f p\u0159i n\u00e1v\u0161t\u011bv\u011b webu <\/strong><\/h2><p>Kdy\u017e nav\u0161t\u00edv\u00edte web terauchi-prague.com, budou v datab\u00e1zi ulo\u017eeny z\u00e1znamy o Va\u0161\u00ed IP adrese, \u010dase n\u00e1v\u0161t\u011bvy, nastaven\u00ed prohl\u00ed\u017ee\u010de, opera\u010dn\u00edm syst\u00e9mu a dal\u0161\u00edch technick\u00fdch informac\u00edch, pot\u0159ebn\u00fdch pro spr\u00e1vn\u00e9 zobrazen\u00ed obsahu webu. Podle t\u011bchto \u00fadaj\u016f v\u0161ak identifikovat toto\u017enost n\u00e1v\u0161t\u011bvn\u00edka nem\u016f\u017eeme.<\/p><h2>Poskytov\u00e1n\u00ed informac\u00ed d\u011btmi<\/h2><p>Pokud jste rodi\u010dem, nebo opatrovn\u00edkem a zjistili jste, \u017ee Va\u0161e d\u011bti n\u00e1m poskytly sv\u00e9 osobn\u00ed \u00fadaje bez Va\u0161eho souhlasu, kontaktujte n\u00e1s: <span style=\"text-decoration: underline;\"><a href=\"mailto:info@terauchi-prague.com\">info@terauchi-prague.com<\/a>.<\/span> Na\u0161e slu\u017eba zakazuje ukl\u00e1dat osobn\u00ed \u00fadaje nezletil\u00fdch bez souhlasu rodi\u010d\u016f nebo opatrovn\u00edk\u016f.<\/p><h2>Vyu\u017e\u00edv\u00e1n\u00ed soubor\u016f cookies<\/h2><p>Pro spr\u00e1vn\u00e9 zobrazen\u00ed obsahu a pro usnadn\u011bn\u00ed pou\u017e\u00edv\u00e1n\u00ed str\u00e1nek terauchi-prague.com vyu\u017e\u00edv\u00e1me soubory cookies. Jedn\u00e1 se o mal\u00e9 soubory, ulo\u017een\u00e9 ve Va\u0161em za\u0159\u00edzen\u00ed. Tyto soubory pom\u00e1haj\u00ed webu zapamatovat si informace o V\u00e1s, nap\u0159\u00edklad v jak\u00e9m jazyce prohl\u00ed\u017e\u00edte str\u00e1nky a jak\u00e9 str\u00e1nky jste ji\u017e nav\u0161t\u00edvili, co\u017e jsou informace, kter\u00e9 budou pro Va\u0161i p\u0159\u00ed\u0161t\u00ed n\u00e1v\u0161t\u011bvu u\u017eite\u010dn\u00e9. D\u00edky soubor\u016fm cookies bude pro V\u00e1s prohl\u00ed\u017een\u00ed webu mnohem pohodln\u011bj\u0161\u00ed. V\u00edce si o t\u011bchto souborech m\u016f\u017eete p\u0159e\u010d\u00edst <span style=\"text-decoration: underline;\"><a href=\"\/zasady-pouziti-cookies\">zde<\/a><\/span>.<\/p><p>Prohl\u00ed\u017ee\u010d m\u016f\u017eete nastavit tak, aby p\u0159ij\u00edmal, nebo blokoval soubory cookie v prohl\u00ed\u017ee\u010di samostatn\u011b. Nemo\u017enost p\u0159ij\u00edmat soubory cookie v\u0161ak m\u016f\u017ee omezit v\u00fdkonnost webu.<\/p><h2>Zm\u011bny z\u00e1sad ochrany osobn\u00edch \u00fadaj\u016f<\/h2><p>Na\u0161e str\u00e1nky terauchi-prague.com mohou ob\u010das aktualizovat sv\u00e9 z\u00e1sady ochrany osobn\u00edch \u00fadaj\u016f. V\u0161echny zm\u011bny oznamujeme formou zve\u0159ej\u0148ov\u00e1n\u00ed nov\u00fdch z\u00e1sad ochrany osobn\u00edch \u00fadaj\u016f na t\u00e9to str\u00e1nce. Sledujeme zm\u011bny v legislativ\u011b, t\u00fdkaj\u00edc\u00ed se ochrany osobn\u00edch \u00fadaj\u016f v Evropsk\u00e9 unii a ve st\u00e1t\u011b \u010cesk\u00e1 republika. Pokud jste n\u00e1m sv\u011b\u0159ili sv\u00e9 osobn\u00ed \u00fadaje, upozorn\u00edme V\u00e1s na p\u0159\u00edpadnou zm\u011bnu z\u00e1sad ochrany osobn\u00edch \u00fadaj\u016f. Pokud byly Va\u0161e kontaktn\u00ed \u00fadaje zad\u00e1ny nespr\u00e1vn\u011b, pak V\u00e1s kontaktovat nem\u016f\u017eeme.<\/p><h2>Zp\u011btn\u00e1 vazba, z\u00e1v\u011bre\u010dn\u00e1 ustanoven\u00ed<\/h2><p>M\u00e1te-li jak\u00e9koliv dotazy, souvisej\u00edc\u00ed se z\u00e1sadami ochrany osobn\u00edch \u00fadaj\u016f, kontaktujte spr\u00e1vce webu vanua2.com, p\u0159es: vanua2.com, nebo vyu\u017eijte kontaktn\u00ed formul\u00e1\u0159, uveden\u00fd v p\u0159\u00edslu\u0161n\u00e9 \u010d\u00e1sti tohoto webu. Pokud s t\u011bmito z\u00e1sadami ochrany osobn\u00edch \u00fadaj\u016f nesouhlas\u00edte, nem\u016f\u017eete nad\u00e1le vyu\u017e\u00edvat slu\u017eby webu <a href=\"https:\/\/terauchi-prague.com\"><span style=\"text-decoration: underline;\">terauchi-prague.com<\/span><\/a>. V takov\u00e9m p\u0159\u00edpad\u011b se mus\u00edte vzd\u00e1t mo\u017enosti nav\u0161t\u011bvovat na\u0161e str\u00e1nky.<\/p>\t\t\t\t\t\t\t\t<\/div>\n\t\t\t\t<\/div>\n\t\t\t\t\t<\/div>\n\t\t\t\t<\/div>\n\t\t\t\t<\/div>\n\t\t","protected":false},"excerpt":{"rendered":"<p>Z\u00c1SADY OCHRANY OSOBN\u00cdCH \u00daDAJ\u016e Spr\u00e1va webu www.terauchi-prague.com se zavazuje dodr\u017eovat z\u00e1sady ochrany Va\u0161ich osobn\u00edch \u00fadaj\u016f na Internetu. Klademe velk\u00fd d\u016fraz na ochranu poskytovan\u00fdch \u00fadaj\u016f. Na\u0161e z\u00e1sady ochrany osobn\u00edch \u00fadaj\u016f jsou zalo\u017eeny na ustanoven\u00edch V\u0161eobecn\u00fdch p\u0159edpis\u016f pro ochranu osobn\u00edch \u00fadaj\u016f Evropsk\u00e9 unie (GDPR). \u00da\u010dely, pro kter\u00e9 shroma\u017e\u010fujeme osobn\u00ed \u00fadaje, jsou tyto: zlep\u0161en\u00ed na\u0161ich slu\u017eeb, komunikace s [&hellip;]<\/p>\n","protected":false},"author":2,"featured_media":0,"parent":0,"menu_order":0,"comment_status":"closed","ping_status":"closed","template":"","meta":{"_acf_changed":false,"footnotes":""},"class_list":["post-1187","page","type-page","status-publish","hentry"],"acf":[],"yoast_head":"<!-- This site is optimized with the Yoast SEO plugin v27.5 - https:\/\/yoast.com\/product\/yoast-seo-wordpress\/ -->\n<title>Z\u00e1sady ochrany osobn\u00edch \u00fadaj\u016f - Terauchi Prague<\/title>\n<meta name=\"robots\" content=\"index, follow, max-snippet:-1, max-image-preview:large, max-video-preview:-1\" \/>\n<link rel=\"canonical\" href=\"https:\/\/terauchi-prague.com\/cs\/zasady-ochrany-osobnich-udaju\" \/>\n<meta property=\"og:locale\" content=\"cs_CZ\" \/>\n<meta property=\"og:type\" content=\"article\" \/>\n<meta property=\"og:title\" content=\"Z\u00e1sady ochrany osobn\u00edch \u00fadaj\u016f - Terauchi Prague\" \/>\n<meta property=\"og:description\" content=\"Z\u00c1SADY OCHRANY OSOBN\u00cdCH \u00daDAJ\u016e Spr\u00e1va webu www.terauchi-prague.com se zavazuje dodr\u017eovat z\u00e1sady ochrany Va\u0161ich osobn\u00edch \u00fadaj\u016f na Internetu. Klademe velk\u00fd d\u016fraz na ochranu poskytovan\u00fdch \u00fadaj\u016f. Na\u0161e z\u00e1sady ochrany osobn\u00edch \u00fadaj\u016f jsou zalo\u017eeny na ustanoven\u00edch V\u0161eobecn\u00fdch p\u0159edpis\u016f pro ochranu osobn\u00edch \u00fadaj\u016f Evropsk\u00e9 unie (GDPR). \u00da\u010dely, pro kter\u00e9 shroma\u017e\u010fujeme osobn\u00ed \u00fadaje, jsou tyto: zlep\u0161en\u00ed na\u0161ich slu\u017eeb, komunikace s [&hellip;]\" \/>\n<meta property=\"og:url\" content=\"https:\/\/terauchi-prague.com\/cs\/zasady-ochrany-osobnich-udaju\" \/>\n<meta property=\"og:site_name\" content=\"Terauchi Prague\" \/>\n<meta property=\"article:modified_time\" content=\"2024-11-27T15:21:06+00:00\" \/>\n<meta name=\"twitter:card\" content=\"summary_large_image\" \/>\n<meta name=\"twitter:label1\" content=\"Odhadovan\u00e1 doba \u010dten\u00ed\" \/>\n\t<meta name=\"twitter:data1\" content=\"3 minuty\" \/>\n<script type=\"application\/ld+json\" class=\"yoast-schema-graph\">{\"@context\":\"https:\\\/\\\/schema.org\",\"@graph\":[{\"@type\":\"WebPage\",\"@id\":\"https:\\\/\\\/terauchi-prague.com\\\/cs\\\/zasady-ochrany-osobnich-udaju\",\"url\":\"https:\\\/\\\/terauchi-prague.com\\\/cs\\\/zasady-ochrany-osobnich-udaju\",\"name\":\"Z\u00e1sady ochrany osobn\u00edch \u00fadaj\u016f - Terauchi Prague\",\"isPartOf\":{\"@id\":\"https:\\\/\\\/terauchi-prague.com\\\/#website\"},\"datePublished\":\"2024-08-02T12:14:39+00:00\",\"dateModified\":\"2024-11-27T15:21:06+00:00\",\"breadcrumb\":{\"@id\":\"https:\\\/\\\/terauchi-prague.com\\\/cs\\\/zasady-ochrany-osobnich-udaju#breadcrumb\"},\"inLanguage\":\"cs\",\"potentialAction\":[{\"@type\":\"ReadAction\",\"target\":[\"https:\\\/\\\/terauchi-prague.com\\\/cs\\\/zasady-ochrany-osobnich-udaju\"]}]},{\"@type\":\"BreadcrumbList\",\"@id\":\"https:\\\/\\\/terauchi-prague.com\\\/cs\\\/zasady-ochrany-osobnich-udaju#breadcrumb\",\"itemListElement\":[{\"@type\":\"ListItem\",\"position\":1,\"name\":\"Dom\u016f\",\"item\":\"https:\\\/\\\/terauchi-prague.com\\\/cs\"},{\"@type\":\"ListItem\",\"position\":2,\"name\":\"Z\u00e1sady ochrany osobn\u00edch \u00fadaj\u016f\"}]},{\"@type\":\"WebSite\",\"@id\":\"https:\\\/\\\/terauchi-prague.com\\\/#website\",\"url\":\"https:\\\/\\\/terauchi-prague.com\\\/\",\"name\":\"Terauchi Prague\",\"description\":\"\",\"publisher\":{\"@id\":\"https:\\\/\\\/terauchi-prague.com\\\/#organization\"},\"potentialAction\":[{\"@type\":\"SearchAction\",\"target\":{\"@type\":\"EntryPoint\",\"urlTemplate\":\"https:\\\/\\\/terauchi-prague.com\\\/?s={search_term_string}\"},\"query-input\":{\"@type\":\"PropertyValueSpecification\",\"valueRequired\":true,\"valueName\":\"search_term_string\"}}],\"inLanguage\":\"cs\"},{\"@type\":\"Organization\",\"@id\":\"https:\\\/\\\/terauchi-prague.com\\\/#organization\",\"name\":\"Terauchi Prague\",\"url\":\"https:\\\/\\\/terauchi-prague.com\\\/\",\"logo\":{\"@type\":\"ImageObject\",\"inLanguage\":\"cs\",\"@id\":\"https:\\\/\\\/terauchi-prague.com\\\/#\\\/schema\\\/logo\\\/image\\\/\",\"url\":\"https:\\\/\\\/terauchi-prague.com\\\/wp-content\\\/uploads\\\/2024\\\/07\\\/LOGO.svg\",\"contentUrl\":\"https:\\\/\\\/terauchi-prague.com\\\/wp-content\\\/uploads\\\/2024\\\/07\\\/LOGO.svg\",\"width\":80,\"height\":80,\"caption\":\"Terauchi Prague\"},\"image\":{\"@id\":\"https:\\\/\\\/terauchi-prague.com\\\/#\\\/schema\\\/logo\\\/image\\\/\"}}]}<\/script>\n<!-- \/ Yoast SEO plugin. -->","yoast_head_json":{"title":"Z\u00e1sady ochrany osobn\u00edch \u00fadaj\u016f - Terauchi Prague","robots":{"index":"index","follow":"follow","max-snippet":"max-snippet:-1","max-image-preview":"max-image-preview:large","max-video-preview":"max-video-preview:-1"},"canonical":"https:\/\/terauchi-prague.com\/cs\/zasady-ochrany-osobnich-udaju","og_locale":"cs_CZ","og_type":"article","og_title":"Z\u00e1sady ochrany osobn\u00edch \u00fadaj\u016f - Terauchi Prague","og_description":"Z\u00c1SADY OCHRANY OSOBN\u00cdCH \u00daDAJ\u016e Spr\u00e1va webu www.terauchi-prague.com se zavazuje dodr\u017eovat z\u00e1sady ochrany Va\u0161ich osobn\u00edch \u00fadaj\u016f na Internetu. Klademe velk\u00fd d\u016fraz na ochranu poskytovan\u00fdch \u00fadaj\u016f. Na\u0161e z\u00e1sady ochrany osobn\u00edch \u00fadaj\u016f jsou zalo\u017eeny na ustanoven\u00edch V\u0161eobecn\u00fdch p\u0159edpis\u016f pro ochranu osobn\u00edch \u00fadaj\u016f Evropsk\u00e9 unie (GDPR). \u00da\u010dely, pro kter\u00e9 shroma\u017e\u010fujeme osobn\u00ed \u00fadaje, jsou tyto: zlep\u0161en\u00ed na\u0161ich slu\u017eeb, komunikace s [&hellip;]","og_url":"https:\/\/terauchi-prague.com\/cs\/zasady-ochrany-osobnich-udaju","og_site_name":"Terauchi Prague","article_modified_time":"2024-11-27T15:21:06+00:00","twitter_card":"summary_large_image","twitter_misc":{"Odhadovan\u00e1 doba \u010dten\u00ed":"3 minuty"},"schema":{"@context":"https:\/\/schema.org","@graph":[{"@type":"WebPage","@id":"https:\/\/terauchi-prague.com\/cs\/zasady-ochrany-osobnich-udaju","url":"https:\/\/terauchi-prague.com\/cs\/zasady-ochrany-osobnich-udaju","name":"Z\u00e1sady ochrany osobn\u00edch \u00fadaj\u016f - Terauchi Prague","isPartOf":{"@id":"https:\/\/terauchi-prague.com\/#website"},"datePublished":"2024-08-02T12:14:39+00:00","dateModified":"2024-11-27T15:21:06+00:00","breadcrumb":{"@id":"https:\/\/terauchi-prague.com\/cs\/zasady-ochrany-osobnich-udaju#breadcrumb"},"inLanguage":"cs","potentialAction":[{"@type":"ReadAction","target":["https:\/\/terauchi-prague.com\/cs\/zasady-ochrany-osobnich-udaju"]}]},{"@type":"BreadcrumbList","@id":"https:\/\/terauchi-prague.com\/cs\/zasady-ochrany-osobnich-udaju#breadcrumb","itemListElement":[{"@type":"ListItem","position":1,"name":"Dom\u016f","item":"https:\/\/terauchi-prague.com\/cs"},{"@type":"ListItem","position":2,"name":"Z\u00e1sady ochrany osobn\u00edch \u00fadaj\u016f"}]},{"@type":"WebSite","@id":"https:\/\/terauchi-prague.com\/#website","url":"https:\/\/terauchi-prague.com\/","name":"Terauchi Prague","description":"","publisher":{"@id":"https:\/\/terauchi-prague.com\/#organization"},"potentialAction":[{"@type":"SearchAction","target":{"@type":"EntryPoint","urlTemplate":"https:\/\/terauchi-prague.com\/?s={search_term_string}"},"query-input":{"@type":"PropertyValueSpecification","valueRequired":true,"valueName":"search_term_string"}}],"inLanguage":"cs"},{"@type":"Organization","@id":"https:\/\/terauchi-prague.com\/#organization","name":"Terauchi Prague","url":"https:\/\/terauchi-prague.com\/","logo":{"@type":"ImageObject","inLanguage":"cs","@id":"https:\/\/terauchi-prague.com\/#\/schema\/logo\/image\/","url":"https:\/\/terauchi-prague.com\/wp-content\/uploads\/2024\/07\/LOGO.svg","contentUrl":"https:\/\/terauchi-prague.com\/wp-content\/uploads\/2024\/07\/LOGO.svg","width":80,"height":80,"caption":"Terauchi Prague"},"image":{"@id":"https:\/\/terauchi-prague.com\/#\/schema\/logo\/image\/"}}]}},"_links":{"self":[{"href":"https:\/\/terauchi-prague.com\/cs\/wp-json\/wp\/v2\/pages\/1187","targetHints":{"allow":["GET"]}}],"collection":[{"href":"https:\/\/terauchi-prague.com\/cs\/wp-json\/wp\/v2\/pages"}],"about":[{"href":"https:\/\/terauchi-prague.com\/cs\/wp-json\/wp\/v2\/types\/page"}],"author":[{"embeddable":true,"href":"https:\/\/terauchi-prague.com\/cs\/wp-json\/wp\/v2\/users\/2"}],"replies":[{"embeddable":true,"href":"https:\/\/terauchi-prague.com\/cs\/wp-json\/wp\/v2\/comments?post=1187"}],"version-history":[{"count":0,"href":"https:\/\/terauchi-prague.com\/cs\/wp-json\/wp\/v2\/pages\/1187\/revisions"}],"wp:attachment":[{"href":"https:\/\/terauchi-prague.com\/cs\/wp-json\/wp\/v2\/media?parent=1187"}],"curies":[{"name":"wp","href":"https:\/\/api.w.org\/{rel}","templated":true}]}}